{"id":4051,"date":"2024-03-02T01:28:36","date_gmt":"2024-03-02T01:28:36","guid":{"rendered":"https:\/\/chocokhi.vn\/san-pham\/may-cua-vong-c-800-dmnc-40\/"},"modified":"2024-03-02T01:28:36","modified_gmt":"2024-03-02T01:28:36","slug":"may-cua-vong-c-800-dmnc-40","status":"publish","type":"product","link":"https:\/\/chocokhi.vn\/san-pham\/may-cua-vong-c-800-dmnc-40.html","title":{"rendered":"M\u00e1y c\u01b0a v\u00f2ng C- 800 DMNC"},"content":{"rendered":"<\/p>\n<div class=\"tab\">\n<p><span style=\"font-family:times new roman,times,serif\"><span style=\"font-size:16px\"><span style=\"line-height:1.7em\">M\u00e1y c\u01b0a v\u00f2ng t\u1ef1 \u0111\u1ed9ng C-800 DMNC \u0111\u01b0\u1ee3c c\u00e0i \u0111\u1eb7t t\u1ef1 \u0111\u1ed9ng 100 ch\u01b0\u01a1ng tr\u00ecnh v\u1edbi kh\u1ed1i l\u01b0\u1ee3ng v\u00e0 \u0111\u1ed9 d\u00e0i v\u1eadt li\u1ec7u c\u1eaft kh\u00e1c nhau. V\u1edbi kh\u1ea3 n\u0103ng t\u1ed1i \u01b0u th\u1eddi gian c\u1eaft v\u00e0 b\u1ed9 \u0111i\u1ec1u khi\u1ec3n ho\u00e0n to\u00e0n t\u1ef1 \u0111\u1ed9ng, C-800 DMNC c\u00f3 th\u1ec3 c\u1eaft \u0111\u01b0\u1ee3c h\u1ea7u h\u1ebft c\u00e1c lo\u1ea1i v\u1eadt li\u1ec7u: s\u1eaft, th\u00e9p, inox, g\u1ed7 v\u00e0 h\u1ea7u h\u1ebft c\u00e1c h\u00ecnh d\u1ea1ng v\u1eadt li\u1ec7u: Th\u00e9p \u0111\u1eb7c, th\u00e9p \u1ed1ng, Th\u00e9p h\u00ecnh.<\/span><\/span><\/span><\/p>\n<p>\u00a0<\/p>\n<p>\u00a0 \u00a0\u00a0<img loading=\"lazy\" decoding=\"async\" height=\"200\" src=\"https:\/\/chocokhi.vn\/wp-content\/uploads\/2024\/03\/se1baa2n20phe1baa8m20ce1baaet1.png\" width=\"884\" title=\"se1baa2n20phe1baa8m20ce1baaet1\"><\/p>\n<p>\u00a0<\/p>\n<p><span style=\"color:#FF0000\"><strong>TH\u00d4NG S\u1ed0 K\u1ef8 THU\u1eacT M\u00c1Y C\u01afA V\u00d2NG\u00a0<span style='font-family: \"times new roman\", times, serif;font-size: 16px'>C-800 DMNC\u00a0<\/span><\/strong><\/span><\/p>\n<p>\u00a0<\/p>\n<table border=\"0\" cellpadding=\"0\" cellspacing=\"0\" style=\"border-collapse:collapse;width:100%\" width=\"705\">\n<colgroup>\n<col style=\"width:251px\">\n<col style=\"width:191px\">\n<col style=\"width:125px\">\n<col style=\"width:139px\">\n\t<\/colgroup>\n<tbody>\n<tr style=\"height:38px\">\n<td align=\"left\" height=\"38\" style=\"height: 38px;width: 251px\"><span style=\"margin-right:0px;padding-bottom:0px;padding-top:0px\">Qui c\u00e1ch k\u1ef9 thu\u1eadt<\/span><\/td>\n<td colspan=\"3\" style=\"width: 455px\"><span style=\"margin-right:0px;padding-bottom:0px;padding-top:0px\">C \u2013 800 DMNC \/ CNC \u2013 800DM<\/span><\/td>\n<\/tr>\n<tr style=\"height:38px;margin-right:0px;padding-bottom:0px;padding-top:0px\">\n<td align=\"left\" height=\"38\" style=\"height: 38px;width: 251px\"><span style=\"margin-right:0px;padding-bottom:0px;padding-top:0px\">C\u00f4ng su\u1ea5t g\u00f3c<\/span><\/td>\n<td align=\"left\" style=\"width: 191px\"><span style=\"margin-right:0px;padding-bottom:0px;padding-top:0px\">0\u00ba<\/span><\/td>\n<td align=\"left\" style=\"width: 125px\"><span style=\"margin-right:0px;padding-bottom:0px;padding-top:0px\">\u00b145\u00ba<\/span><\/td>\n<td align=\"left\" style=\"width: 139px\"><span style=\"margin-right:0px;padding-bottom:0px;padding-top:0px\">-60\u00ba<\/span><\/td>\n<\/tr>\n<tr style=\"height:38px;margin-right:0px;padding-bottom:0px;padding-top:0px\">\n<td align=\"left\" height=\"38\" style=\"height: 38px;width: 251px;margin-right: 0px;padding-bottom: 0in;padding-top: 0in\"><span style=\"margin-right:0px;padding-bottom:0px;padding-top:0px\">Kh\u1ea3 n\u0103ng c\u1eaft tr\u00f2n<\/span><\/td>\n<td align=\"left\" style=\"width: 191px;margin-right: 0px;padding-bottom: 0in;padding-top: 0in\"><span style=\"margin-right:0px;padding-bottom:0px;padding-top:0px\">500mm(20\u201d)<\/span><\/td>\n<td align=\"left\" style=\"width: 125px;margin-right: 0px;padding-bottom: 0in;padding-top: 0in\"><span style=\"margin-right:0px;padding-bottom:0px;padding-top:0px\">450mm(17.7\u201d)<\/span><\/td>\n<td align=\"left\" style=\"width: 139px;margin-right: 0px;padding-bottom: 0in;padding-top: 0in\"><span style=\"margin-right:0px;padding-bottom:0px;padding-top:0px\">400mm(16\u201d)<\/span><\/td>\n<\/tr>\n<tr style=\"height:38px;margin-right:0px;padding-bottom:0px;padding-top:0px\">\n<td align=\"left\" height=\"38\" style=\"height: 38px;width: 251px\"><span style=\"margin-right:0px;padding-bottom:0px;padding-top:0px\">Kh\u1ea3 n\u0103ng c\u1eaft ch\u01b0\u0303 nh\u00e2\u0323t<\/span><\/td>\n<td align=\"left\" style=\"width: 191px\"><span style=\"margin-right:0px;padding-bottom:0px;padding-top:0px\">400x800mm(16\u201dx31\u201d)<\/span><\/td>\n<td align=\"left\" style=\"width: 125px\"><span style=\"margin-right:0px;padding-bottom:0px;padding-top:0px\">400x550mm(16\u201dx21\u201d)<\/span><\/td>\n<td align=\"left\" style=\"width: 139px\"><span style=\"margin-right:0px;padding-bottom:0px;padding-top:0px\">400x400mm(16\u201dx16\u201d)<\/span><\/td>\n<\/tr>\n<tr style=\"height:38px;margin-right:0px;padding-bottom:0px;padding-top:0px\">\n<td align=\"left\" height=\"38\" style=\"height: 38px;width: 251px;margin-right: 0px;padding-bottom: 0in;padding-top: 0in\"><span style=\"margin-right:0px;padding-bottom:0px;padding-top:0px\">K\u00edch th\u01b0\u1edbc l\u01b0\u1ee1i<\/span><\/td>\n<td align=\"left\" colspan=\"3\" style=\"width: 455px;margin-right: 0px;padding-bottom: 0in;padding-top: 0in\"><span style=\"margin-right:0px;padding-bottom:0px;padding-top:0px\">\u00a0\u00a0\u00a0\u00a0\u00a0\u00a0\u00a0\u00a0\u00a0\u00a0\u00a0\u00a0\u00a0\u00a0\u00a0\u00a0\u00a0\u00a0 6600 x 54 x 1.3 mm ( 260\u201d x 2\u201d x 0.050\u201d )<\/span><\/td>\n<\/tr>\n<tr style=\"height:38px;margin-right:0px;padding-bottom:0px;padding-top:0px\">\n<td align=\"left\" height=\"38\" style=\"height: 38px;width: 251px\"><span style=\"margin-right:0px;padding-bottom:0px;padding-top:0px\">\u0110\u1ed9ng c\u01a1 l\u01b0\u1ee1i<\/span><\/td>\n<td align=\"left\" colspan=\"3\" style=\"width: 455px\"><span style=\"margin-right:0px;padding-bottom:0px;padding-top:0px\">\u00a0\u00a0\u00a0\u00a0\u00a0\u00a0\u00a0\u00a0\u00a0\u00a0\u00a0\u00a0\u00a0\u00a0\u00a0\u00a0\u00a0\u00a0 7.5HP ( 5.6Kw )<\/span><\/td>\n<\/tr>\n<tr style=\"height:38px;margin-right:0px;padding-bottom:0px;padding-top:0px\">\n<td align=\"left\" height=\"38\" style=\"height: 38px;width: 251px;margin-right: 0px;padding-bottom: 0in;padding-top: 0in\"><span style=\"margin-right:0px;padding-bottom:0px;padding-top:0px\">Chi\u1ec1u cao l\u00e0m vi\u1ec7c<\/span><\/td>\n<td align=\"left\" colspan=\"3\" style=\"width: 455px;margin-right: 0px;padding-bottom: 0in;padding-top: 0in\"><span style=\"margin-right:0px;padding-bottom:0px;padding-top:0px\">\u00a0\u00a0\u00a0\u00a0\u00a0\u00a0\u00a0\u00a0\u00a0\u00a0\u00a0\u00a0\u00a0\u00a0\u00a0\u00a0\u00a0 1085mm \u00a0( 42.7\u201d )<\/span><\/td>\n<\/tr>\n<tr style=\"height:38px;margin-right:0px;padding-bottom:0px;padding-top:0px\">\n<td align=\"left\" height=\"38\" style=\"height: 38px;width: 251px\"><span style=\"margin-right:0px;padding-bottom:0px;padding-top:0px\">Tr\u1ecdng l\u01b0\u1ee3ng<\/span><\/td>\n<td align=\"left\" colspan=\"3\" style=\"width: 455px\"><span style=\"margin-right:0px;padding-bottom:0px;padding-top:0px\">\u00a0\u00a0\u00a0\u00a0\u00a0\u00a0\u00a0\u00a0\u00a0\u00a0\u00a0\u00a0\u00a0\u00a0\u00a0\u00a0 7900 kgs (17380 Ibs )\/8000 kgs (17600 Ibs)<\/span><\/td>\n<\/tr>\n<tr style=\"height:38px;margin-right:0px;padding-bottom:0px;padding-top:0px\">\n<td align=\"left\" height=\"38\" style=\"height: 38px;width: 251px\"><span style=\"margin-right:0px;padding-bottom:0px;padding-top:0px\">K\u00edch th\u01b0\u1edbc s\u00e0n (WxLxH)\u00a0\u00a0\u00a0\u00a0\u00a0\u00a0\u00a0\u00a0\u00a0<\/span><\/td>\n<td align=\"left\" colspan=\"3\" style=\"width: 455px\"><span style=\"margin-right:0px;padding-bottom:0px;padding-top:0px\">\u00a0\u00a0\u00a0\u00a0\u00a0\u00a0\u00a0\u00a0\u00a0\u00a0\u00a0\u00a0\u00a0\u00a0\u00a0\u00a0 4060 x 3500 x 2312 mm (160\u201d x 138\u201d x 91\u201d)<\/span><\/td>\n<\/tr>\n<\/tbody>\n<\/table>\n<p>\u00a0<\/p>\n<\/p>\n<p>\u00a0<\/p>\n<\/p><\/div>\n","protected":false},"excerpt":{"rendered":"<div class=\"ndung_mota clearfix\">\n<p style=\"margin: 0px;padding: 0px;font-family: roboto;font-size: 14px\"><span style=\"margin: 0px;padding: 0px\"><span style=\"margin: 0px;padding: 0px\"><span style=\"margin: 0px;padding: 0px\"><strong style=\"margin: 0px;padding: 0px\">L\u00dd DO B\u1ea0N N\u00caN CH\u1eccN CH\u00daNG T\u00d4I\u00a0<\/strong><\/span><\/span><\/span><\/p>\n<table border=\"0\" cellpadding=\"0\" cellspacing=\"0\" style=\"margin: 0px;padding: 0px;font-family: roboto;border-collapse: collapse;width: 515px\" width=\"515\">\n<colgroup style=\"margin: 0px;padding: 0px\">\n<col style=\"margin: 0px;padding: 0px;width: 515px\">\n\t<\/colgroup>\n<tbody style=\"margin: 0px;padding: 0px\">\n<tr style=\"margin: 0px;padding: 0px;height: 21px\">\n<td align=\"left\" height=\"21\" style=\"margin: 0px;padding: 0px;height: 21px;width: 515px\"><span style=\"margin: 0px;padding: 0px;font-size: 14px\"><img loading=\"lazy\" decoding=\"async\" alt=\"CH\u1ee2 C\u01a0 KH\u00cd - CTY H\u1ed2 GIA PH\u00c1T\" height=\"16\" src=\"https:\/\/chocokhi.vn\/wp-content\/uploads\/2024\/03\/icon1-1.gif\" style=\"margin: 0px;padding: 0px;height: auto;max-width: 100%\" width=\"16\">\u00a0M\u00e1y \u0111\u01b0\u1ee3c nh\u1eadp nguy\u00ean chi\u1ebfc t\u1eeb\u00a0<strong style=\"margin: 0px;padding: 0px\">\u0110\u00e0i Loan<\/strong><\/span><\/td>\n<\/tr>\n<tr style=\"margin: 0px;padding: 0px;height: 21px\">\n<td align=\"left\" height=\"21\" style=\"margin: 0px;padding: 0px;height: 21px\"><span style=\"margin: 0px;padding: 0px;font-size: 14px\"><span style=\"margin: 0px;padding: 0px\"><span style=\"margin: 0px;padding: 0px\"><img loading=\"lazy\" decoding=\"async\" alt=\"CH\u1ee2 C\u01a0 KH\u00cd - CTY H\u1ed2 GIA PH\u00c1T\" height=\"16\" src=\"https:\/\/chocokhi.vn\/wp-content\/uploads\/2024\/03\/icon1-1.gif\" style=\"margin: 0px;padding: 0px;height: auto;max-width: 100%\" width=\"16\">\u00a0T\u00edch h\u1ee3p C\u00f4ng ngh\u1ec7\u00a0<\/span><\/span>\u00a0Smart NC-100\u00a0ch\u1ea1y t\u1ef1 \u0111\u1ed9ng 100 ch\u01b0\u01a1ng tr\u00ecnh\u00a0<\/span><\/td>\n<\/tr>\n<tr style=\"margin: 0px;padding: 0px;height: 21px\">\n<td align=\"left\" height=\"21\" style=\"margin: 0px;padding: 0px;height: 21px\"><span style=\"margin: 0px;padding: 0px;font-size: 14px\"><span style=\"margin: 0px;padding: 0px\"><span style=\"margin: 0px;padding: 0px\"><img loading=\"lazy\" decoding=\"async\" alt=\"CH\u1ee2 C\u01a0 KH\u00cd - CTY H\u1ed2 GIA PH\u00c1T\" height=\"16\" src=\"https:\/\/chocokhi.vn\/wp-content\/uploads\/2024\/03\/icon1-1.gif\" style=\"margin: 0px;padding: 0px;height: auto;max-width: 100%\" width=\"16\">\u00a0<\/span><\/span><span style=\"margin: 0px;padding: 0px\">H\u1ec7 th\u1ed1ng m\u00e1y l\u00e0m m\u00e1t ho\u1ea1t \u0111\u1ed9ng li\u00ean t\u1ee5c.<\/span><\/span><\/td>\n<\/tr>\n<tr style=\"margin: 0px;padding: 0px;height: 21px\">\n<td align=\"left\" height=\"21\" style=\"margin: 0px;padding: 0px;height: 21px\"><span style=\"margin: 0px;padding: 0px;font-size: 14px\"><span style=\"margin: 0px;padding: 0px\"><span style=\"margin: 0px;padding: 0px\"><img loading=\"lazy\" decoding=\"async\" alt=\"CH\u1ee2 C\u01a0 KH\u00cd - CTY H\u1ed2 GIA PH\u00c1T\" height=\"15\" src=\"https:\/\/chocokhi.vn\/wp-content\/uploads\/2024\/03\/icon1-1.gif\" style=\"margin: 0px;padding: 0px;height: auto;max-width: 100%\" width=\"15\">\u00a0<\/span><\/span><span style=\"margin: 0px;padding: 0px\">C\u00f3 th\u1ec3 \u0111i\u1ec1u ch\u1ec9nh t\u1ed1c \u0111\u1ed9,b\u01b0\u1edbc \u0103n ph\u00f4i ri\u00eang<\/span><\/span><\/td>\n<\/tr>\n<tr style=\"margin: 0px;padding: 0px;height: 21px\">\n<td align=\"left\" height=\"21\" style=\"margin: 0px;padding: 0px;height: 21px\"><span style=\"margin: 0px;padding: 0px;font-size: 14px\"><img loading=\"lazy\" decoding=\"async\" alt=\"CH\u1ee2 C\u01a0 KH\u00cd - CTY H\u1ed2 GIA PH\u00c1T\" height=\"15\" src=\"https:\/\/chocokhi.vn\/wp-content\/uploads\/2024\/03\/icon1-1.gif\" style=\"margin: 0px;padding: 0px;height: auto;max-width: 100%\" width=\"15\">\u00a0C\u1eaft \u0111\u01b0\u1ee3c nhi\u1ec1u v\u1eadt li\u1ec7u c\u00f3 \u0111\u1ed9 c\u1ee9ng cao<\/span><\/td>\n<\/tr>\n<tr style=\"margin: 0px;padding: 0px;height: 23px\">\n<td align=\"left\" height=\"23\" style=\"margin: 0px;padding: 0px;height: 23px;width: 515px\"><span style=\"margin: 0px;padding: 0px;font-size: 14px\"><img loading=\"lazy\" decoding=\"async\" alt=\"CH\u1ee2 C\u01a0 KH\u00cd - CTY H\u1ed2 GIA PH\u00c1T\" height=\"15\" src=\"https:\/\/chocokhi.vn\/wp-content\/uploads\/2024\/03\/icon1-1.gif\" style=\"margin: 0px;padding: 0px;height: auto;max-width: 100%\" width=\"15\">\u00a0B\u1ea3o h\u00e0nh :\u00a0<strong style=\"margin: 0px;padding: 0px\">12 th\u00e1ng<\/strong><\/span><\/td>\n<\/tr>\n<tr style=\"margin: 0px;padding: 0px;height: 23px\">\n<td align=\"left\" height=\"23\" style=\"margin: 0px;padding: 0px;height: 23px;width: 515px\"><span style=\"margin: 0px;padding: 0px;font-size: 14px\"><img loading=\"lazy\" decoding=\"async\" alt=\"CH\u1ee2 C\u01a0 KH\u00cd - CTY H\u1ed2 GIA PH\u00c1T\" height=\"15\" src=\"https:\/\/chocokhi.vn\/wp-content\/uploads\/2024\/03\/icon1-1.gif\" style=\"margin: 0px;padding: 0px;height: auto;max-width: 100%\" width=\"15\">T\u00ecnh tr\u1ea1ng:\u00a0<strong style=\"margin: 0px;padding: 0px\"><span style=\"margin: 0px;padding: 0px\">S\u1ea3n xu\u1ea5t t\u1eeb 30-40 ng\u00e0y.<\/span><\/strong><\/span><\/td>\n<\/tr>\n<tr style=\"margin: 0px;padding: 0px;height: 23px\">\n<td align=\"left\" height=\"23\" style=\"margin: 0px;padding: 0px;height: 23px;width: 515px\"><span style=\"margin: 0px;padding: 0px;font-size: 14px\"><img loading=\"lazy\" decoding=\"async\" alt=\"CH\u1ee2 C\u01a0 KH\u00cd - CTY H\u1ed2 GIA PH\u00c1T\" height=\"16\" src=\"https:\/\/chocokhi.vn\/wp-content\/uploads\/2024\/03\/icon1-1.gif\" style=\"margin: 0px;padding: 0px;height: auto;max-width: 100%\" width=\"16\">\u00a0Kh\u1ea3o s\u00e1t, t\u01b0 v\u1ea5n cung c\u1ea5p gi\u1ea3i ph\u00e1p t\u1ed1i \u01b0u<\/span><\/td>\n<\/tr>\n<tr style=\"margin: 0px;padding: 0px;height: 23px\">\n<td align=\"left\" height=\"23\" style=\"margin: 0px;padding: 0px;height: 23px;width: 515px\"><span style=\"margin: 0px;padding: 0px;font-size: 14px\"><img loading=\"lazy\" decoding=\"async\" alt=\"CH\u1ee2 C\u01a0 KH\u00cd - CTY H\u1ed2 GIA PH\u00c1T\" height=\"15\" src=\"https:\/\/chocokhi.vn\/wp-content\/uploads\/2024\/03\/icon1-1.gif\" style=\"margin: 0px;padding: 0px;height: auto;max-width: 100%\" width=\"15\">\u00a0D\u1ecbch v\u1ee5 h\u1eadu m\u00e3i nhanh ch\u00f3ng chuy\u00ean nghi\u1ec7p<\/span><\/td>\n<\/tr>\n<tr style=\"margin: 0px;padding: 0px;height: 23px\">\n<td align=\"left\" height=\"23\" style=\"margin: 0px;padding: 0px;height: 23px;width: 515px\"><span style=\"margin: 0px;padding: 0px;font-size: 14px\"><img loading=\"lazy\" decoding=\"async\" alt=\"CH\u1ee2 C\u01a0 KH\u00cd - CTY H\u1ed2 GIA PH\u00c1T\" height=\"16\" src=\"https:\/\/chocokhi.vn\/wp-content\/uploads\/2024\/03\/icon1-1.gif\" style=\"margin: 0px;padding: 0px;height: auto;max-width: 100%\" width=\"16\">Gi\u00e1 th\u00e0nh c\u1ea1nh tranh nh\u1ea5t<\/span><\/td>\n<\/tr>\n<tr style=\"margin: 0px;padding: 0px;height: 23px\">\n<td align=\"left\" height=\"23\" style=\"margin: 0px;padding: 0px;height: 23px;width: 515px\">\n<table border=\"0\" cellpadding=\"0\" cellspacing=\"0\" style=\"margin: 0px;padding: 0px;border-collapse: collapse;width: 515px\" width=\"515\">\n<tbody style=\"margin: 0px;padding: 0px\">\n<tr style=\"margin: 0px;padding: 0px;height: 23px\">\n<td align=\"left\" height=\"23\" style=\"margin: 0px;padding: 0px;height: 23px;width: 515px\"><span style=\"margin: 0px;padding: 0px;font-size: 14px\"><img loading=\"lazy\" decoding=\"async\" alt=\"CH\u1ee2 C\u01a0 KH\u00cd - CTY H\u1ed2 GIA PH\u00c1T\" height=\"16\" src=\"https:\/\/chocokhi.vn\/wp-content\/uploads\/2024\/03\/icon1-1.gif\" style=\"margin: 0px;padding: 0px;height: auto;max-width: 100%\" width=\"16\">\u00a0Linh ki\u1ec7n lu\u00f4n c\u00f3 s\u1eb5n \u0111\u1ec3 \u0111\u00e1p \u1ee9ng nhu c\u1ea7u thay th\u1ebf<\/span><\/td>\n<\/tr>\n<tr style=\"margin: 0px;padding: 0px;height: 23px\">\n<td align=\"left\" height=\"23\" style=\"margin: 0px;padding: 0px;height: 23px;width: 515px\"><span style=\"margin: 0px;padding: 0px;font-size: 14px\"><img loading=\"lazy\" decoding=\"async\" alt=\"CH\u1ee2 C\u01a0 KH\u00cd - CTY H\u1ed2 GIA PH\u00c1T\" height=\"15\" src=\"https:\/\/chocokhi.vn\/wp-content\/uploads\/2024\/03\/icon1-1.gif\" style=\"margin: 0px;padding: 0px;height: auto;max-width: 100%\" width=\"15\">\u00a0H\u1ed7 tr\u1ee3 t\u01b0 v\u1ea5n 24\/7, uy t\u00edn, trung th\u1ef1c<\/span><\/td>\n<\/tr>\n<tr style=\"margin: 0px;padding: 0px;height: 23px\">\n<td align=\"left\" height=\"23\" style=\"margin: 0px;padding: 0px;height: 23px;width: 515px\"><span style=\"margin: 0px;padding: 0px;font-size: 14px\"><span style=\"margin: 0px;padding: 0px\"><span style=\"margin: 0px;padding: 0px\"><img loading=\"lazy\" decoding=\"async\" alt=\"CH\u1ee2 C\u01a0 KH\u00cd - CTY H\u1ed2 GIA PH\u00c1T\" height=\"16\" src=\"https:\/\/chocokhi.vn\/wp-content\/uploads\/2024\/03\/icon1-1.gif\" style=\"margin: 0px;padding: 0px;height: auto;max-width: 100%\" width=\"16\"><\/span><\/span><span style=\"margin: 0px;padding: 0px\">\u00a0Gi\u00e1 th\u00e0nh c\u1ea1nh tranh nh\u1ea5t<\/span><\/span><\/td>\n<\/tr>\n<tr style=\"margin: 0px;padding: 0px;height: 23px\">\n<td align=\"left\" height=\"23\" style=\"margin: 0px;padding: 0px;height: 23px;width: 515px\"><span style=\"margin: 0px;padding: 0px;font-size: 14px\"><span style=\"margin: 0px;padding: 0px\"><span style=\"margin: 0px;padding: 0px\"><img loading=\"lazy\" decoding=\"async\" alt=\"CH\u1ee2 C\u01a0 KH\u00cd - CTY H\u1ed2 GIA PH\u00c1T\" height=\"16\" src=\"https:\/\/chocokhi.vn\/wp-content\/uploads\/2024\/03\/icon1-1.gif\" style=\"margin: 0px;padding: 0px;height: auto;max-width: 100%\" width=\"16\"><\/span><\/span><strong style=\"margin: 0px;padding: 0px\"><span style=\"margin: 0px;padding: 0px\">\u00a0Giao h\u00e0ng mi\u1ec5n ph\u00ed<\/span><\/strong><\/span><\/td>\n<\/tr>\n<\/tbody>\n<\/table>\n<\/td>\n<\/tr>\n<\/tbody>\n<\/table>\n<\/div>\n","protected":false},"featured_media":4052,"comment_status":"closed","ping_status":"closed","template":"","meta":[],"product_brand":[],"product_cat":[60],"product_tag":[],"class_list":{"0":"post-4051","1":"product","2":"type-product","3":"status-publish","4":"has-post-thumbnail","6":"product_cat-may-cua-vong","8":"first","9":"instock","10":"shipping-taxable","11":"product-type-simple"},"_links":{"self":[{"href":"https:\/\/chocokhi.vn\/index.php?rest_route=\/wp\/v2\/product\/4051","targetHints":{"allow":["GET"]}}],"collection":[{"href":"https:\/\/chocokhi.vn\/index.php?rest_route=\/wp\/v2\/product"}],"about":[{"href":"https:\/\/chocokhi.vn\/index.php?rest_route=\/wp\/v2\/types\/product"}],"replies":[{"embeddable":true,"href":"https:\/\/chocokhi.vn\/index.php?rest_route=%2Fwp%2Fv2%2Fcomments&post=4051"}],"wp:featuredmedia":[{"embeddable":true,"href":"https:\/\/chocokhi.vn\/index.php?rest_route=\/wp\/v2\/media\/4052"}],"wp:attachment":[{"href":"https:\/\/chocokhi.vn\/index.php?rest_route=%2Fwp%2Fv2%2Fmedia&parent=4051"}],"wp:term":[{"taxonomy":"product_brand","embeddable":true,"href":"https:\/\/chocokhi.vn\/index.php?rest_route=%2Fwp%2Fv2%2Fproduct_brand&post=4051"},{"taxonomy":"product_cat","embeddable":true,"href":"https:\/\/chocokhi.vn\/index.php?rest_route=%2Fwp%2Fv2%2Fproduct_cat&post=4051"},{"taxonomy":"product_tag","embeddable":true,"href":"https:\/\/chocokhi.vn\/index.php?rest_route=%2Fwp%2Fv2%2Fproduct_tag&post=4051"}],"curies":[{"name":"wp","href":"https:\/\/api.w.org\/{rel}","templated":true}]}}