{"id":3985,"date":"2024-03-02T01:28:00","date_gmt":"2024-03-02T01:28:00","guid":{"rendered":"https:\/\/chocokhi.vn\/san-pham\/may-cua-vong-g300-694\/"},"modified":"2024-03-02T01:28:00","modified_gmt":"2024-03-02T01:28:00","slug":"may-cua-vong-g300-694","status":"publish","type":"product","link":"https:\/\/chocokhi.vn\/san-pham\/may-cua-vong-g300-694.html","title":{"rendered":"M\u00e1y c\u01b0a v\u00f2ng G300"},"content":{"rendered":"<\/p>\n<div class=\"tab\">\n<p><span style=\"font-family:times new roman,times,serif\"><span style=\"color:#FF0000\"><span style=\"font-size: 18px\"><b>M\u00c1Y C\u01afA V\u00d2NG GOLD SAWS C\u00d3 NH\u1eeeNG \u0110\u1eb6C T\u00cdNH TI\u00caU CHU\u1ea8N NH\u01af\u00a0<\/b><\/span><\/span><\/span><\/p>\n<p>\u00a0<\/p>\n<table border=\"0\" cellpadding=\"0\" cellspacing=\"0\" style=\"border-collapse:collapse;width:879px\" width=\"878\">\n<colgroup>\n<col style=\"width:444px\">\n<col style=\"width:435px\">\n\t<\/colgroup>\n<tbody>\n<tr style=\"height:25px\">\n<td align=\"left\" height=\"25\" style=\"height: 25px;width: 444px\">\n<ul>\n<li><span style=\"font-family:times new roman,times,serif\">H\u1ec7 th\u1ed1ng l\u1eadp tr\u00ecnh SNC &#8211; 100 ho\u00e0n to\u00e0n t\u1ef1 \u0111\u1ed9ng v\u1edbi 100 ch\u01b0\u01a1ng tr\u00ecnh c\u1eaft\u00a0<\/span><\/li>\n<\/ul>\n<\/td>\n<td align=\"left\" style=\"width: 435px\">\n<ul>\n<li><span style=\"font-family:times new roman,times,serif\">H\u1ec7 th\u1ed1ng l\u00e0m m\u00e1t t\u00edch ph\u00e2n<\/span><\/li>\n<\/ul>\n<\/td>\n<\/tr>\n<tr style=\"height:25px\">\n<td align=\"left\" height=\"25\" style=\"height: 25px\">\n<ul>\n<li><span style=\"font-family:times new roman,times,serif\">B\u1ea3ng \u0111i\u1ec1u khi\u1ec3n m\u00e0n h\u00ecnh c\u1ea3m \u1ee9ng ho\u00e0n to\u00e0n c\u1ea3m \u1ee9ng<\/span><\/li>\n<\/ul>\n<\/td>\n<td align=\"left\">\n<ul>\n<li><span style=\"font-family:times new roman,times,serif\">C\u1ea3m bi\u1ebfn chi\u1ec1u cao c\u00f4ng vi\u1ec7c t\u1ef1 \u0111\u1ed9ng<\/span><\/li>\n<\/ul>\n<\/td>\n<\/tr>\n<tr style=\"height:25px\">\n<td align=\"left\" height=\"25\" style=\"height: 25px\">\n<ul>\n<li><span style=\"font-family:times new roman,times,serif\">H\u01b0\u1edbng d\u1eabn tuy\u1ebfn t\u00ednh<\/span><\/li>\n<\/ul>\n<\/td>\n<td align=\"left\">\n<ul>\n<li><span style=\"font-family:times new roman,times,serif\">H\u1ec7 th\u1ed1ng \u0111\u00e8n led t\u1ef1 \u0111\u1ed9ng<\/span><\/li>\n<\/ul>\n<\/td>\n<\/tr>\n<tr style=\"height:25px\">\n<td align=\"left\" height=\"25\" style=\"height: 25px\">\n<ul>\n<li><span style=\"font-family:times new roman,times,serif\">Th\u1ee7y l\u1ef1c \u0111\u1ea7y \u0111\u1ee7 \u0111\u1ed9t qu\u1ef5 vises vises<\/span><\/li>\n<\/ul>\n<\/td>\n<td align=\"left\">\n<ul>\n<li><span style=\"font-family:times new roman,times,serif\">\u1ed0ng x\u1ea3<\/span><\/li>\n<\/ul>\n<\/td>\n<\/tr>\n<tr style=\"height:25px\">\n<td align=\"left\" height=\"25\" style=\"height: 25px\">\n<ul>\n<li><span style=\"font-family:times new roman,times,serif\">L\u01b0\u1ee1i th\u1ee7y l\u1ef1c th\u1eb3ng<\/span><\/li>\n<\/ul>\n<\/td>\n<td align=\"left\">\n<ul>\n<li><span style=\"font-family:times new roman,times,serif\">H\u1ed9p c\u00f4ng c\u1ee5 &amp; h\u01b0\u1edbng d\u1eabn s\u1eed d\u1ee5ng<\/span><\/li>\n<\/ul>\n<\/td>\n<\/tr>\n<tr style=\"height:25px\">\n<td align=\"left\" height=\"25\" style=\"height: 25px\">\n<ul>\n<li><span style=\"font-family:times new roman,times,serif\">\u0110i\u1ec1u khi\u1ec3n t\u1ed1c \u0111\u1ed9 l\u01b0\u1ee1i dao<\/span><\/li>\n<\/ul>\n<\/td>\n<td align=\"left\">\n<ul>\n<li><span style=\"font-family:times new roman,times,serif\">B\u1ea3ng con l\u0103n 2M<\/span><\/li>\n<\/ul>\n<\/td>\n<\/tr>\n<tr style=\"height:25px\">\n<td align=\"left\" height=\"25\" style=\"height: 25px\">\n<ul>\n<li><span style=\"font-family:times new roman,times,serif\">Blade \u00e1p l\u1ef1c &amp; ki\u1ec3m so\u00e1t t\u1ed1c \u0111\u1ed9 c\u1eaft<\/span><\/li>\n<\/ul>\n<\/td>\n<td align=\"left\">\n<ul>\n<li><span style=\"font-family:times new roman,times,serif\">Con l\u0103n b\u0103ng t\u1ea3i th\u1ee7y l\u1ef1c<\/span><\/li>\n<\/ul>\n<\/td>\n<\/tr>\n<tr style=\"height:25px\">\n<td align=\"left\" height=\"25\" style=\"height: 25px\">\n<ul>\n<li><span style=\"font-family:times new roman,times,serif\">B\u00e0n ch\u1ea3i l\u01b0\u1ee1i ch\u1ea1y \u0111i\u1ec7n<\/span><\/li>\n<\/ul>\n<\/td>\n<td align=\"left\">\n<ul>\n<li><span style=\"font-family:times new roman,times,serif\">Vise \u0111i\u1ec1u ch\u1ec9nh \u00e1p su\u1ea5t<\/span><\/li>\n<\/ul>\n<\/td>\n<\/tr>\n<tr style=\"height:25px\">\n<td height=\"25\" style=\"height: 25px\">\n<ul>\n<li>\u00a0<\/li>\n<\/ul>\n<\/td>\n<td align=\"left\">\n<ul>\n<li><span style=\"font-family:times new roman,times,serif\">Ngao h\u00e0ng \u0111\u1ea7u<\/span><\/li>\n<\/ul>\n<p>\u00a0<\/p>\n<\/td>\n<\/tr>\n<\/tbody>\n<\/table>\n<p>\u00a0<\/p>\n<p>\u00a0<\/p>\n<p><span style=\"font-family:times new roman,times,serif\">\u00a0 \u00a0 \u00a0 \u00a0 \u00a0 \u00a0 \u00a0 \u00a0 \u00a0 \u00a0 \u00a0 \u00a0 \u00a0 \u00a0 \u00a0 \u00a0 \u00a0 \u00a0 \u00a0 \u00a0 \u00a0 \u00a0 \u00a0 \u00a0<img loading=\"lazy\" decoding=\"async\" height=\"441\" src=\"https:\/\/chocokhi.vn\/wp-content\/uploads\/2024\/03\/mc3a1y20cc6b0a20vc3b2ng20g300.png\" width=\"463\" title=\"mc3a1y20cc6b0a20vc3b2ng20g300\"><\/span><\/p>\n<p>\u00a0<\/p>\n<p><span style=\"font-family:times new roman,times,serif\"><span style=\"color:#FF0000\"><strong>\u00a0 TH\u00d4NG S\u1ed0 K\u1ef8 THU\u1eacT\u00a0<\/strong><\/span><\/span><\/p>\n<p>\u00a0<\/p>\n<div class=\"vc_col-sm-9 wpb_column vc_column_container \" style=\"margin: 0px;padding: 0px;border: 0px;vertical-align: baseline;background: transparent;width: 877.5px;position: relative;min-height: 1px\">\n<table border=\"0\" cellpadding=\"0\" cellspacing=\"0\" style=\"border-top-style: initial;border-right-style: initial;border-left-style: initial;border-collapse: collapse;width: 879px;border-spacing: 0px\" width=\"878\">\n<tbody>\n<tr style=\"height: 22px\">\n<td height=\"22\" style=\"border-right-style: initial;border-bottom-style: initial;border-left-style: initial;height: 22px;width: 444px\">\n<p><span style=\"font-family:times new roman,times,serif\"><strong><span>Model<\/span><\/strong><\/span><\/p>\n<\/td>\n<td style=\"border-right-style: initial;border-bottom-style: initial;width: 435px\"><span style=\"font-family:times new roman,times,serif\"><strong><span>G300<\/span><\/strong><\/span><\/td>\n<\/tr>\n<tr style=\"height: 26px\">\n<td height=\"26\" style=\"border-right-style: initial;border-bottom-style: initial;border-left-style: initial;height: 26px;width: 444px\">\n<p><span style=\"font-family:times new roman,times,serif\"><strong><span>Capacity\u00a0<\/span><\/strong><\/span><\/p>\n<\/td>\n<td style=\"border-right-style: initial;border-bottom-style: initial;width: 435px\"><span style=\"font-family:times new roman,times,serif\"><strong><span>300mm<\/span><\/strong><\/span><\/td>\n<\/tr>\n<tr style=\"height: 26px\">\n<td height=\"26\" style=\"border-right-style: initial;border-bottom-style: initial;border-left-style: initial;height: 26px;width: 444px\">\n<p><span style=\"font-family:times new roman,times,serif\"><strong><span>Capacity\u00a0\u00a0 \u00a0\u00a0(HxW)<\/span><\/strong><\/span><\/p>\n<\/td>\n<td style=\"border-right-style: initial;border-bottom-style: initial;width: 435px\"><span style=\"font-family:times new roman,times,serif\"><strong><span>300 x 340mm<\/span><\/strong><\/span><\/td>\n<\/tr>\n<tr style=\"height: 26px\">\n<td height=\"26\" style=\"border-right-style: initial;border-bottom-style: initial;border-left-style: initial;height: 26px;width: 444px\">\n<p><span style=\"font-family:times new roman,times,serif\"><strong><span>Motor<\/span><\/strong><\/span><\/p>\n<\/td>\n<td style=\"border-right-style: initial;border-bottom-style: initial;width: 435px\"><span style=\"font-family:times new roman,times,serif\"><strong><span>5 HP<\/span><\/strong><\/span><\/td>\n<\/tr>\n<tr style=\"height: 26px\">\n<td height=\"26\" style=\"border-right-style: initial;border-bottom-style: initial;border-left-style: initial;height: 26px;width: 444px\">\n<p><span style=\"font-family:times new roman,times,serif\"><strong><span>Blade Size<\/span><\/strong><\/span><\/p>\n<\/td>\n<td style=\"border-right-style: initial;border-bottom-style: initial;width: 435px\"><span style=\"font-family:times new roman,times,serif\"><strong><span>3820 x 34 x 1.10mm<\/span><\/strong><\/span><\/td>\n<\/tr>\n<tr style=\"height: 26px\">\n<td height=\"26\" style=\"border-right-style: initial;border-bottom-style: initial;border-left-style: initial;height: 26px;width: 444px\">\n<p><span style=\"font-family:times new roman,times,serif\"><strong><span>Work bed height<\/span><\/strong><\/span><\/p>\n<\/td>\n<td style=\"border-right-style: initial;border-bottom-style: initial;width: 435px\"><span style=\"font-family:times new roman,times,serif\"><strong><span>660mm<\/span><\/strong><\/span><\/td>\n<\/tr>\n<tr style=\"height: 25px\">\n<td height=\"25\" style=\"border-right-style: initial;border-bottom-style: initial;border-left-style: initial;height: 25px;width: 444px\">\n<p><span style=\"font-family:times new roman,times,serif\"><strong><span>Floor Space<\/span><\/strong><\/span><\/p>\n<p>\u00a0<\/p>\n<\/td>\n<td style=\"border-right-style: initial;border-bottom-style: initial;width: 435px\"><span style=\"font-family:times new roman,times,serif\"><strong><span>2010x1890x1500mm<\/span><\/strong><\/span><\/td>\n<\/tr>\n<tr style=\"height: 26px\">\n<td height=\"26\" style=\"border-right-style: initial;border-bottom-style: initial;border-left-style: initial;height: 26px;width: 444px\"><span style=\"font-family:times new roman,times,serif\"><strong><span>Weight<\/span><\/strong><\/span><\/td>\n<td style=\"border-right-style: initial;border-bottom-style: initial;width: 435px\"><span style=\"font-family:times new roman,times,serif\"><strong><span>1200 Kgs<\/span><\/strong><\/span><\/td>\n<\/tr>\n<\/tbody>\n<\/table>\n<p>\u00a0<\/p>\n<p><span style=\"font-family:times new roman,times,serif\"><span style=\"color:#FF0000\"><strong>S\u1ea2N PH\u1ea8M C\u1eaeT T\u1eea M\u00c1Y C\u01afA V\u00d2NG G300<\/strong><\/span><\/span><\/p>\n<p><span style=\"font-family:times new roman,times,serif\"><img loading=\"lazy\" decoding=\"async\" height=\"225\" src=\"https:\/\/chocokhi.vn\/wp-content\/uploads\/2024\/03\/sp20ce1baaet.png\" width=\"897\" title=\"sp20ce1baaet\"><\/span><\/p>\n<p>\u00a0<\/p>\n<p>\u00a0 \u00a0<\/p>\n<div class=\"wpb_wrapper\" style=\"margin: 0px;padding: 0px;border: 0px;vertical-align: baseline;background: transparent\">\n<div class=\"wpb_text_column wpb_content_element \" style=\"margin: 0px;padding: 0px;border: 0px;vertical-align: baseline;background: transparent\">\n<div class=\"wpb_wrapper\" style=\"margin: 0px;padding: 0px;border: 0px;vertical-align: baseline;background: transparent\">\u00a0<\/div>\n<\/div>\n<\/div>\n<\/div><\/div>\n","protected":false},"excerpt":{"rendered":"<div class=\"ndung_mota clearfix\">\n<p style=\"margin: 0px;padding: 0px;font-family: roboto;font-size: 14px\"><span style=\"font-family:times new roman,times,serif\"><span style=\"margin: 0px;padding: 0px\"><span style=\"margin: 0px;padding: 0px\"><span style=\"margin: 0px;padding: 0px\"><strong style=\"margin: 0px;padding: 0px\">\u00dd DO B\u1ea0N N\u00caN CH\u1eccN CH\u00daNG T\u00d4I\u00a0<\/strong><\/span><\/span><\/span><\/span><\/p>\n<table border=\"0\" cellpadding=\"0\" cellspacing=\"0\" style=\"margin: 0px;padding: 0px;font-family: roboto;border-collapse: collapse;width: 515px\" width=\"515\">\n<colgroup style=\"margin: 0px;padding: 0px\">\n<col style=\"margin: 0px;padding: 0px;width: 515px\">\n\t<\/colgroup>\n<tbody style=\"margin: 0px;padding: 0px\">\n<tr style=\"margin: 0px;padding: 0px;height: 21px\">\n<td align=\"left\" height=\"21\" style=\"margin: 0px;padding: 0px;height: 21px;width: 515px\"><span style=\"font-family:times new roman,times,serif\"><span style=\"margin: 0px;padding: 0px\"><span style=\"margin: 0px;padding: 0px;font-size: 14px\"><img loading=\"lazy\" decoding=\"async\" alt=\"CH\u1ee2 C\u01a0 KH\u00cd - CTY H\u1ed2 GIA PH\u00c1T\" height=\"16\" src=\"https:\/\/chocokhi.vn\/wp-content\/uploads\/2024\/03\/icon1-1.gif\" style=\"margin: 0px;padding: 0px;height: auto;max-width: 100%\" width=\"16\">\u00a0M\u00e1y \u0111\u01b0\u1ee3c nh\u1eadp nguy\u00ean chi\u1ebfc t\u1eeb\u00a0<strong style=\"margin: 0px;padding: 0px\">\u0110\u00e0i Loan<\/strong><\/span><\/span><\/span><\/td>\n<\/tr>\n<tr style=\"margin: 0px;padding: 0px;height: 21px\">\n<td align=\"left\" height=\"21\" style=\"margin: 0px;padding: 0px;height: 21px\"><span style=\"font-family:times new roman,times,serif\"><span style=\"margin: 0px;padding: 0px\"><span style=\"margin: 0px;padding: 0px;font-size: 14px\"><img loading=\"lazy\" decoding=\"async\" alt=\"CH\u1ee2 C\u01a0 KH\u00cd - CTY H\u1ed2 GIA PH\u00c1T\" height=\"16\" src=\"https:\/\/chocokhi.vn\/wp-content\/uploads\/2024\/03\/icon1-1.gif\" style=\"margin: 0px;padding: 0px;height: auto;max-width: 100%\" width=\"16\">\u00a0T\u00edch h\u1ee3p C\u00f4ng ngh\u1ec7\u00a0<\/span><\/span>\u00a0Smart NC-100\u00a0ch\u1ea1y t\u1ef1 \u0111\u1ed9ng 100 ch\u01b0\u01a1ng tr\u00ecnh\u00a0<\/span><\/td>\n<\/tr>\n<tr style=\"margin: 0px;padding: 0px;height: 21px\">\n<td align=\"left\" height=\"21\" style=\"margin: 0px;padding: 0px;height: 21px\"><span style=\"font-family:times new roman,times,serif\"><span style=\"margin: 0px;padding: 0px\"><span style=\"margin: 0px;padding: 0px;font-size: 14px\"><img loading=\"lazy\" decoding=\"async\" alt=\"CH\u1ee2 C\u01a0 KH\u00cd - CTY H\u1ed2 GIA PH\u00c1T\" height=\"16\" src=\"https:\/\/chocokhi.vn\/wp-content\/uploads\/2024\/03\/icon1-1.gif\" style=\"margin: 0px;padding: 0px;height: auto;max-width: 100%\" width=\"16\">\u00a0<\/span><\/span><span style=\"margin: 0px;padding: 0px\">H\u1ec7 th\u1ed1ng m\u00e1y l\u00e0m m\u00e1t ho\u1ea1t \u0111\u1ed9ng li\u00ean t\u1ee5c.<\/span><\/span><\/td>\n<\/tr>\n<tr style=\"margin: 0px;padding: 0px;height: 21px\">\n<td align=\"left\" height=\"21\" style=\"margin: 0px;padding: 0px;height: 21px\"><span style=\"font-family:times new roman,times,serif\"><span style=\"margin: 0px;padding: 0px\"><img loading=\"lazy\" decoding=\"async\" alt=\"CH\u1ee2 C\u01a0 KH\u00cd - CTY H\u1ed2 GIA PH\u00c1T\" height=\"15\" src=\"https:\/\/chocokhi.vn\/wp-content\/uploads\/2024\/03\/icon1-1.gif\" style=\"margin: 0px;padding: 0px;height: auto;max-width: 100%\" width=\"15\">\u00a0<\/span><span style=\"margin: 0px;padding: 0px;font-size: 14px\">C\u00f3 th\u1ec3 \u0111i\u1ec1u ch\u1ec9nh t\u1ed1c \u0111\u1ed9,b\u01b0\u1edbc \u0103n ph\u00f4i ri\u00eang<\/span><\/span><\/td>\n<\/tr>\n<tr style=\"margin: 0px;padding: 0px;height: 21px\">\n<td align=\"left\" height=\"21\" style=\"margin: 0px;padding: 0px;height: 21px\"><span style=\"font-family:times new roman,times,serif\"><span style=\"margin: 0px;padding: 0px\"><img loading=\"lazy\" decoding=\"async\" alt=\"CH\u1ee2 C\u01a0 KH\u00cd - CTY H\u1ed2 GIA PH\u00c1T\" height=\"15\" src=\"https:\/\/chocokhi.vn\/wp-content\/uploads\/2024\/03\/icon1-1.gif\" style=\"margin: 0px;padding: 0px;height: auto;max-width: 100%\" width=\"15\">\u00a0C\u1eaft \u0111\u01b0\u1ee3c nhi\u1ec1u v\u1eadt li\u1ec7u c\u00f3 \u0111\u1ed9 c\u1ee9ng cao<\/span><\/span><\/td>\n<\/tr>\n<tr style=\"margin: 0px;padding: 0px;height: 23px\">\n<td align=\"left\" height=\"23\" style=\"margin: 0px;padding: 0px;height: 23px;width: 515px\"><span style=\"font-family:times new roman,times,serif\"><span style=\"margin: 0px;padding: 0px\"><span style=\"margin: 0px;padding: 0px;font-size: 14px\"><img loading=\"lazy\" decoding=\"async\" alt=\"CH\u1ee2 C\u01a0 KH\u00cd - CTY H\u1ed2 GIA PH\u00c1T\" height=\"15\" src=\"https:\/\/chocokhi.vn\/wp-content\/uploads\/2024\/03\/icon1-1.gif\" style=\"margin: 0px;padding: 0px;height: auto;max-width: 100%\" width=\"15\">\u00a0B\u1ea3o h\u00e0nh :\u00a0<strong style=\"margin: 0px;padding: 0px\">12 th\u00e1ng<\/strong><\/span><\/span><\/span><\/td>\n<\/tr>\n<tr style=\"margin: 0px;padding: 0px;height: 23px\">\n<td align=\"left\" height=\"23\" style=\"margin: 0px;padding: 0px;height: 23px;width: 515px\"><span style=\"font-family:times new roman,times,serif\"><span style=\"margin: 0px;padding: 0px\"><span style=\"margin: 0px;padding: 0px;font-size: 14px\"><img loading=\"lazy\" decoding=\"async\" alt=\"CH\u1ee2 C\u01a0 KH\u00cd - CTY H\u1ed2 GIA PH\u00c1T\" height=\"15\" src=\"https:\/\/chocokhi.vn\/wp-content\/uploads\/2024\/03\/icon1-1.gif\" style=\"margin: 0px;padding: 0px;height: auto;max-width: 100%\" width=\"15\">T\u00ecnh tr\u1ea1ng:\u00a0<strong style=\"margin: 0px;padding: 0px\"><span style=\"margin: 0px;padding: 0px\">S\u1ea3n xu\u1ea5t t\u1eeb 30-40 ng\u00e0y.<\/span><\/strong><\/span><\/span><\/span><\/td>\n<\/tr>\n<tr style=\"margin: 0px;padding: 0px;height: 23px\">\n<td align=\"left\" height=\"23\" style=\"margin: 0px;padding: 0px;height: 23px;width: 515px\"><span style=\"font-family:times new roman,times,serif\"><span style=\"margin: 0px;padding: 0px\"><span style=\"margin: 0px;padding: 0px;font-size: 14px\"><img loading=\"lazy\" decoding=\"async\" alt=\"CH\u1ee2 C\u01a0 KH\u00cd - CTY H\u1ed2 GIA PH\u00c1T\" height=\"16\" src=\"https:\/\/chocokhi.vn\/wp-content\/uploads\/2024\/03\/icon1-1.gif\" style=\"margin: 0px;padding: 0px;height: auto;max-width: 100%\" width=\"16\">\u00a0Kh\u1ea3o s\u00e1t, t\u01b0 v\u1ea5n cung c\u1ea5p gi\u1ea3i ph\u00e1p t\u1ed1i \u01b0u<\/span><\/span><\/span><\/td>\n<\/tr>\n<tr style=\"margin: 0px;padding: 0px;height: 23px\">\n<td align=\"left\" height=\"23\" style=\"margin: 0px;padding: 0px;height: 23px;width: 515px\"><span style=\"font-family:times new roman,times,serif\"><span style=\"margin: 0px;padding: 0px\"><span style=\"margin: 0px;padding: 0px;font-size: 14px\"><img loading=\"lazy\" decoding=\"async\" alt=\"CH\u1ee2 C\u01a0 KH\u00cd - CTY H\u1ed2 GIA PH\u00c1T\" height=\"15\" src=\"https:\/\/chocokhi.vn\/wp-content\/uploads\/2024\/03\/icon1-1.gif\" style=\"margin: 0px;padding: 0px;height: auto;max-width: 100%\" width=\"15\">\u00a0D\u1ecbch v\u1ee5 h\u1eadu m\u00e3i nhanh ch\u00f3ng chuy\u00ean nghi\u1ec7p<\/span><\/span><\/span><\/td>\n<\/tr>\n<tr style=\"margin: 0px;padding: 0px;height: 23px\">\n<td align=\"left\" height=\"23\" style=\"margin: 0px;padding: 0px;height: 23px;width: 515px\"><span style=\"font-family:times new roman,times,serif\"><span style=\"margin: 0px;padding: 0px\"><span style=\"margin: 0px;padding: 0px;font-size: 14px\"><img loading=\"lazy\" decoding=\"async\" alt=\"CH\u1ee2 C\u01a0 KH\u00cd - CTY H\u1ed2 GIA PH\u00c1T\" height=\"16\" src=\"https:\/\/chocokhi.vn\/wp-content\/uploads\/2024\/03\/icon1-1.gif\" style=\"margin: 0px;padding: 0px;height: auto;max-width: 100%\" width=\"16\">Gi\u00e1 th\u00e0nh c\u1ea1nh tranh nh\u1ea5t<\/span><\/span><\/span><\/td>\n<\/tr>\n<tr style=\"margin: 0px;padding: 0px;height: 23px\">\n<td align=\"left\" height=\"23\" style=\"margin: 0px;padding: 0px;height: 23px;width: 515px\">\n<table border=\"0\" cellpadding=\"0\" cellspacing=\"0\" style=\"margin: 0px;padding: 0px;border-collapse: collapse;width: 515px\" width=\"515\">\n<tbody style=\"margin: 0px;padding: 0px\">\n<tr style=\"margin: 0px;padding: 0px;height: 23px\">\n<td align=\"left\" height=\"23\" style=\"margin: 0px;padding: 0px;height: 23px;width: 515px\"><span style=\"font-family:times new roman,times,serif\"><span style=\"margin: 0px;padding: 0px\"><span style=\"margin: 0px;padding: 0px;font-size: 14px\"><img loading=\"lazy\" decoding=\"async\" alt=\"CH\u1ee2 C\u01a0 KH\u00cd - CTY H\u1ed2 GIA PH\u00c1T\" height=\"16\" src=\"https:\/\/chocokhi.vn\/wp-content\/uploads\/2024\/03\/icon1-1.gif\" style=\"margin: 0px;padding: 0px;height: auto;max-width: 100%\" width=\"16\">\u00a0Linh ki\u1ec7n lu\u00f4n c\u00f3 s\u1eb5n \u0111\u1ec3 \u0111\u00e1p \u1ee9ng nhu c\u1ea7u thay th\u1ebf<\/span><\/span><\/span><\/td>\n<\/tr>\n<tr style=\"margin: 0px;padding: 0px;height: 23px\">\n<td align=\"left\" height=\"23\" style=\"margin: 0px;padding: 0px;height: 23px;width: 515px\"><span style=\"font-family:times new roman,times,serif\"><span style=\"margin: 0px;padding: 0px\"><span style=\"margin: 0px;padding: 0px;font-size: 14px\"><img loading=\"lazy\" decoding=\"async\" alt=\"CH\u1ee2 C\u01a0 KH\u00cd - CTY H\u1ed2 GIA PH\u00c1T\" height=\"15\" src=\"https:\/\/chocokhi.vn\/wp-content\/uploads\/2024\/03\/icon1-1.gif\" style=\"margin: 0px;padding: 0px;height: auto;max-width: 100%\" width=\"15\">\u00a0H\u1ed7 tr\u1ee3 t\u01b0 v\u1ea5n 24\/7, uy t\u00edn, trung th\u1ef1c<\/span><\/span><\/span><\/td>\n<\/tr>\n<tr style=\"margin: 0px;padding: 0px;height: 23px\">\n<td align=\"left\" height=\"23\" style=\"margin: 0px;padding: 0px;height: 23px;width: 515px\"><span style=\"font-family:times new roman,times,serif\"><span style=\"margin: 0px;padding: 0px\"><span style=\"margin: 0px;padding: 0px;font-size: 14px\"><img loading=\"lazy\" decoding=\"async\" alt=\"CH\u1ee2 C\u01a0 KH\u00cd - CTY H\u1ed2 GIA PH\u00c1T\" height=\"16\" src=\"https:\/\/chocokhi.vn\/wp-content\/uploads\/2024\/03\/icon1-1.gif\" style=\"margin: 0px;padding: 0px;height: auto;max-width: 100%\" width=\"16\"><\/span><\/span><span style=\"margin: 0px;padding: 0px;font-size: 14px\">\u00a0Gi\u00e1 th\u00e0nh c\u1ea1nh tranh nh\u1ea5t<\/span><\/span><\/td>\n<\/tr>\n<tr style=\"margin: 0px;padding: 0px;height: 23px\">\n<td align=\"left\" height=\"23\" style=\"margin: 0px;padding: 0px;height: 23px;width: 515px\"><span style=\"font-family:times new roman,times,serif\"><span style=\"margin: 0px;padding: 0px\"><span style=\"margin: 0px;padding: 0px;font-size: 14px\"><img loading=\"lazy\" decoding=\"async\" alt=\"CH\u1ee2 C\u01a0 KH\u00cd - CTY H\u1ed2 GIA PH\u00c1T\" height=\"16\" src=\"https:\/\/chocokhi.vn\/wp-content\/uploads\/2024\/03\/icon1-1.gif\" style=\"margin: 0px;padding: 0px;height: auto;max-width: 100%\" width=\"16\"><\/span><\/span><strong style=\"margin: 0px;padding: 0px\"><span style=\"margin: 0px;padding: 0px;font-size: 14px\">\u00a0Giao h\u00e0ng mi\u1ec5n ph\u00ed<\/span><\/strong><\/span><\/td>\n<\/tr>\n<\/tbody>\n<\/table>\n<\/td>\n<\/tr>\n<\/tbody>\n<\/table>\n<\/div>\n","protected":false},"featured_media":3986,"comment_status":"closed","ping_status":"closed","template":"","meta":[],"product_brand":[],"product_cat":[60],"product_tag":[],"class_list":{"0":"post-3985","1":"product","2":"type-product","3":"status-publish","4":"has-post-thumbnail","6":"product_cat-may-cua-vong","8":"first","9":"instock","10":"shipping-taxable","11":"product-type-simple"},"_links":{"self":[{"href":"https:\/\/chocokhi.vn\/index.php?rest_route=\/wp\/v2\/product\/3985","targetHints":{"allow":["GET"]}}],"collection":[{"href":"https:\/\/chocokhi.vn\/index.php?rest_route=\/wp\/v2\/product"}],"about":[{"href":"https:\/\/chocokhi.vn\/index.php?rest_route=\/wp\/v2\/types\/product"}],"replies":[{"embeddable":true,"href":"https:\/\/chocokhi.vn\/index.php?rest_route=%2Fwp%2Fv2%2Fcomments&post=3985"}],"wp:featuredmedia":[{"embeddable":true,"href":"https:\/\/chocokhi.vn\/index.php?rest_route=\/wp\/v2\/media\/3986"}],"wp:attachment":[{"href":"https:\/\/chocokhi.vn\/index.php?rest_route=%2Fwp%2Fv2%2Fmedia&parent=3985"}],"wp:term":[{"taxonomy":"product_brand","embeddable":true,"href":"https:\/\/chocokhi.vn\/index.php?rest_route=%2Fwp%2Fv2%2Fproduct_brand&post=3985"},{"taxonomy":"product_cat","embeddable":true,"href":"https:\/\/chocokhi.vn\/index.php?rest_route=%2Fwp%2Fv2%2Fproduct_cat&post=3985"},{"taxonomy":"product_tag","embeddable":true,"href":"https:\/\/chocokhi.vn\/index.php?rest_route=%2Fwp%2Fv2%2Fproduct_tag&post=3985"}],"curies":[{"name":"wp","href":"https:\/\/api.w.org\/{rel}","templated":true}]}}