{"id":3949,"date":"2024-03-02T01:27:36","date_gmt":"2024-03-02T01:27:36","guid":{"rendered":"https:\/\/chocokhi.vn\/san-pham\/may-cua-vong-s-2630-706\/"},"modified":"2024-03-02T01:27:36","modified_gmt":"2024-03-02T01:27:36","slug":"may-cua-vong-s-2630-706","status":"publish","type":"product","link":"https:\/\/chocokhi.vn\/san-pham\/may-cua-vong-s-2630-706.html","title":{"rendered":"M\u00e1y c\u01b0a v\u00f2ng S 2630"},"content":{"rendered":"<\/p>\n<div class=\"tab\">\n<p style=\"text-align: center\"><span style=\"color:#FF0000\"><span style=\"font-size:20px\"><strong><span style=\"font-family:arial,helvetica,sans-serif\">M\u00c1Y C\u01afA V\u00d2NG B\u00c1N T\u1ef0 \u0110\u1ed8NG S 2630<\/span><\/strong><\/span><\/span><\/p>\n<p style=\"text-align: center\">\u00a0<\/p>\n<p><span style=\"line-height:1.5em\"><span style=\"font-family:arial,helvetica,sans-serif\">M\u00e1y c\u01b0a v\u00f2ng b\u00e1n t\u1ef1 \u0111\u1ed9ng S 2630\u00a0\u0111\u01b0\u1ee3c \u1ee9ng d\u1ee5ng r\u1ed9ng r\u00e3i trong c\u00e1c ng\u00e0nh c\u00f4ng nghi\u1ec7p,gia c\u00f4ng kim lo\u1ea1i,gia c\u00f4ng khu\u00f4n m\u1eabu&#8230; M\u00e1y \u0111\u01b0\u1ee3c nh\u1eadp kh\u1ea9u nguy\u00ean chi\u1ebfc t\u1eeb \u0110\u00e0i Loan\u00a0l\u00e0 d\u00f2ng\u00a0m\u00e1y c\u00f3 gi\u00e1 th\u00e0nh h\u1ee3p l\u00ed nh\u1ea5t v\u00e0 hi\u1ec7u qu\u1ea3 nh\u1ea5t \u0111\u1ed1i v\u1edbi c\u00e1c c\u00f4ng ty s\u1ea3n xu\u1ea5t c\u01a1 kh\u00ed.C\u1ea5u tr\u00fac m\u00e1y h\u1ee3p l\u00fd, \u1ed5n \u0111\u1ecbnh v\u00e0 \u0111\u1ed9 ch\u00ednh x\u00e1c c\u1ef1c cao.M\u00e1y cho ph\u00e9p c\u1eaft c\u00e1c v\u1eadt li\u1ec7u c\u00f3 h\u00ecnh d\u1ea1ng kh\u00e1c nhau nh\u01b0:s\u1eaft \u0111\u1eb7c,s\u1eaft r\u1ed7ng,d\u1ea7m I,d\u1ea7m L,d\u1ea7m H&#8230;<\/span><\/span><\/p>\n<p>\u00a0<\/p>\n<p><span style=\"line-height:1.5em\"><span style=\"font-family:arial,helvetica,sans-serif\">\u00a0 \u00a0 \u00a0 \u00a0 \u00a0 \u00a0\u00a0<img loading=\"lazy\" decoding=\"async\" height=\"551\" src=\"https:\/\/chocokhi.vn\/wp-content\/uploads\/2024\/03\/s-2630-ban-tu-dong.jpg\" width=\"734\" title=\"s-2630-ban-tu-dong\"><\/span><\/span><\/p>\n<p>\u00a0<\/p>\n<p>\u00a0\u00a0<span style=\"color:#FF0000\"><span style=\"font-family:arial,helvetica,sans-serif\"><strong>V\u1eacT LI\u1ec6U M\u00c1Y C\u01afA V\u00d2NG B\u00c1N T\u1ef0 \u0110\u00d4NG S 2630 C\u00d3 TH\u1ec2 C\u1eaeT\u00a0 \u0110\u01af\u1ee2C<\/strong><\/span><\/span><\/p>\n<p>\u00a0<\/p>\n<p>\u00a0<\/p>\n<p>\u00a0 \u00a0 \u00a0 \u00a0 \u00a0 \u00a0 <img loading=\"lazy\" decoding=\"async\" height=\"477\" src=\"https:\/\/chocokhi.vn\/wp-content\/uploads\/2024\/03\/se1baa3n20phe1baa9m20ce1baaft20ce1bba7a20mc3a1y20cc6b0a20vc3b2ng20gold20saws1.jpg\" width=\"743\" title=\"se1baa3n20phe1baa9m20ce1baaft20ce1bba7a20mc3a1y20cc6b0a20vc3b2ng20gold20saws1\">\u00a0 \u00a0 \u00a0 \u00a0 \u00a0 \u00a0 \u00a0\u00a0 \u00a0 \u00a0\u00a0<\/p>\n<p>\u00a0 \u00a0 \u00a0 \u00a0 \u00a0 \u00a0 \u00a0 \u00a0 \u00a0 \u00a0 \u00a0 \u00a0 \u00a0 \u00a0 \u00a0 \u00a0 \u00a0 \u00a0 \u00a0 \u00a0 \u00a0 \u00a0 \u00a0 \u00a0 \u00a0 \u00a0 \u00a0 \u00a0 \u00a0 \u00a0 \u00a0 \u00a0<\/p>\n<p><strong style=\"font-size: 18px;font-family: arial, helvetica, sans-serif;text-align: center\">\u00a0C\u00f3 th\u1ec3 c\u1eaft \u0111\u01b0\u1ee3c s\u1eaft h\u00ecnh ch\u1eef nh\u1eadt<\/strong><\/p>\n<p style=\"text-align: center\">\u00a0<\/p>\n<p><span style=\"color:#000000\"><span style=\"font-family:arial,helvetica,sans-serif\">\u00a0 \u00a0 \u00a0 \u00a0 \u00a0 \u00a0 \u00a0 \u00a0<img loading=\"lazy\" decoding=\"async\" height=\"329\" src=\"https:\/\/chocokhi.vn\/wp-content\/uploads\/2024\/03\/chocokhi_vn20ce1baaft20se1baaft20e1bb91ng1.jpg\" width=\"708\" title=\"chocokhi_vn20ce1baaft20se1baaft20e1bb91ng1\"> \u00a0 \u00a0 \u00a0\u00a0<\/span><\/span><span style=\"color:#000000\"><span style=\"font-family:arial,helvetica,sans-serif\">\u00a0 \u00a0 \u00a0 \u00a0 \u00a0 \u00a0<\/span><\/span><span style=\"text-align: center\">\u00a0 \u00a0<\/span><\/p>\n<p>\u00a0<\/p>\n<p><span style=\"text-align: center\">\u00a0<\/span><span style=\"text-align: center;font-family: arial, helvetica, sans-serif\"><span style=\"font-size:18px\"><strong>C\u00f3 th\u1ec3 c\u1eaft \u0111\u01b0\u1ee3c s\u1eaft \u1ed1ng<\/strong><\/span><\/span><\/p>\n<p>\u00a0 \u00a0 \u00a0 \u00a0 \u00a0 \u00a0 \u00a0 \u00a0 \u00a0 \u00a0 \u00a0 \u00a0 \u00a0 \u00a0 \u00a0 \u00a0 \u00a0 \u00a0 \u00a0 \u00a0 \u00a0 \u00a0 \u00a0 \u00a0 \u00a0 \u00a0 \u00a0 \u00a0 \u00a0 \u00a0 \u00a0 \u00a0 \u00a0 \u00a0 \u00a0 \u00a0\u00a0<\/p>\n<p>\u00a0 \u00a0 \u00a0 \u00a0 \u00a0 \u00a0 \u00a0 \u00a0<img loading=\"lazy\" decoding=\"async\" height=\"616\" src=\"https:\/\/chocokhi.vn\/wp-content\/uploads\/2024\/03\/se1baaft20c491e1bab7c20-20che1bba320cc6a120khc3ad.png\" width=\"606\" title=\"se1baaft20c491e1bab7c20-20che1bba320cc6a120khc3ad\">\u00a0 \u00a0 \u00a0 \u00a0 \u00a0 \u00a0 \u00a0 \u00a0 \u00a0 \u00a0 \u00a0 \u00a0 \u00a0 \u00a0 \u00a0 \u00a0 \u00a0<\/p>\n<p>\u00a0<\/p>\n<p><strong style=\"font-family: arial, helvetica, sans-serif;font-size: 18px\">\u00a0C\u1eaft \u0111\u01b0\u1ee3c s\u1eaft \u0111\u1eb7c<\/strong><\/p>\n<p>\u00a0<\/p>\n<table border=\"0\" class=\"cadch_table07\" style=\"border-spacing: 0px;border-collapse: collapse;width: 768px\">\n<tbody>\n<tr style=\"height: 60px\">\n<td style=\"padding: 5px;text-align: center;width: 383px\"><span style=\"color:#FF0000\"><span style=\"font-size:18px\"><strong>S 2630<\/strong><\/span><\/span><\/td>\n<td style=\"padding: 5px;text-align: center;width: 382px\"><span style=\"color:#FF0000\"><span style=\"font-size:18px\"><strong>TH\u00d4NG S\u1ed0 K\u1ef8 THU\u1eacT<\/strong><\/span><\/span><\/td>\n<\/tr>\n<tr style=\"height: 50px\">\n<td style=\"padding: 5px;width: 383px\"><font size=\"3\">Kh\u1ea3 n\u0103ng c\u1eaft tr\u00f2n\u00a0<\/font><\/td>\n<td style=\"padding: 5px;width: 382px\"><span style=\"font-size: medium\"><font style=\"vertical-align: inherit\"><font style=\"vertical-align: inherit\">260 mm<\/font><\/font><\/span><\/td>\n<\/tr>\n<tr style=\"height: 50px\">\n<td style=\"padding: 5px;width: 383px\"><span style=\"font-size: medium\"><font style=\"vertical-align: inherit\"><font style=\"vertical-align: inherit\">Kh\u1ea3 n\u0103ng c\u1eaft vu\u00f4ng<\/font><\/font><\/span><\/td>\n<td style=\"padding: 5px;width: 382px\"><span style=\"font-size: medium\"><font style=\"vertical-align: inherit\"><font style=\"vertical-align: inherit\">260 mm<\/font><\/font><\/span><\/td>\n<\/tr>\n<tr style=\"height: 50px\">\n<td style=\"padding: 5px;width: 383px\"><span style=\"font-size: medium\"><font style=\"vertical-align: inherit\"><font style=\"vertical-align: inherit\">Kh\u1ea3 n\u0103ng h\u00ecnh ch\u1eef nh\u1eadt (HxW)<\/font><\/font><\/span><\/td>\n<td style=\"padding: 5px;width: 382px\"><span style=\"font-size: medium\"><font style=\"vertical-align: inherit\"><font style=\"vertical-align: inherit\">260 x 300 mm\u00a0\u00a0<\/font><\/font><\/span><\/td>\n<\/tr>\n<tr style=\"height: 50px\">\n<td style=\"padding: 5px;width: 383px\"><span style=\"font-size: medium\"><font style=\"vertical-align: inherit\"><font style=\"vertical-align: inherit\">T\u1ed1c \u0111\u1ed9 l\u01b0\u1ee1i<\/font><\/font><\/span><\/td>\n<td style=\"padding: 5px;width: 382px\"><span style=\"font-size: medium\"><font style=\"vertical-align: inherit\"><font style=\"vertical-align: inherit\">20-100 m \/ ph\u00fat<\/font><\/font><\/span><\/td>\n<\/tr>\n<tr style=\"height: 50px\">\n<td style=\"padding: 5px;width: 383px\"><span style=\"font-size: medium\"><font style=\"vertical-align: inherit\"><font style=\"vertical-align: inherit\">K\u00edch th\u01b0\u1edbc l\u01b0\u1ee1i c\u1eaft (LxWxT)<\/font><\/font><\/span><\/td>\n<td style=\"padding: 5px;width: 382px\">\n<p style=\"margin: 0px 0px 10px\"><span style=\"font-size: medium\"><font style=\"vertical-align: inherit\"><font style=\"vertical-align: inherit\">4100 x 34 x 1,1 mm<\/font><\/font><\/span><\/p>\n<\/td>\n<\/tr>\n<tr style=\"height: 50px\">\n<td style=\"padding: 5px;width: 383px\"><span style=\"font-size: medium\"><font style=\"vertical-align: inherit\"><font style=\"vertical-align: inherit\">\u0110\u1ed9ng c\u01a1 phi\u1ebfn<\/font><\/font><\/span><\/td>\n<td style=\"padding: 5px;width: 382px\"><span style=\"font-size: medium\"><font style=\"vertical-align: inherit\"><font style=\"vertical-align: inherit\">5 HP<\/font><\/font><\/span><\/td>\n<\/tr>\n<tr style=\"height: 50px\">\n<td style=\"padding: 5px;width: 383px\"><span style=\"font-size: medium\"><font style=\"vertical-align: inherit\"><font style=\"vertical-align: inherit\">\u0110\u1ed9ng c\u01a1 th\u1ee7y l\u1ef1c<\/font><\/font><\/span><\/td>\n<td style=\"padding: 5px;width: 382px\"><span style=\"font-size: medium\"><font style=\"vertical-align: inherit\"><font style=\"vertical-align: inherit\">1 HP\u00a0<\/font><\/font><\/span><\/td>\n<\/tr>\n<tr style=\"height: 50px\">\n<td style=\"padding: 5px;width: 383px\"><span style=\"font-size: medium\"><font style=\"vertical-align: inherit\"><font style=\"vertical-align: inherit\">\u0110\u1ed9ng c\u01a1 l\u00e0m m\u00e1t<\/font><\/font><\/span><\/td>\n<td style=\"padding: 5px;width: 382px\"><span style=\"font-size: medium\"><font style=\"vertical-align: inherit\"><font style=\"vertical-align: inherit\">1\/8 HP<\/font><\/font><\/span><\/td>\n<\/tr>\n<tr style=\"height: 50px\">\n<td style=\"padding: 5px;width: 383px\"><span style=\"font-size: medium\"><font style=\"vertical-align: inherit\"><font style=\"vertical-align: inherit\">Chi\u1ec1u cao b\u00e0n l\u00e0m vi\u1ec7c<\/font><\/font><\/span><\/td>\n<td style=\"padding: 5px;width: 382px\"><span style=\"font-size: medium\"><font style=\"vertical-align: inherit\"><font style=\"vertical-align: inherit\">790 mm<\/font><\/font><\/span><\/td>\n<\/tr>\n<tr style=\"height: 50px\">\n<td style=\"padding: 5px;width: 383px\"><span style=\"font-size: medium\"><font style=\"vertical-align: inherit\"><font style=\"vertical-align: inherit\">T\u1ed5ng tr\u1ecdng l\u01b0\u1ee3ng<\/font><\/font><\/span><\/td>\n<td style=\"padding: 5px;width: 382px\"><span style=\"font-size: medium\"><font style=\"vertical-align: inherit\"><font style=\"vertical-align: inherit\">1700 kg<\/font><\/font><\/span><\/td>\n<\/tr>\n<tr style=\"height: 50px\">\n<td style=\"padding: 5px;width: 383px\"><span style=\"font-size: medium\"><font style=\"vertical-align: inherit\"><font style=\"vertical-align: inherit\">Kh\u00f4ng gian s\u00e0n (LxWxH)<\/font><\/font><\/span><\/td>\n<td style=\"padding: 5px;width: 382px\"><span style=\"font-size: medium\"><font style=\"vertical-align: inherit\"><font style=\"vertical-align: inherit\">2100 x 1780 x 1400 mm\u00a0<\/font><\/font><\/span><\/td>\n<\/tr>\n<\/tbody>\n<\/table><\/div>\n","protected":false},"excerpt":{"rendered":"<div class=\"ndung_mota clearfix\">\n<p style=\"text-align: justify\"><span style=\"font-family:arial,helvetica,sans-serif\"><strong><span style=\"color:#FF0000\">L\u00dd DO N\u00caN CH\u1eccN MUA M\u00c1Y GOLDEN SAWS<\/span><\/strong><\/span><\/p>\n<ul>\n<li><span style=\"font-family:arial,helvetica,sans-serif\">M\u00e1y \u0111\u01b0\u1ee3c nh\u1eadp nguy\u00ean chi\u1ebfc t\u1eeb \u0110\u00e0i Loan<\/span><\/li>\n<li><span style=\"font-family:arial,helvetica,sans-serif\">T\u00edch h\u1ee3p C\u00f4ng ngh\u1ec7\u00a0 Smart NC-100 ch\u1ea1y t\u1ef1 \u0111\u1ed9ng 100 ch\u01b0\u01a1ng tr\u00ecnh <\/span><\/li>\n<li><span style=\"font-family:arial,helvetica,sans-serif\">H\u1ec7 th\u1ed1ng m\u00e1y l\u00e0m m\u00e1t ho\u1ea1t \u0111\u1ed9ng li\u00ean t\u1ee5c.<\/span><\/li>\n<li><span style=\"font-family:arial,helvetica,sans-serif\">C\u00f3 th\u1ec3 \u0111i\u1ec1u ch\u1ec9nh t\u1ed1c \u0111\u1ed9<\/span><\/li>\n<li><span style=\"font-family:arial,helvetica,sans-serif\">C\u1eaft \u0111\u01b0\u1ee3c nhi\u1ec1u v\u1eadt li\u1ec7u c\u00f3 \u0111\u1ed9 c\u1ee9ng cao<\/span><\/li>\n<li><span style=\"font-family:arial,helvetica,sans-serif\">B\u1ea3o h\u00e0nh : <strong>12 th\u00e1ng<\/strong><\/span><\/li>\n<li><span style=\"font-family:arial,helvetica,sans-serif\">T\u00ecnh tr\u1ea1ng: S\u1ea3n xu\u1ea5t t\u1eeb <strong>30-40 ng\u00e0y.<\/strong><\/span><\/li>\n<li><span style=\"font-family:arial,helvetica,sans-serif\">Kh\u1ea3o s\u00e1t, t\u01b0 v\u1ea5n cung c\u1ea5p gi\u1ea3i ph\u00e1p t\u1ed1i \u01b0u<\/span><\/li>\n<li><span style=\"font-family:arial,helvetica,sans-serif\">D\u1ecbch v\u1ee5 h\u1eadu m\u00e3i nhanh ch\u00f3ng chuy\u00ean nghi\u1ec7p<\/span><\/li>\n<li><span style=\"font-family:arial,helvetica,sans-serif\">Gi\u00e1 th\u00e0nh c\u1ea1nh tranh nh\u1ea5t<\/span><\/li>\n<li><span style=\"font-family:arial,helvetica,sans-serif\">Linh ki\u1ec7n lu\u00f4n c\u00f3 s\u1eb5n \u0111\u1ec3 \u0111\u00e1p \u1ee9ng nhu c\u1ea7u thay th\u1ebf<\/span><\/li>\n<li><span style=\"font-family:arial,helvetica,sans-serif\">H\u1ed7 tr\u1ee3 t\u01b0 v\u1ea5n 24\/7, uy t\u00edn, trung th\u1ef1c<\/span><\/li>\n<li><span style=\"font-family:arial,helvetica,sans-serif\">Gi\u00e1 th\u00e0nh c\u1ea1nh tranh nh\u1ea5t<\/span><\/li>\n<li><span style=\"font-family:arial,helvetica,sans-serif\">Giao h\u00e0ng mi\u1ec5n ph\u00ed<\/span><\/li>\n<\/ul>\n<p>\u00a0<\/p>\n<\/div>\n","protected":false},"featured_media":3950,"comment_status":"closed","ping_status":"closed","template":"","meta":[],"product_brand":[],"product_cat":[60],"product_tag":[],"class_list":{"0":"post-3949","1":"product","2":"type-product","3":"status-publish","4":"has-post-thumbnail","6":"product_cat-may-cua-vong","8":"first","9":"instock","10":"shipping-taxable","11":"product-type-simple"},"_links":{"self":[{"href":"https:\/\/chocokhi.vn\/index.php?rest_route=\/wp\/v2\/product\/3949","targetHints":{"allow":["GET"]}}],"collection":[{"href":"https:\/\/chocokhi.vn\/index.php?rest_route=\/wp\/v2\/product"}],"about":[{"href":"https:\/\/chocokhi.vn\/index.php?rest_route=\/wp\/v2\/types\/product"}],"replies":[{"embeddable":true,"href":"https:\/\/chocokhi.vn\/index.php?rest_route=%2Fwp%2Fv2%2Fcomments&post=3949"}],"wp:featuredmedia":[{"embeddable":true,"href":"https:\/\/chocokhi.vn\/index.php?rest_route=\/wp\/v2\/media\/3950"}],"wp:attachment":[{"href":"https:\/\/chocokhi.vn\/index.php?rest_route=%2Fwp%2Fv2%2Fmedia&parent=3949"}],"wp:term":[{"taxonomy":"product_brand","embeddable":true,"href":"https:\/\/chocokhi.vn\/index.php?rest_route=%2Fwp%2Fv2%2Fproduct_brand&post=3949"},{"taxonomy":"product_cat","embeddable":true,"href":"https:\/\/chocokhi.vn\/index.php?rest_route=%2Fwp%2Fv2%2Fproduct_cat&post=3949"},{"taxonomy":"product_tag","embeddable":true,"href":"https:\/\/chocokhi.vn\/index.php?rest_route=%2Fwp%2Fv2%2Fproduct_tag&post=3949"}],"curies":[{"name":"wp","href":"https:\/\/api.w.org\/{rel}","templated":true}]}}