{"id":3800,"date":"2024-03-02T01:24:55","date_gmt":"2024-03-02T01:24:55","guid":{"rendered":"https:\/\/chocokhi.vn\/san-pham\/may-cua-vong-tu-dong-a4747-713\/"},"modified":"2024-03-02T01:24:55","modified_gmt":"2024-03-02T01:24:55","slug":"may-cua-vong-tu-dong-a4747-713","status":"publish","type":"product","link":"https:\/\/chocokhi.vn\/san-pham\/may-cua-vong-tu-dong-a4747-713.html","title":{"rendered":"M\u00e1y c\u01b0a v\u00f2ng t\u1ef1 \u0111\u1ed9ng A4747"},"content":{"rendered":"<\/p>\n<div class=\"tab\">\n<p>\u00a0<\/p>\n<p><span style=\"color:#FF0000\"><span style=\"font-size:18px\"><span style=\"font-family:arial,helvetica,sans-serif\"><strong>M\u00c1Y C\u01afA V\u00d2NG HO\u00c0N TO\u00c0N T\u1ef0 \u0110\u1ed8NG A4747<\/strong><\/span><\/span><\/span><\/p>\n<p>\u00a0<\/p>\n<p><span style=\"font-family:arial,helvetica,sans-serif\"><span style=\"line-height:1.6em\">M\u00e1y c\u01b0a s\u1eaft NC Golden Saws A4747 \u0111\u01b0\u1ee3c \u1ee9ng d\u1ee5ng r\u1ed9ng r\u00e3i trong c\u00e1c ng\u00e0nh c\u00f4ng nghi\u1ec7p, gia c\u00f4ng kim lo\u1ea1i, gia c\u00f4ng khu\u00f4n m\u1eabu&#8230; M\u00e1y \u0111\u01b0\u1ee3c nh\u1eadp kh\u1ea9u nguy\u00ean chi\u1ebfc t\u1eeb \u0110\u00e0i Loan th\u01b0\u01a1ng hi\u1ec7u Golden Saws m\u1ed9t trong nh\u1eefng th\u01b0\u01a1ng hi\u1ec7u n\u1ed5i ti\u1ebfng v\u1ec1 m\u00e1y c\u01b0a kim lo\u1ea1i \u0111ang \u0111\u01b0\u1ee3c kh\u00e1ch h\u00e0ng \u01b0u chu\u1ed9ng v\u00e0 tin d\u00f9ng nh\u1ea5t tr\u00ean to\u00e0n c\u1ea7u.<\/span><\/span><\/p>\n<p>\u00a0<\/p>\n<p>\u00a0<\/p>\n<p>\u00a0<img loading=\"lazy\" decoding=\"async\" height=\"446\" src=\"https:\/\/chocokhi.vn\/wp-content\/uploads\/2024\/03\/a-4747-tu-dong.jpg\" width=\"595\" title=\"a-4747-tu-dong\"><\/p>\n<table border=\"0\" class=\"cadch_table07\" style='border-spacing: 0px;border-collapse: collapse;font-family: Arial, \u5fae\u8edf\u6b63\u9ed1\u9ad4, \"Microsoft JhengHei\", \u65b0\u7d30\u660e\u9ad4, PMingLiU, sans-serif;font-size: 14px;width: 847.333px'>\n<tbody>\n<tr style=\"height: 60px\">\n<td style=\"padding: 5px;text-align: center\"><span style=\"color:#FF0000\"><span style=\"font-size:16px\"><strong>4747<\/strong><\/span><\/span><\/td>\n<td style=\"padding: 5px;text-align: center\"><span style=\"color:#FF0000\"><span style=\"font-size:16px\"><strong>TH\u00d4NG S\u1ed0 K\u1ef8 THU\u1eacT<\/strong><\/span><\/span><\/td>\n<\/tr>\n<tr style=\"height: 50px\">\n<td style=\"padding: 5px\"><span style=\"font-size: medium\"><font style=\"vertical-align: inherit\"><font style=\"vertical-align: inherit\">Kh\u1ea3 n\u0103ng c\u1eaft tr\u00f2n<\/font><\/font><\/span><\/td>\n<td style=\"padding: 5px\"><span style=\"font-size: medium\"><font style=\"vertical-align: inherit\"><font style=\"vertical-align: inherit\">470 mm<\/font><\/font><\/span><\/td>\n<\/tr>\n<tr style=\"height: 50px\">\n<td style=\"padding: 5px\"><span style=\"font-size: medium\"><font style=\"vertical-align: inherit\"><font style=\"vertical-align: inherit\">Kh\u1ea3 n\u0103ng c\u1eaft vu\u00f4ng<\/font><\/font><\/span><\/td>\n<td style=\"padding: 5px\"><span style=\"font-size: medium\"><font style=\"vertical-align: inherit\"><font style=\"vertical-align: inherit\">470 mm<\/font><\/font><\/span><\/td>\n<\/tr>\n<tr style=\"height: 50px\">\n<td style=\"padding: 5px\"><span style=\"font-size: medium\"><font style=\"vertical-align: inherit\"><font style=\"vertical-align: inherit\">Kh\u1ea3 n\u0103ng c\u1eaft h\u00ecnh ch\u1eef nh\u1eadt (HxW)<\/font><\/font><\/span><\/td>\n<td style=\"padding: 5px\"><span style=\"font-size: medium\"><font style=\"vertical-align: inherit\"><font style=\"vertical-align: inherit\">470 x 470 mm<\/font><\/font><\/span><\/td>\n<\/tr>\n<tr style=\"height: 50px\">\n<td style=\"padding: 5px\"><span style=\"font-size: medium\"><font style=\"vertical-align: inherit\"><font style=\"vertical-align: inherit\">T\u1ed1c \u0111\u1ed9 l\u01b0\u1ee1i<\/font><\/font><\/span><\/td>\n<td style=\"padding: 5px\"><span style=\"font-size: medium\"><font style=\"vertical-align: inherit\"><font style=\"vertical-align: inherit\">20-100 m \/ ph\u00fat<\/font><\/font><\/span><\/td>\n<\/tr>\n<tr style=\"height: 50px\">\n<td style=\"padding: 5px\"><span style=\"font-size: medium\"><font style=\"vertical-align: inherit\"><font style=\"vertical-align: inherit\">K\u00edch th\u01b0\u1edbc l\u01b0\u1ee1i c\u1eaft (LxWxT)<\/font><\/font><\/span><\/td>\n<td style=\"padding: 5px\"><span style=\"font-size: medium\"><font style=\"vertical-align: inherit\"><font style=\"vertical-align: inherit\">5040 x 41 x 1,3 mm\u00a0<\/font><\/font><\/span><\/td>\n<\/tr>\n<tr style=\"height: 50px\">\n<td style=\"padding: 5px\"><span style=\"font-size: medium\"><font style=\"vertical-align: inherit\"><font style=\"vertical-align: inherit\">\u0110\u1ed9ng c\u01a1 phi\u1ebfn<\/font><\/font><\/span><\/td>\n<td style=\"padding: 5px\"><span style=\"font-size: medium\"><font style=\"vertical-align: inherit\"><font style=\"vertical-align: inherit\">7,5 HP<\/font><\/font><\/span><\/td>\n<\/tr>\n<tr style=\"height: 50px\">\n<td style=\"padding: 5px\"><span style=\"font-size: medium\"><font style=\"vertical-align: inherit\"><font style=\"vertical-align: inherit\">\u0110\u1ed9ng c\u01a1 th\u1ee7y l\u1ef1c<\/font><\/font><\/span><\/td>\n<td style=\"padding: 5px\"><span style=\"font-size: medium\"><font style=\"vertical-align: inherit\"><font style=\"vertical-align: inherit\">2 HP\u00a0<\/font><\/font><\/span><\/td>\n<\/tr>\n<tr style=\"height: 50px\">\n<td style=\"padding: 5px\"><span style=\"font-size: medium\"><font style=\"vertical-align: inherit\"><font style=\"vertical-align: inherit\">\u0110\u1ed9ng c\u01a1 l\u00e0m m\u00e1t<\/font><\/font><\/span><\/td>\n<td style=\"padding: 5px\"><span style=\"font-size: medium\"><font style=\"vertical-align: inherit\"><font style=\"vertical-align: inherit\">1\/4 HP\u00a0<\/font><\/font><\/span><\/td>\n<\/tr>\n<tr style=\"height: 50px\">\n<td style=\"padding: 5px\"><span style=\"font-size: medium\"><font style=\"vertical-align: inherit\"><font style=\"vertical-align: inherit\">Chi\u1ec1u cao b\u00e0n l\u00e0m vi\u1ec7c<\/font><\/font><\/span><\/td>\n<td style=\"padding: 5px\"><span style=\"font-size: medium\"><font style=\"vertical-align: inherit\"><font style=\"vertical-align: inherit\">800 mm\u00a0<\/font><\/font><\/span><\/td>\n<\/tr>\n<tr style=\"height: 50px\">\n<td style=\"padding: 5px\"><span style=\"font-size: medium\"><font style=\"vertical-align: inherit\"><font style=\"vertical-align: inherit\">T\u1ed5ng tr\u1ecdng l\u01b0\u1ee3ng<\/font><\/font><\/span><\/td>\n<td style=\"padding: 5px\"><span style=\"font-size: medium\"><font style=\"vertical-align: inherit\"><font style=\"vertical-align: inherit\">2500 kg<\/font><\/font><\/span><\/td>\n<\/tr>\n<tr style=\"height: 50px\">\n<td style=\"padding: 5px\"><span style=\"font-size: medium\"><font style=\"vertical-align: inherit\"><font style=\"vertical-align: inherit\">Kh\u00f4ng gian s\u00e0n (LxWxH)<\/font><\/font><\/span><\/td>\n<td style=\"padding: 5px\"><span style=\"font-size: medium\"><font style=\"vertical-align: inherit\"><font style=\"vertical-align: inherit\">2610 x 2318 x 2615 mm<\/font><\/font><\/span><\/td>\n<\/tr>\n<\/tbody>\n<\/table>\n<p>\u00a0<\/p>\n<p>\u00a0<\/p>\n<\/p><\/div>\n","protected":false},"excerpt":{"rendered":"<div class=\"ndung_mota clearfix\">\n<p><strong><span style=\"color:#FF0000\"><span style=\"font-family:arial,helvetica,sans-serif\">L\u00dd DO N\u00caN MUA\u00a0 M\u00c1Y C\u01afA V\u00d2NG GOLDEN SAWS<\/span><\/span><\/strong><\/p>\n<ul>\n<li><span style=\"line-height:1.5em\"><span style=\"font-family:arial,helvetica,sans-serif\">M\u00e1y \u0111\u01b0\u1ee3c nh\u1eadp nguy\u00ean chi\u1ebfc t\u1eeb \u0110\u00e0i Loan<\/span><\/span><\/li>\n<li><span style=\"line-height:1.5em\"><span style=\"font-family:arial,helvetica,sans-serif\">T\u00edch h\u1ee3p C\u00f4ng ngh\u1ec7\u00a0 Smart NC-100 ch\u1ea1y t\u1ef1 \u0111\u1ed9ng 100 ch\u01b0\u01a1ng tr\u00ecnh<\/span><\/span><\/li>\n<li><span style=\"line-height:1.5em\"><span style=\"font-family:arial,helvetica,sans-serif\">H\u1ec7 th\u1ed1ng m\u00e1y l\u00e0m m\u00e1t ho\u1ea1t \u0111\u1ed9ng li\u00ean t\u1ee5c.<\/span><\/span><\/li>\n<li><span style=\"line-height:1.5em\"><span style=\"font-family:arial,helvetica,sans-serif\">C\u00f3 th\u1ec3 \u0111i\u1ec1u ch\u1ec9nh t\u1ed1c \u0111\u1ed9<\/span><\/span><\/li>\n<li><span style=\"line-height:1.5em\"><span style=\"font-family:arial,helvetica,sans-serif\">C\u1eaft \u0111\u01b0\u1ee3c nhi\u1ec1u v\u1eadt li\u1ec7u c\u00f3 \u0111\u1ed9 c\u1ee9ng cao<\/span><\/span><\/li>\n<li><strong><span style=\"line-height:1.5em\"><span style=\"font-family:arial,helvetica,sans-serif\">B\u1ea3o h\u00e0nh : 12 th\u00e1ng<\/span><\/span><\/strong><\/li>\n<li><strong><span style=\"line-height:1.5em\"><span style=\"font-family:arial,helvetica,sans-serif\">T\u00ecnh tr\u1ea1ng: S\u1ea3n xu\u1ea5t t\u1eeb 30-40 ng\u00e0y.<\/span><\/span><\/strong><\/li>\n<li><span style=\"line-height:1.5em\"><span style=\"font-family:arial,helvetica,sans-serif\">Kh\u1ea3o s\u00e1t, t\u01b0 v\u1ea5n cung c\u1ea5p gi\u1ea3i ph\u00e1p t\u1ed1i \u01b0u<\/span><\/span><\/li>\n<li><span style=\"line-height:1.5em\"><span style=\"font-family:arial,helvetica,sans-serif\">D\u1ecbch v\u1ee5 h\u1eadu m\u00e3i nhanh ch\u00f3ng chuy\u00ean nghi\u1ec7p<\/span><\/span><\/li>\n<li><span style=\"line-height:1.5em\"><span style=\"font-family:arial,helvetica,sans-serif\">Gi\u00e1 th\u00e0nh c\u1ea1nh tranh nh\u1ea5t<\/span><\/span><\/li>\n<li><span style=\"line-height:1.5em\"><span style=\"font-family:arial,helvetica,sans-serif\">Linh ki\u1ec7n lu\u00f4n c\u00f3 s\u1eb5n \u0111\u1ec3 \u0111\u00e1p \u1ee9ng nhu c\u1ea7u thay th\u1ebf<\/span><\/span><\/li>\n<li><span style=\"line-height:1.5em\"><span style=\"font-family:arial,helvetica,sans-serif\">H\u1ed7 tr\u1ee3 t\u01b0 v\u1ea5n 24\/7, uy t\u00edn<\/span><\/span><\/li>\n<li><span style=\"line-height:1.5em\"><span style=\"font-family:arial,helvetica,sans-serif\">Gi\u00e1 th\u00e0nh c\u1ea1nh tranh nh\u1ea5t<\/span><\/span><\/li>\n<li><strong><span style=\"line-height:1.5em\"><span style=\"font-family:arial,helvetica,sans-serif\">Giao h\u00e0ng mi\u1ec5n ph\u00ed<\/span><\/span><\/strong><\/li>\n<\/ul>\n<\/div>\n","protected":false},"featured_media":3801,"comment_status":"closed","ping_status":"closed","template":"","meta":[],"product_brand":[],"product_cat":[60],"product_tag":[],"class_list":{"0":"post-3800","1":"product","2":"type-product","3":"status-publish","4":"has-post-thumbnail","6":"product_cat-may-cua-vong","8":"first","9":"instock","10":"shipping-taxable","11":"product-type-simple"},"_links":{"self":[{"href":"https:\/\/chocokhi.vn\/index.php?rest_route=\/wp\/v2\/product\/3800","targetHints":{"allow":["GET"]}}],"collection":[{"href":"https:\/\/chocokhi.vn\/index.php?rest_route=\/wp\/v2\/product"}],"about":[{"href":"https:\/\/chocokhi.vn\/index.php?rest_route=\/wp\/v2\/types\/product"}],"replies":[{"embeddable":true,"href":"https:\/\/chocokhi.vn\/index.php?rest_route=%2Fwp%2Fv2%2Fcomments&post=3800"}],"wp:featuredmedia":[{"embeddable":true,"href":"https:\/\/chocokhi.vn\/index.php?rest_route=\/wp\/v2\/media\/3801"}],"wp:attachment":[{"href":"https:\/\/chocokhi.vn\/index.php?rest_route=%2Fwp%2Fv2%2Fmedia&parent=3800"}],"wp:term":[{"taxonomy":"product_brand","embeddable":true,"href":"https:\/\/chocokhi.vn\/index.php?rest_route=%2Fwp%2Fv2%2Fproduct_brand&post=3800"},{"taxonomy":"product_cat","embeddable":true,"href":"https:\/\/chocokhi.vn\/index.php?rest_route=%2Fwp%2Fv2%2Fproduct_cat&post=3800"},{"taxonomy":"product_tag","embeddable":true,"href":"https:\/\/chocokhi.vn\/index.php?rest_route=%2Fwp%2Fv2%2Fproduct_tag&post=3800"}],"curies":[{"name":"wp","href":"https:\/\/api.w.org\/{rel}","templated":true}]}}