{"id":3652,"date":"2024-03-02T01:22:40","date_gmt":"2024-03-02T01:22:40","guid":{"rendered":"https:\/\/chocokhi.vn\/san-pham\/luoi-cua-m51-l4880-41mm-x-13mm-x-23tpi-aurum-honsberg-218\/"},"modified":"2024-03-02T01:22:40","modified_gmt":"2024-03-02T01:22:40","slug":"luoi-cua-m51-l4880-41mm-x-13mm-x-23tpi-aurum-honsberg-218","status":"publish","type":"product","link":"https:\/\/chocokhi.vn\/san-pham\/luoi-cua-m51-l4880-41mm-x-13mm-x-23tpi-aurum-honsberg-218.html","title":{"rendered":"L\u01b0\u1ee1i c\u01b0a M51 L4880 41mm x 1.3mm x 2\/3TPI Aurum HONSBERG"},"content":{"rendered":"<\/p>\n<div class=\"tab\">\n<table border=\"1\" cellpadding=\"1\" cellspacing=\"1\" style=\"height:40px;width:500px\">\n<tbody>\n<tr>\n<td style=\"text-align: center\"><span style=\"color:#FFFFFF\">TH\u00d4NG S\u1ed0 QUY C\u00c1CH L\u01af\u1ee0I C\u01afA V\u00d2NG AURUM HONSBERG<\/span><\/td>\n<\/tr>\n<\/tbody>\n<\/table>\n<p><img loading=\"lazy\" decoding=\"async\" height=\"164\" src=\"https:\/\/chocokhi.vn\/wp-content\/uploads\/2024\/03\/thc3b4ng20se1bb9120au-4.png\" width=\"961\" title=\"thc3b4ng20se1bb9120au-4\"><\/p>\n<p><img loading=\"lazy\" decoding=\"async\" height=\"241\" src=\"https:\/\/chocokhi.vn\/wp-content\/uploads\/2024\/03\/lc6b0e1bba1i20cc6b0a20c-4.png\" width=\"472\" title=\"lc6b0e1bba1i20cc6b0a20c-4\"><img loading=\"lazy\" decoding=\"async\" height=\"241\" src=\"https:\/\/chocokhi.vn\/wp-content\/uploads\/2024\/03\/lc6b0e1bba1i20cc6b0a20d-4.jpg\" width=\"402\" title=\"lc6b0e1bba1i20cc6b0a20d-4\"><\/p>\n<p><img loading=\"lazy\" decoding=\"async\" height=\"308\" src=\"https:\/\/chocokhi.vn\/wp-content\/uploads\/2024\/03\/lc6b0e1bba1i20cc6b0a20d-4.png\" width=\"506\" title=\"lc6b0e1bba1i20cc6b0a20d-4\"><\/p>\n<p><img loading=\"lazy\" decoding=\"async\" height=\"290\" src=\"https:\/\/chocokhi.vn\/wp-content\/uploads\/2024\/03\/lc6b0e1bba1i20cc6b0a41-8.png\" width=\"875\" title=\"lc6b0e1bba1i20cc6b0a41-8\"><\/p>\n<p>\u00a0<\/p>\n<p><img loading=\"lazy\" decoding=\"async\" height=\"237\" src=\"https:\/\/chocokhi.vn\/wp-content\/uploads\/2024\/03\/lc6b0e1bba1i20cc6b0a206-8.png\" width=\"900\" title=\"lc6b0e1bba1i20cc6b0a206-8\"><\/p>\n<p>\u00a0<\/p>\n<\/p>\n<p>\u00a0<\/p>\n<p>\u00a0<\/p>\n<\/p><\/div>\n","protected":false},"excerpt":{"rendered":"<div class=\"ndung_mota clearfix\">\n<p style=\"margin: 0px;padding: 6px 0px;font-family: roboto;font-size: 14px\"><span style=\"margin: 0px;padding: 0px\"><strong style=\"margin: 0px;padding: 0px\">L\u00dd DO N\u00caN CH\u1eccN L\u01af\u1ee0I HONSBERG CH\u00daNG T\u00d4I<\/strong><\/span><\/p>\n<p style=\"margin: 0px;padding: 6px 0px;font-family: roboto;font-size: 14px\"><img loading=\"lazy\" decoding=\"async\" alt=\"CH\u1ee2 C\u01a0 KH\u00cd\" height=\"15\" src=\"https:\/\/chocokhi.vn\/wp-content\/uploads\/2024\/03\/icon1-1.gif\" style=\"margin: 0px;padding: 0px;height: auto;max-width: 100%\" width=\"15\">\u00a0\u0110\u01b0\u1ee3c s\u1ea3n xu\u1ea5t t\u1ea1i<strong style=\"margin: 0px;padding: 0px\">\u00a0\u0110\u1ee9c<\/strong><\/p>\n<p style=\"margin: 0px;padding: 6px 0px;font-family: roboto;font-size: 14px\"><img loading=\"lazy\" decoding=\"async\" alt=\"CH\u1ee2 C\u01a0 KH\u00cd\" height=\"15\" src=\"https:\/\/chocokhi.vn\/wp-content\/uploads\/2024\/03\/icon1-1.gif\" style=\"margin: 0px;padding: 0px;height: auto;max-width: 100%\" width=\"15\">\u00a0S\u1ea3n xu\u1ea5t theo c\u00f4ng ngh\u1ec7 t\u00e2n ti\u1ebfn h\u00e0ng \u0111\u1ea7u th\u1ebf gi\u1edbi<\/p>\n<p style=\"margin: 0px;padding: 6px 0px;font-family: roboto;font-size: 14px\"><img loading=\"lazy\" decoding=\"async\" alt=\"CH\u1ee2 C\u01a0 KH\u00cd\" height=\"15\" src=\"https:\/\/chocokhi.vn\/wp-content\/uploads\/2024\/03\/icon1-1.gif\" style=\"margin: 0px;padding: 0px;height: auto;max-width: 100%\" width=\"15\">\u00a0H\u1ec7 th\u1ed1ng ki\u1ec3m so\u00e1t ch\u1ea5t l\u01b0\u1ee3ng b\u1edfi\u00a0<strong style=\"margin: 0px;padding: 0px\">DIN ISO 9001: 2008<\/strong><\/p>\n<p style=\"margin: 0px;padding: 6px 0px;font-family: roboto;font-size: 14px\"><img loading=\"lazy\" decoding=\"async\" alt=\"CH\u1ee2 C\u01a0 KH\u00cd\" height=\"15\" src=\"https:\/\/chocokhi.vn\/wp-content\/uploads\/2024\/03\/icon1-1.gif\" style=\"margin: 0px;padding: 0px;height: auto;max-width: 100%\" width=\"15\">L\u01b0\u1ee1i c\u01b0a \u0111\u01b0\u1ee3c l\u00e0m t\u1eeb v\u1eadt li\u1ec7u l\u01b0\u1ee1ng kim n\u00ean c\u00f3 \u0111\u1ed9 d\u1ebbo<\/p>\n<p style=\"margin: 0px;padding: 6px 0px;font-family: roboto;font-size: 14px\">v\u00e0 \u0111\u00e0n h\u1ed3i t\u1ed1t n\u00ean ng\u0103n ng\u1eeba g\u00e3y l\u01b0\u1ee1i\u00a0<\/p>\n<p style=\"margin: 0px;padding: 6px 0px;font-family: roboto;font-size: 14px\"><img loading=\"lazy\" decoding=\"async\" alt=\"CH\u1ee2 C\u01a0 KH\u00cd\" height=\"15\" src=\"https:\/\/chocokhi.vn\/wp-content\/uploads\/2024\/03\/icon1-1.gif\" style=\"margin: 0px;padding: 0px;height: auto;max-width: 100%\" width=\"15\">C\u00f4ng ngh\u1ec7 x\u1eed l\u00fd nhi\u1ec7t \u0111\u1eb7c bi\u1ec7t gi\u00fap c\u1eaft \u0111\u01b0\u1ee3c v\u1eadt li\u1ec7u c\u00f3 \u0111\u1ed9 c\u1ee9ng cao<\/p>\n<p style=\"margin: 0px;padding: 6px 0px;font-family: roboto;font-size: 14px\"><img loading=\"lazy\" decoding=\"async\" alt=\"CH\u1ee2 C\u01a0 KH\u00cd\" height=\"15\" src=\"https:\/\/chocokhi.vn\/wp-content\/uploads\/2024\/03\/icon1-1.gif\" style=\"margin: 0px;padding: 0px;height: auto;max-width: 100%\" width=\"15\">Ki\u1ec3u r\u0103ng ph\u1ee9c h\u1ee3p r\u1ea5t ph\u00f9 h\u1ee3p cho m\u1ecdi v\u1eadt li\u1ec7u c\u1eaft t\u1eeb th\u00e9p th\u00f4ng th\u01b0\u1eddng<\/p>\n<p style=\"margin: 0px;padding: 6px 0px;font-family: roboto;font-size: 14px\">\u0111\u1ebfn v\u1eadt li\u1ec7u c\u00f3 \u0111\u1ed9 \u0111\u1ee9ng cao.<\/p>\n<p style=\"margin: 0px;padding: 6px 0px;font-family: roboto;font-size: 14px\"><img loading=\"lazy\" decoding=\"async\" alt=\"CH\u1ee2 C\u01a0 KH\u00cd\" height=\"15\" src=\"https:\/\/chocokhi.vn\/wp-content\/uploads\/2024\/03\/icon1-1.gif\" style=\"margin: 0px;padding: 0px;height: auto;max-width: 100%\" width=\"15\">\u00a0S\u1ea3n ph\u1ea9m \u0111\u01b0\u1ee3c \u01b0a chu\u1ed9ng v\u00e0 tin d\u00f9ng r\u1ea5t nhi\u1ec1u qu\u1ed1c gia tr\u00ean th\u1ebf gi\u1edbi.<\/p>\n<p style=\"margin: 0px;padding: 6px 0px;font-family: roboto;font-size: 14px\"><img loading=\"lazy\" decoding=\"async\" alt=\"CH\u1ee2 C\u01a0 KH\u00cd\" height=\"15\" src=\"https:\/\/chocokhi.vn\/wp-content\/uploads\/2024\/03\/icon1-1.gif\" style=\"margin: 0px;padding: 0px;height: auto;max-width: 100%\" width=\"15\">D\u1ecbch v\u1ee5 ch\u0103m s\u00f3c kh\u00e1ch h\u00e0ng nhi\u1ec7t t\u00ecnh\u00a0<\/p>\n<p style=\"margin: 0px;padding: 6px 0px;font-family: roboto;font-size: 14px\"><img loading=\"lazy\" decoding=\"async\" alt=\"CH\u1ee2 C\u01a0 KH\u00cd\" height=\"15\" src=\"https:\/\/chocokhi.vn\/wp-content\/uploads\/2024\/03\/icon1-1.gif\" style=\"margin: 0px;padding: 0px;height: auto;max-width: 100%\" width=\"15\">\u00a0H\u1ed7 tr\u1ee3 h\u01b0\u1edbng d\u1eabn t\u01b0 v\u1ea5n l\u1eafp \u0111\u1eb7t l\u01b0\u1ee1i c\u01b0a v\u00e0o m\u00e1y c\u01b0a<\/p>\n<p style=\"margin: 0px;padding: 6px 0px;font-family: roboto;font-size: 14px\"><img loading=\"lazy\" decoding=\"async\" alt=\"CH\u1ee2 C\u01a0 KH\u00cd\" height=\"15\" src=\"https:\/\/chocokhi.vn\/wp-content\/uploads\/2024\/03\/icon1-1.gif\" style=\"margin: 0px;padding: 0px;height: auto;max-width: 100%\" width=\"15\"><strong style=\"margin: 0px;padding: 0px\">Gi\u00e1 th\u00e0nh c\u1ea1nh tranh nh\u1ea5t\u00a0<\/strong><\/p>\n<p style=\"margin: 0px;padding: 6px 0px;font-family: roboto;font-size: 14px\"><img loading=\"lazy\" decoding=\"async\" alt=\"CH\u1ee2 C\u01a0 KH\u00cd\" height=\"15\" src=\"https:\/\/chocokhi.vn\/wp-content\/uploads\/2024\/03\/icon1-1.gif\" style=\"margin: 0px;padding: 0px;height: auto;max-width: 100%\" width=\"15\">\u00a0<strong style=\"margin: 0px;padding: 0px\">H\u00e0ng lu\u00f4n c\u00f3 s\u1eb5n\u00a0<\/strong><\/p>\n<p style=\"margin: 0px;padding: 6px 0px;font-family: roboto;font-size: 14px\"><img loading=\"lazy\" decoding=\"async\" alt=\"CH\u1ee2 C\u01a0 KH\u00cd\" height=\"15\" src=\"https:\/\/chocokhi.vn\/wp-content\/uploads\/2024\/03\/icon1-1.gif\" style=\"margin: 0px;padding: 0px;height: auto;max-width: 100%\" width=\"15\">\u00a0Giao h\u00e0ng to\u00e0n qu\u1ed1c<\/p>\n<\/div>\n","protected":false},"featured_media":3653,"comment_status":"closed","ping_status":"closed","template":"","meta":[],"product_brand":[],"product_cat":[53],"product_tag":[],"class_list":{"0":"post-3652","1":"product","2":"type-product","3":"status-publish","4":"has-post-thumbnail","6":"product_cat-luoi-cua-honsberg","8":"first","9":"instock","10":"shipping-taxable","11":"purchasable","12":"product-type-simple"},"_links":{"self":[{"href":"https:\/\/chocokhi.vn\/index.php?rest_route=\/wp\/v2\/product\/3652","targetHints":{"allow":["GET"]}}],"collection":[{"href":"https:\/\/chocokhi.vn\/index.php?rest_route=\/wp\/v2\/product"}],"about":[{"href":"https:\/\/chocokhi.vn\/index.php?rest_route=\/wp\/v2\/types\/product"}],"replies":[{"embeddable":true,"href":"https:\/\/chocokhi.vn\/index.php?rest_route=%2Fwp%2Fv2%2Fcomments&post=3652"}],"wp:featuredmedia":[{"embeddable":true,"href":"https:\/\/chocokhi.vn\/index.php?rest_route=\/wp\/v2\/media\/3653"}],"wp:attachment":[{"href":"https:\/\/chocokhi.vn\/index.php?rest_route=%2Fwp%2Fv2%2Fmedia&parent=3652"}],"wp:term":[{"taxonomy":"product_brand","embeddable":true,"href":"https:\/\/chocokhi.vn\/index.php?rest_route=%2Fwp%2Fv2%2Fproduct_brand&post=3652"},{"taxonomy":"product_cat","embeddable":true,"href":"https:\/\/chocokhi.vn\/index.php?rest_route=%2Fwp%2Fv2%2Fproduct_cat&post=3652"},{"taxonomy":"product_tag","embeddable":true,"href":"https:\/\/chocokhi.vn\/index.php?rest_route=%2Fwp%2Fv2%2Fproduct_tag&post=3652"}],"curies":[{"name":"wp","href":"https:\/\/api.w.org\/{rel}","templated":true}]}}