{"id":3625,"date":"2024-03-02T01:20:54","date_gmt":"2024-03-02T01:20:54","guid":{"rendered":"https:\/\/chocokhi.vn\/san-pham\/may-cua-vong-tu-dong-nc-full-cover-g-2630-717\/"},"modified":"2024-03-02T01:20:54","modified_gmt":"2024-03-02T01:20:54","slug":"may-cua-vong-tu-dong-nc-full-cover-g-2630-717","status":"publish","type":"product","link":"https:\/\/chocokhi.vn\/san-pham\/may-cua-vong-tu-dong-nc-full-cover-g-2630-717.html","title":{"rendered":"M\u00e1y c\u01b0a v\u00f2ng t\u1ef1 \u0111\u00f4ng NC &#8211; Full Cover  G 2630"},"content":{"rendered":"<\/p>\n<div class=\"tab\">\n<p>\u00a0<\/p>\n<p><span style=\"font-size:18px\"><span style=\"font-family:arial,helvetica,sans-serif\"><span style=\"color:#FF0000\"><strong>M\u00c1Y C\u01afA V\u00d2NG T\u1ef0 \u0110\u1ed8NG NC &#8211; COVER FULL G 2630<\/strong><\/span><\/span><\/span><\/p>\n<p>\u00a0<\/p>\n<p><span style=\"font-family:arial,helvetica,sans-serif\"><span style=\"line-height:1.6em\"><span style=\"font-size:18px\">M\u00e1y c\u01b0a v\u00f2ng t\u1ef1 \u0111\u1ed9ng &#8211; Full cover G2630 th\u01b0\u01a1ng hi\u1ec7u Golden Saws \u0111\u01b0\u1ee3c nh\u1eadp kh\u1ea9u nguy\u00ean chi\u1ebfc t\u1eeb \u0110\u00e0i Loan. M\u00e1y thu\u1ed9c d\u00f2ng C- TECH c\u00f3 h\u1ec7 th\u1ed1ng \u0111i\u1ec1u khi\u1ec3n NC cho ph\u00e9p t\u1ef1 \u0111\u1ed9ng c\u1eaft (vu\u00f4ng), k\u1ebft h\u1ee3p v\u1edbi c\u00f4ng ngh\u1ec7 SNC- 100, c\u00f3 th\u1ec3 l\u1eadp tr\u00ecnh 100 ch\u01b0\u01a1ng tr\u00ecnh c\u1eaft kh\u00e1c nhau. M\u00e1y \u0111\u01b0\u1ee3c thi\u1ebft k\u1ebf m\u1ed9t c\u00e1ch khoa h\u1ecdc, \u00e1p d\u1ee5ng nh\u1eefng c\u00f4ng ngh\u1ec7 ti\u00ean ti\u1ebfn nh\u1ea5t. M\u00e1y c\u00f3 full cover b\u1ea3o v\u1ec7 ngo\u00e0i t\u1ea1o \u0111\u1ed9 an to\u00e0n trong qu\u00e1 tr\u00ecnh c\u1eaft.<\/span><\/span><\/span><\/p>\n<p>\u00a0<\/p>\n<p><img loading=\"lazy\" decoding=\"async\" height=\"402\" src=\"https:\/\/chocokhi.vn\/wp-content\/uploads\/2024\/03\/g-263020-20full-cover.jpg\" width=\"536\" title=\"g-263020-20full-cover\"><\/p>\n<p>\u00a0<\/p>\n<p><span style=\"font-size:18px\"><span style=\"font-family:arial,helvetica,sans-serif\"><span style=\"color:#FF0000\"><strong>TH\u00d4NG S\u1ed0 K\u1ef8 THU\u1eacT\u00a0<\/strong><\/span><\/span><\/span><\/p>\n<p>\u00a0<\/p>\n<table border=\"0\" class=\"cadch_table07\" style=\"border-spacing: 0px;border-collapse: collapse;font-family: Arial, \u5fae\u8edf\u6b63\u9ed1\u9ad4,\">\n<tbody>\n<tr style=\"height: 60px\">\n<td style=\"padding: 5px;text-align: center\"><span style=\"color:#FF0000\"><span style=\"font-size:18px\"><strong>G 2630<\/strong><\/span><\/span><\/td>\n<td style=\"padding: 5px;text-align: center\"><span style=\"color:#FF0000\"><span style=\"font-size:18px\"><strong>TH\u00d4NG S\u1ed0 K\u1ef8 THU\u1eacT<\/strong><\/span><\/span><\/td>\n<\/tr>\n<tr style=\"height: 50px\">\n<td style=\"padding: 5px\"><font size=\"3\">Kh\u1ea3 n\u0103ng c\u1eaft tr\u00f2n<\/font><\/td>\n<td style=\"padding: 5px\"><span style=\"font-size: medium\"><font style=\"vertical-align: inherit\"><font style=\"vertical-align: inherit\">260 mm<\/font><\/font><\/span><\/td>\n<\/tr>\n<tr style=\"height: 50px\">\n<td style=\"padding: 5px\"><font size=\"3\">Kh\u1ea3 n\u0103ng vu\u00f4ng<\/font><\/td>\n<td style=\"padding: 5px\"><span style=\"font-size: medium\"><font style=\"vertical-align: inherit\"><font style=\"vertical-align: inherit\">260 mm<\/font><\/font><\/span><\/td>\n<\/tr>\n<tr style=\"height: 50px\">\n<td style=\"padding: 5px\"><span style=\"font-size: medium\"><font style=\"vertical-align: inherit\"><font style=\"vertical-align: inherit\">Kh\u1ea3 c\u1eaft h\u00ecnh ch\u1eef nh\u1eadt (HxW)<\/font><\/font><\/span><\/td>\n<td style=\"padding: 5px\"><span style=\"font-size: medium\"><font style=\"vertical-align: inherit\"><font style=\"vertical-align: inherit\">260 x 300 mm\u00a0<\/font><\/font><\/span><\/td>\n<\/tr>\n<tr style=\"height: 50px\">\n<td style=\"padding: 5px\"><span style=\"font-size: medium\"><font style=\"vertical-align: inherit\"><font style=\"vertical-align: inherit\">T\u1ed1c \u0111\u1ed9 l\u01b0\u1ee1i<\/font><\/font><\/span><\/td>\n<td style=\"padding: 5px\"><span style=\"font-size: medium\"><font style=\"vertical-align: inherit\"><font style=\"vertical-align: inherit\">20-100 m \/ ph\u00fat<\/font><\/font><\/span><\/td>\n<\/tr>\n<tr style=\"height: 50px\">\n<td style=\"padding: 5px\"><span style=\"font-size: medium\"><font style=\"vertical-align: inherit\"><font style=\"vertical-align: inherit\">K\u00edch th\u01b0\u1edbc l\u01b0\u1ee1i c\u1eaft (LxWxT)<\/font><\/font><\/span><\/td>\n<td style=\"padding: 5px\"><span style=\"font-size: medium\"><font style=\"vertical-align: inherit\"><font style=\"vertical-align: inherit\">4100 x 34 x 1,1 mm\u00a0<\/font><\/font><\/span><\/td>\n<\/tr>\n<tr style=\"height: 50px\">\n<td style=\"padding: 5px\"><span style=\"font-size: medium\"><font style=\"vertical-align: inherit\"><font style=\"vertical-align: inherit\">\u0110\u1ed9ng c\u01a1 phi\u1ebfn<\/font><\/font><\/span><\/td>\n<td style=\"padding: 5px\"><span style=\"font-size: medium\"><font style=\"vertical-align: inherit\"><font style=\"vertical-align: inherit\">5 HP<\/font><\/font><\/span><\/td>\n<\/tr>\n<tr style=\"height: 50px\">\n<td style=\"padding: 5px\"><span style=\"font-size: medium\"><font style=\"vertical-align: inherit\"><font style=\"vertical-align: inherit\">\u0110\u1ed9ng c\u01a1 th\u1ee7y l\u1ef1c<\/font><\/font><\/span><\/td>\n<td style=\"padding: 5px\"><span style=\"font-size: medium\"><font style=\"vertical-align: inherit\"><font style=\"vertical-align: inherit\">1 HP\u00a0<\/font><\/font><\/span><\/td>\n<\/tr>\n<tr style=\"height: 50px\">\n<td style=\"padding: 5px\"><span style=\"font-size: medium\"><font style=\"vertical-align: inherit\"><font style=\"vertical-align: inherit\">\u0110\u1ed9ng c\u01a1 l\u00e0m m\u00e1t<\/font><\/font><\/span><\/td>\n<td style=\"padding: 5px\"><span style=\"font-size: medium\"><font style=\"vertical-align: inherit\"><font style=\"vertical-align: inherit\">1\/8 HP\u00a0<\/font><\/font><\/span><\/td>\n<\/tr>\n<tr style=\"height: 50px\">\n<td style=\"padding: 5px\"><span style=\"font-size: medium\"><font style=\"vertical-align: inherit\"><font style=\"vertical-align: inherit\">Chi\u1ec1u cao b\u00e0n l\u00e0m vi\u1ec7c<\/font><\/font><\/span><\/td>\n<td style=\"padding: 5px\"><span style=\"font-size: medium\"><font style=\"vertical-align: inherit\"><font style=\"vertical-align: inherit\">790 mm\u00a0<\/font><\/font><\/span><\/td>\n<\/tr>\n<tr style=\"height: 50px\">\n<td style=\"padding: 5px\"><span style=\"font-size: medium\"><font style=\"vertical-align: inherit\"><font style=\"vertical-align: inherit\">T\u1ed5ng tr\u1ecdng l\u01b0\u1ee3ng<\/font><\/font><\/span><\/td>\n<td style=\"padding: 5px\"><span style=\"font-size: medium\"><font style=\"vertical-align: inherit\"><font style=\"vertical-align: inherit\">1700 kg<\/font><\/font><\/span><\/td>\n<\/tr>\n<tr style=\"height: 50px\">\n<td style=\"padding: 5px\"><span style=\"font-size: medium\"><font style=\"vertical-align: inherit\"><font style=\"vertical-align: inherit\">Kh\u00f4ng gian s\u00e0n (LxWxH)<\/font><\/font><\/span><\/td>\n<td style=\"padding: 5px\"><span style=\"font-size: medium\"><font style=\"vertical-align: inherit\"><font style=\"vertical-align: inherit\">1780 x 2100 x 1400 mm<\/font><\/font><\/span><\/td>\n<\/tr>\n<\/tbody>\n<\/table>\n<p>\u00a0<\/p>\n<p><span style=\"font-size:22px\"><span style=\"color:#FF0000\"><span style=\"font-family:arial,helvetica,sans-serif\">\u0110\u1ec3 \u0111\u01b0\u1ee3c t\u01b0 v\u1ea5n chi ti\u1ebft v\u1ec1 s\u1ea3n ph\u1ea9m Qu\u00fd kh\u00e1ch vui l\u00f2ng li\u00ean h\u1ec7 <\/span><\/span><\/span><\/p>\n<p><span style=\"font-size:22px\"><span style=\"line-height:1.6em\"><span style=\"font-family:arial,helvetica,sans-serif\">Hotline :<span style=\"color:#FF0000\"><strong> 0983 972 400<\/strong><\/span> ho\u1eb7c c\u00f3 th\u1ec3 \u0111\u1ec3 l\u1ea1i th\u00f4ng tin c\u1ee7a Qu\u00fd kh\u00e1ch v\u00e0 g\u1edfi y\u00eau c\u1ea7u b\u00e1o gi\u00e1.<strong> chocokhi.vn<\/strong> s\u1ebd li\u00ean h\u1ec7 l\u1ea1i ngay \u0111\u1ec3 h\u1ed7 tr\u1ee3 cho Qu\u00fd kh\u00e1ch \u1ea1\u00a0<\/span><\/span><\/span><\/p>\n<p>\u00a0<\/p>\n<p>\u00a0<\/p>\n<\/p><\/div>\n","protected":false},"excerpt":{"rendered":"<div class=\"ndung_mota clearfix\">\n<p>\u00a0<\/p>\n<p><span style=\"font-family:arial,helvetica,sans-serif\"><span style=\"font-size:20px\"><span style=\"color:#FF0000\"><strong>L\u00dd DO N\u00caN MUA\u00a0 M\u00c1Y C\u01afA V\u00d2NG GOLDEN SAWS<\/strong><\/span><\/span><\/span><\/p>\n<p><span style=\"font-family:arial,helvetica,sans-serif\">M\u00e1y \u0111\u01b0\u1ee3c nh\u1eadp nguy\u00ean chi\u1ebfc t\u1eeb \u0110\u00e0i Loan<\/span><\/p>\n<p><span style=\"font-family:arial,helvetica,sans-serif\">T\u00edch h\u1ee3p C\u00f4ng ngh\u1ec7\u00a0 Smart NC-100 ch\u1ea1y t\u1ef1 \u0111\u1ed9ng 100 ch\u01b0\u01a1ng tr\u00ecnh<\/span><\/p>\n<p><span style=\"font-family:arial,helvetica,sans-serif\">H\u1ec7 th\u1ed1ng m\u00e1y l\u00e0m m\u00e1t ho\u1ea1t \u0111\u1ed9ng li\u00ean t\u1ee5c.<\/span><\/p>\n<p><span style=\"font-family:arial,helvetica,sans-serif\">C\u00f3 th\u1ec3 \u0111i\u1ec1u ch\u1ec9nh t\u1ed1c \u0111\u1ed9<\/span><\/p>\n<p><span style=\"font-family:arial,helvetica,sans-serif\">C\u1eaft \u0111\u01b0\u1ee3c nhi\u1ec1u v\u1eadt li\u1ec7u c\u00f3 \u0111\u1ed9 c\u1ee9ng cao<\/span><\/p>\n<p><strong><span style=\"color:#000000\"><span style=\"font-family:arial,helvetica,sans-serif\">B\u1ea3o h\u00e0nh : 12 th\u00e1ng<\/span><\/span><\/strong><\/p>\n<p><strong><span style=\"font-family:arial,helvetica,sans-serif\">T\u00ecnh tr\u1ea1ng: S\u1ea3n xu\u1ea5t t\u1eeb 30-40 ng\u00e0y.<\/span><\/strong><\/p>\n<p><span style=\"font-family:arial,helvetica,sans-serif\">Kh\u1ea3o s\u00e1t, t\u01b0 v\u1ea5n cung c\u1ea5p gi\u1ea3i ph\u00e1p t\u1ed1i \u01b0u<\/span><\/p>\n<p><span style=\"font-family:arial,helvetica,sans-serif\">D\u1ecbch v\u1ee5 h\u1eadu m\u00e3i nhanh ch\u00f3ng chuy\u00ean nghi\u1ec7p<\/span><\/p>\n<p><span style=\"font-family:arial,helvetica,sans-serif\">Gi\u00e1 th\u00e0nh c\u1ea1nh tranh nh\u1ea5t<\/span><\/p>\n<p><span style=\"font-family:arial,helvetica,sans-serif\">Linh ki\u1ec7n lu\u00f4n c\u00f3 s\u1eb5n \u0111\u1ec3 \u0111\u00e1p \u1ee9ng nhu c\u1ea7u thay th\u1ebf<\/span><\/p>\n<p><span style=\"font-family:arial,helvetica,sans-serif\">H\u1ed7 tr\u1ee3 t\u01b0 v\u1ea5n 24\/7, uy t\u00edn<\/span><\/p>\n<p><span style=\"font-family:arial,helvetica,sans-serif\">Gi\u00e1 th\u00e0nh c\u1ea1nh tranh nh\u1ea5t<\/span><\/p>\n<p><strong><span style=\"font-family:arial,helvetica,sans-serif\">Giao h\u00e0ng mi\u1ec5n ph\u00ed<\/span><\/strong><\/p>\n<\/div>\n","protected":false},"featured_media":3626,"comment_status":"closed","ping_status":"closed","template":"","meta":[],"product_brand":[],"product_cat":[60],"product_tag":[],"class_list":{"0":"post-3625","1":"product","2":"type-product","3":"status-publish","4":"has-post-thumbnail","6":"product_cat-may-cua-vong","8":"first","9":"instock","10":"shipping-taxable","11":"product-type-simple"},"_links":{"self":[{"href":"https:\/\/chocokhi.vn\/index.php?rest_route=\/wp\/v2\/product\/3625","targetHints":{"allow":["GET"]}}],"collection":[{"href":"https:\/\/chocokhi.vn\/index.php?rest_route=\/wp\/v2\/product"}],"about":[{"href":"https:\/\/chocokhi.vn\/index.php?rest_route=\/wp\/v2\/types\/product"}],"replies":[{"embeddable":true,"href":"https:\/\/chocokhi.vn\/index.php?rest_route=%2Fwp%2Fv2%2Fcomments&post=3625"}],"wp:featuredmedia":[{"embeddable":true,"href":"https:\/\/chocokhi.vn\/index.php?rest_route=\/wp\/v2\/media\/3626"}],"wp:attachment":[{"href":"https:\/\/chocokhi.vn\/index.php?rest_route=%2Fwp%2Fv2%2Fmedia&parent=3625"}],"wp:term":[{"taxonomy":"product_brand","embeddable":true,"href":"https:\/\/chocokhi.vn\/index.php?rest_route=%2Fwp%2Fv2%2Fproduct_brand&post=3625"},{"taxonomy":"product_cat","embeddable":true,"href":"https:\/\/chocokhi.vn\/index.php?rest_route=%2Fwp%2Fv2%2Fproduct_cat&post=3625"},{"taxonomy":"product_tag","embeddable":true,"href":"https:\/\/chocokhi.vn\/index.php?rest_route=%2Fwp%2Fv2%2Fproduct_tag&post=3625"}],"curies":[{"name":"wp","href":"https:\/\/api.w.org\/{rel}","templated":true}]}}