{"id":3520,"date":"2024-03-02T01:17:41","date_gmt":"2024-03-02T01:17:41","guid":{"rendered":"https:\/\/chocokhi.vn\/san-pham\/sung-phun-son-bando-max-100-111\/"},"modified":"2024-03-02T01:17:41","modified_gmt":"2024-03-02T01:17:41","slug":"sung-phun-son-bando-max-100-111","status":"publish","type":"product","link":"https:\/\/chocokhi.vn\/san-pham\/sung-phun-son-bando-max-100-111.html","title":{"rendered":"S\u00fang phun s\u01a1n Bando &#8211; MAX -100"},"content":{"rendered":"<\/p>\n<div class=\"tab\"><\/div>\n","protected":false},"excerpt":{"rendered":"<div class=\"ndung_mota clearfix\">\n<p><span style=\"font-size:14px\"><span style=\"font-family:arial,helvetica,sans-serif\"><strong><img loading=\"lazy\" decoding=\"async\" alt=\"\" height=\"16\" src=\"https:\/\/chocokhi.vn\/wp-content\/uploads\/2024\/03\/icon1-1.gif\" width=\"16\">S\u00fang chuy\u00ean ph\u1ee5c v\u1ee5 cho ng\u00e0nh c\u00f4ng nghi\u1ec7p: G\u1ed7, \u00f4 t\u00f4, xe m\u00e1y, n\u1ed9i th\u1ea5t, c\u01a1 kh\u00ed,&#8230;<\/strong><\/span><\/span><\/p>\n<p><span style=\"font-size:14px\"><span style=\"font-family:arial,helvetica,sans-serif\"><strong><img loading=\"lazy\" decoding=\"async\" alt=\"\" height=\"15\" src=\"https:\/\/chocokhi.vn\/wp-content\/uploads\/2024\/03\/icon1-1.gif\" width=\"15\">Phun ra tia r\u1ea5t m\u1ecbn, ph\u1ee7 k\u00edn \u0111\u1ec1u b\u1ec1 m\u1eb7t s\u1ea3n ph\u1ea9m (Chuy\u00ean phun b\u00f3ng, phun m\u00e0u)<\/strong><\/span><\/span><\/p>\n<p><span style=\"font-size:14px\"><span style=\"font-family:arial,helvetica,sans-serif\"><strong><img loading=\"lazy\" decoding=\"async\" alt=\"\" height=\"15\" src=\"https:\/\/chocokhi.vn\/wp-content\/uploads\/2024\/03\/icon1-1.gif\" width=\"15\">Th\u00e2n s\u00fang \u0111\u01b0\u1ee3c l\u00e0m b\u1eb1ng h\u1ee3p kim nh\u00f4m nguy\u00ean ch\u1ea5t<\/strong><\/span><\/span><\/p>\n<p><span style=\"font-size:14px\"><span style=\"font-family:arial,helvetica,sans-serif\"><strong><img loading=\"lazy\" decoding=\"async\" alt=\"\" height=\"16\" src=\"https:\/\/chocokhi.vn\/wp-content\/uploads\/2024\/03\/icon1-1.gif\" width=\"16\">Kim b\u00e9c c\u00f3 \u0111\u1ed9 chu\u1ea9n x\u00e1c cao &#8211; t\u1ea1o ra tia phun \u0111\u1ec1u, m\u1ecbn<\/strong><\/span><\/span><\/p>\n<p><span style=\"font-size:14px\"><span style=\"font-family:arial,helvetica,sans-serif\"><strong><img loading=\"lazy\" decoding=\"async\" alt=\"\" height=\"15\" src=\"https:\/\/chocokhi.vn\/wp-content\/uploads\/2024\/03\/icon1-1.gif\" width=\"15\">N\u1eafp ch\u1ee5p b\u1ea3o v\u1ec7 bec phun cao c\u1ea5p<\/strong><\/span><\/span><\/p>\n<p><span style=\"font-size:14px\"><span style=\"font-family:arial,helvetica,sans-serif\"><strong><img loading=\"lazy\" decoding=\"async\" alt=\"\" height=\"15\" src=\"https:\/\/chocokhi.vn\/wp-content\/uploads\/2024\/03\/icon1-1.gif\" width=\"15\">S\u1ea3n ph\u1ea9m \u0111\u01b0\u1ee3c tin d\u00f9ng cao, \u0111\u01b0\u1ee3c ki\u1ec3m \u0111\u1ecbnh ch\u1ea5t l\u01b0\u1ee3ng tr\u01b0\u1edbc khi xu\u1ea5t x\u01b0\u1edfng<\/strong><\/span><\/span><\/p>\n<\/div>\n","protected":false},"featured_media":3521,"comment_status":"closed","ping_status":"closed","template":"","meta":[],"product_brand":[],"product_cat":[27],"product_tag":[],"class_list":{"0":"post-3520","1":"product","2":"type-product","3":"status-publish","4":"has-post-thumbnail","6":"product_cat-linh-kien-khac","8":"first","9":"instock","10":"shipping-taxable","11":"product-type-simple"},"_links":{"self":[{"href":"https:\/\/chocokhi.vn\/index.php?rest_route=\/wp\/v2\/product\/3520","targetHints":{"allow":["GET"]}}],"collection":[{"href":"https:\/\/chocokhi.vn\/index.php?rest_route=\/wp\/v2\/product"}],"about":[{"href":"https:\/\/chocokhi.vn\/index.php?rest_route=\/wp\/v2\/types\/product"}],"replies":[{"embeddable":true,"href":"https:\/\/chocokhi.vn\/index.php?rest_route=%2Fwp%2Fv2%2Fcomments&post=3520"}],"wp:featuredmedia":[{"embeddable":true,"href":"https:\/\/chocokhi.vn\/index.php?rest_route=\/wp\/v2\/media\/3521"}],"wp:attachment":[{"href":"https:\/\/chocokhi.vn\/index.php?rest_route=%2Fwp%2Fv2%2Fmedia&parent=3520"}],"wp:term":[{"taxonomy":"product_brand","embeddable":true,"href":"https:\/\/chocokhi.vn\/index.php?rest_route=%2Fwp%2Fv2%2Fproduct_brand&post=3520"},{"taxonomy":"product_cat","embeddable":true,"href":"https:\/\/chocokhi.vn\/index.php?rest_route=%2Fwp%2Fv2%2Fproduct_cat&post=3520"},{"taxonomy":"product_tag","embeddable":true,"href":"https:\/\/chocokhi.vn\/index.php?rest_route=%2Fwp%2Fv2%2Fproduct_tag&post=3520"}],"curies":[{"name":"wp","href":"https:\/\/api.w.org\/{rel}","templated":true}]}}