{"id":3393,"date":"2024-03-02T01:14:59","date_gmt":"2024-03-02T01:14:59","guid":{"rendered":"https:\/\/chocokhi.vn\/san-pham\/may-cat-plasma-smart-focus-series-130-66\/"},"modified":"2024-03-02T01:14:59","modified_gmt":"2024-03-02T01:14:59","slug":"may-cat-plasma-smart-focus-series-130-66","status":"publish","type":"product","link":"https:\/\/chocokhi.vn\/san-pham\/may-cat-plasma-smart-focus-series-130-66.html","title":{"rendered":"Ma\u0301y c\u0103\u0301t plasma Smart Focus Series 130"},"content":{"rendered":"<\/p>\n<div class=\"tab\">\n<p><span style=\"font-family:times new roman,times,serif\"><span style=\"font-size:16px\"><span style=\"line-height:1.6em\"><strong>M\u00e1y c\u1eaft Plasma Smart Focus 130\u00a0 nh\u1eadp kh\u1ea9u nguy\u00ean chi\u1ebfc t\u1eeb \u0110\u1ee9c<\/strong>, m\u00e1y \u0111\u01b0\u1ee3c thi\u1ebft k\u1ebf m\u1ed9t c\u00e1ch khoa h\u1ecdc , ti\u1ec7n l\u1ee3i , thi\u1ebft k\u1ebf b\u00e1nh xe ti\u1ec7n l\u1ee3i di chuy\u1ec3n d\u1ec5 d\u00e0ng, nhanh ch\u00f3ng th\u00edch h\u1ee3p v\u1edbi c\u00f4ng vi\u1ec7c di chuy\u1ec3n nhi\u1ec1u,\u1ee9ng d\u1ee5ng c\u00f4ng ngh\u1ec7 ti\u00ean ti\u1ebfn ti\u1ebft ki\u1ec7m chi ph\u00ed nh\u00e2n c\u00f4ng, s\u1ea3n ph\u1ea9m c\u00f3 kh\u1ea3 n\u0103ng ti\u1ebft ki\u1ec7m \u0111i\u1ec7n \u0111\u1ebfn 60%.C\u00f4ng su\u1ea5t l\u00e0m vi\u1ec7c cao m\u1ea1nh m\u1ebd, l\u00e0m m\u00e1t b\u1eb1ng qu\u1ea1t gi\u00f3,d\u1ec5 d\u00e0ng c\u00e0i \u0111\u1eb7t, d\u1ec5 d\u00e0ng v\u1eadn h\u00e0nh.<\/span><\/span><\/span><\/p>\n<p>\u00a0<\/p>\n<p><span style=\"font-family:times new roman,times,serif\"><span style=\"font-size:16px\"><span style=\"line-height:1.6em\">\u00a0 \u00a0 \u00a0 \u00a0 \u00a0 \u00a0 \u00a0 \u00a0 \u00a0 \u00a0 \u00a0 \u00a0 \u00a0 \u00a0 \u00a0 \u00a0 \u00a0 \u00a0 \u00a0 \u00a0 \u00a0<img loading=\"lazy\" decoding=\"async\" height=\"436\" src=\"https:\/\/chocokhi.vn\/wp-content\/uploads\/2024\/03\/130.jpg\" width=\"432\" title=\"130\"><\/span><\/span><\/span><\/p>\n<p>\u00a0<\/p>\n<p>\u00a0<\/p>\n<p style=\"text-align: justify\"><span style=\"font-family:times new roman,times,serif\"><span style=\"font-size:16px\"><span style=\"line-height:1.6em\"><b>\u00a0 \u00a0 \u00a0 \u00a0 \u00a0 \u00a0 \u00a0 \u00a0 \u00a0 \u00a0 \u00a0 \u00a0 \u00a0 \u00a0 \u00a0 \u00a0 \u00a0 \u00a0\u00a0 <span style=\"font-size:18px\">\u00a0<span style=\"color:#FF0000\"> TH\u00d4NG S\u1ed0 K\u1ef8 THU\u1eacT\u00a0\u00a0 \u00a0 \u00a0 \u00a0<\/span><\/span><\/b><\/span><\/span><\/span><\/p>\n<p>\u00a0<\/p>\n<p><span style=\"font-family:times new roman,times,serif\"><span style=\"font-size:16px\"><span style=\"line-height:1.6em\"><img loading=\"lazy\" decoding=\"async\" height=\"364\" src=\"https:\/\/chocokhi.vn\/wp-content\/uploads\/2024\/03\/130.png\" width=\"557\" title=\"130\"><\/span><\/span><\/span><\/p>\n<p>\u00a0<\/p>\n<p><span style=\"font-family:times new roman,times,serif\"><span style=\"font-size:16px\"><span style=\"line-height:1.6em\"><span style=\"color:#FF0000\"><strong>\u00a0NH\u1eeeNG T\u00cdNH N\u0102NG N\u1ed4I B\u1eacT C\u1ee6A M\u00c1Y C\u1eaeT PLASMA SMART FOCUS 130\u00a0<\/strong><\/span><\/span><\/span><\/span><\/p>\n<div style=\"font-family: UTMAvo, sans-serif;font-size: 14px;line-height: 24.75px\">\u00a0<\/div>\n<div style=\"font-family: UTMAvo, sans-serif;font-size: 14px;line-height: 24.75px\"><span style=\"font-family:times new roman,times,serif\"><span style=\"font-size:16px\"><span style=\"line-height:1.6em\"><span style=\"color:#000000\"><strong>1.Thi\u1ebft k\u1ebf ch\u1eafc ch\u1eafn , linh ho\u1ea1t , ti\u1ec7n l\u1ee3i:<\/strong><\/span><\/span><\/span><\/span><\/div>\n<div style=\"font-family: UTMAvo, sans-serif;font-size: 14px;line-height: 24.75px\">\u00a0<\/div>\n<ul>\n<li style=\"font-family: UTMAvo, sans-serif;font-size: 14px;line-height: 24.75px\"><span style=\"font-family:times new roman,times,serif\"><span style=\"font-size:16px\"><span style=\"line-height:1.6em\"><span style=\"color:#000000\"><strong style=\"font-family:\"><span><strong>Ma\u0301y c\u1eaft PLasma\u00a0<\/strong><\/span>Smart Focus Series 130<\/strong><span><span><span><strong>\u00a0<\/strong>\u0111\u01b0\u1ee3c thi\u1ebft k\u1ebf nh\u1ecf g\u1ecdn v\u00e0 nh\u1eb9 nh\u00e0ng gi\u00fap ch\u00fang ta di chuy\u1ec3n \u0111\u00ea\u0301n n\u01a1i xa ho\u0103\u0323c n\u01a1i cao m\u1ed9t c\u00e1ch d\u1ec5 d\u00e0ng v\u00e0 nhanh ch\u00f3ng. V\u01a1\u0301i tay xa\u0301ch ch\u0103\u0301c ch\u0103\u0301n n\u00ean vi\u00ea\u0323c di chuy\u00ea\u0309n kh\u00f4ng co\u0300n la\u0300 v\u00e2\u0301n \u0111\u00ea\u0300 lo nga\u0323i cho ba\u0323n.\u00a0<\/span><\/span><\/span><\/span><\/span><\/span><\/span><\/li>\n<li style=\"font-family: UTMAvo, sans-serif;font-size: 14px;line-height: 24.75px\"><span style=\"font-family:times new roman,times,serif\"><span style=\"font-size:16px\"><span style=\"line-height:1.6em\"><span style=\"color:#000000\"><span><span><span>\u0110\u01b0\u01a1\u0323c la\u0300m t\u01b0\u0300 ch\u00e2\u0301t li\u00ea\u0323u cao c\u00e2\u0301p giu\u0301p Sa\u0309n ph\u00e2\u0309m c\u01b0\u0301ng ca\u0301p, chi\u0323u \u0111\u01b0\u01a1\u0323c l\u01b0\u0323c ta\u0301c \u0111\u00f4\u0323ng t\u01b0\u0300 b\u00ean ngoa\u0300i ma\u0300 kh\u00f4ng s\u01a1\u0323 cong, v\u00eanh,&#8230; Giu\u0301p ma\u0301y \u0111\u01b0\u01a1\u0323c b\u00ea\u0300n l\u00e2u h\u01a1n.\u00a0<\/span><\/span><\/span><\/span><\/span><\/span><\/span><\/li>\n<li style=\"font-family: UTMAvo, sans-serif;font-size: 14px;line-height: 24.75px\"><span style=\"font-family:times new roman,times,serif\"><span style=\"font-size:16px\"><span style=\"line-height:1.6em\"><span style=\"color:#000000\"><span>\u00a0<\/span><span>D\u1ec5 d\u00e0ng c\u00e0i \u0111\u1eb7t, d\u1ec5 d\u00e0ng v\u1eadn h\u00e0nh.\u00a0<\/span><\/span><\/span><\/span><\/span><\/li>\n<\/ul>\n<div style=\"font-family: UTMAvo, sans-serif;font-size: 14px;line-height: 24.75px\">\u00a0<\/div>\n<div style=\"font-size: 14px;line-height: 24.75px\"><span style=\"font-family:times new roman,times,serif\"><span style=\"font-size:16px\"><span style=\"line-height:1.6em\"><span style=\"color:#000000\"><strong>2. C\u00f4ng ngh\u1ec7 hi\u1ec7n \u0111\u1ea1i gi\u00fap ti\u1ebft ki\u1ec7m n\u0103ng l\u01b0\u1ee3ng v\u00e0 an to\u00e0n cho ng\u01b0\u1eddi s\u1eed d\u1ee5ng<\/strong><\/span><\/span><\/span><\/span><\/div>\n<div style=\"line-height: 24.75px\">\n<div style=\"font-family: UTMAvo, sans-serif;font-size: 14px;line-height: 24.75px\">\u00a0<\/div>\n<ul>\n<li style=\"font-family: UTMAvo, sans-serif;font-size: 14px;line-height: 24.75px\"><span style=\"font-family:times new roman,times,serif\"><span style=\"font-size:16px\"><span style=\"line-height:1.6em\"><span style=\"color:#000000\"><span><strong>Ma\u0301y c\u1eaft PLasma\u00a0<\/strong><\/span>Smart Focus Series 130<span><span><span><span><span><strong>\u00a0<\/strong>s<\/span><\/span><span><span>\u01b0\u0309 du\u0323ng c\u00f4ng ngh\u00ea\u0323 Plasma n\u00ean giu\u0301p ti\u00ea\u0301t ki\u00ea\u0323m \u0111i\u00ea\u0323n n\u0103ng. Giu\u0301p ba\u0323n ti\u00ea\u0301t ki\u00ea\u0323m 1 ph\u00e2\u0300n chi phi\u0301 so v\u01a1\u0301i ma\u0301y c\u0103\u0301t th\u00f4ng th\u01b0\u01a1\u0300ng.<\/span><\/span><\/span><\/span><\/span><\/span><\/span><\/span><\/span><\/li>\n<li style=\"font-family: UTMAvo, sans-serif;font-size: 14px;line-height: 24.75px\"><span style=\"font-family:times new roman,times,serif\"><span style=\"font-size:16px\"><span style=\"line-height:1.6em\"><span style=\"color:#000000\"><span>S\u1ea3n ph\u1ea9m \u0111\u1ea1t ti\u00eau chu\u1ea9n ch\u1ea5t l\u01b0\u1ee3ng ISO v\u1ec1 an to\u00e0n \u0111i\u1ec7n cho ng\u01b0\u1eddi s\u1eed d\u1ee5ng.<\/span><\/span><\/span><\/span><\/span><\/li>\n<\/ul>\n<div style=\"font-family: UTMAvo, sans-serif;font-size: 14px;line-height: 24.75px\">\u00a0<\/div>\n<div style=\"font-family: UTMAvo, sans-serif;font-size: 14px;line-height: 24.75px\"><span style=\"font-family:times new roman,times,serif\"><span style=\"font-size:16px\"><span style=\"line-height:1.6em\"><span style=\"color:#000000\"><strong>3. M\u00e1y cho m\u1ed1i h\u00e0n \u0111\u1eb9p, ho\u1ea1t \u0111\u1ed9ng m\u1ea1nh m\u1ebd , \u1ed5n \u0111\u1ecbnh<\/strong><\/span><\/span><\/span><\/span><\/div>\n<div style=\"font-family: UTMAvo, sans-serif;font-size: 14px;line-height: 24.75px\">\u00a0<\/div>\n<div style=\"line-height: 24.75px\">\n<ul>\n<li style=\"font-family: UTMAvo, sans-serif;font-size: 14px\"><span style=\"font-family:times new roman,times,serif\"><span style=\"font-size:16px\"><span style=\"line-height:1.6em\"><span style=\"color:#000000\"><span><span><span>M\u00e1<\/span><strong>y c\u1eaft PLasma\u00a0<\/strong><\/span><strong>Smart Focus Series 130\u00a0<\/strong><span><span><span>c\u0103\u0301t v\u00e2\u0323t li\u00ea\u0323u v\u01a1\u0301i \u0111\u00f4\u0323 da\u0300y d\u01b0\u01a1\u0301i 12mm. Ma\u0301y cho m\u00f4\u0301i c\u0103\u0301t \u0111e\u0323p kh\u00f4ng c\u00e2\u0300n x\u01b0\u0309 ly\u0301.\u00a0<\/span><\/span><\/span><\/span><\/span><\/span><\/span><\/span><\/li>\n<\/ul>\n<div style=\"font-family: UTMAvo, sans-serif;font-size: 14px\">\u00a0<\/div>\n<\/div>\n<p><span style=\"font-family:times new roman,times,serif\"><span style=\"font-size:16px\"><span style=\"line-height:1.6em\"><span style=\"color:#FF0000\"><strong>\u1ee8NG D\u1ee4NG C\u1ee6A M\u00c1Y C\u1eaeT PLASMA SMART FOCUS 130\u00a0<\/strong><\/span><\/span><\/span><\/span><\/p>\n<p>\u00a0<\/p>\n<\/div>\n<p><span style=\"font-family:times new roman,times,serif\"><span style=\"font-size:16px\"><span style=\"line-height:1.6em\"><span style=\"color:#000000\"><span style=\"text-align: justify\"><font><span><span><span>Tuy\u0300 va\u0300o mu\u0323c \u0111i\u0301ch s\u01b0\u0309 du\u0323ng kha\u0301c nhau ma\u0300 ng\u01b0\u01a1\u0300i th\u01a1\u0323 co\u0301 th\u00ea\u0309 d\u01b0\u0323a va\u0300o c\u00f4ng su\u00e2\u0301t, kha\u0309 n\u0103ng c\u0103\u0301t \u0111\u00ea\u0309 l\u01b0\u0323a cho\u0323n loa\u0323i ma\u0301y c\u0103\u0301t phu\u0300 h\u01a1\u0323p v\u01a1\u0301i c\u00f4ng vi\u00ea\u0323c \u0111o\u0301 mang la\u0323i hi\u00ea\u0323u qua\u0309 t\u00f4\u0301i \u01b0u. Giu\u0301p <\/span><\/span><\/span><\/font><\/span><span>cho ba\u0323n co\u0301 th\u00ea\u0309 hoa\u0300n tha\u0300nh t\u00f4\u0301t c\u00f4ng vi\u00ea\u0323c va\u0300 nhanh cho\u0301ng d\u00ea\u0303 da\u0300ng h\u01a1n.<\/span><\/span><\/span><\/span><\/span><\/p>\n<p><span style=\"font-family:times new roman,times,serif\"><span style=\"font-size:16px\"><span style=\"line-height:1.6em\"><span style=\"color:#000000\"><span>C\u1eaft kim lo\u1ea1i nhanh, c\u1eaft \u0111\u01b0\u1ee3c h\u1ea7u h\u1ebft c\u00e1c lo\u1ea1i (th\u00e9p kh\u00f4ng r\u1ec9, th\u00e9p carbon, nh\u00f4m, \u0111\u1ed3ng, cho \u0111\u1ebfn h\u1ee3p kim titan,\u2026\u00a0)<\/span><\/span><\/span><\/span><\/span><\/p>\n<p><strong><span style=\"font-family:times new roman,times,serif\"><span style=\"font-size:16px\"><span style=\"line-height:1.6em\"><span style=\"color:#000000\"><span>M\u00e1y c\u1eaft Plasma<\/span><\/span><\/span><\/span><\/span><span style='font-size: 16px;font-family: \"times new roman\", times, serif;text-align: justify'><strong>\u00a0<\/strong><\/span><span style='font-size: 16px;font-family: \"times new roman\", times, serif;text-align: justify'>Smart Focus Series 130<\/span><\/strong><span style='font-size: 16px;font-family: \"times new roman\", times, serif;text-align: justify'><strong><strong>\u00a0<\/strong><\/strong>la\u0300 sa\u0309n ph\u00e2\u0309m ch\u00e2\u0301t l\u01b0\u01a1\u0323ng giu\u0301p c\u00f4ng vi\u1ec7c nh\u01b0 c\u0103\u0301t kim loa\u0323i nh\u01b0 s\u0103\u0301t. \u01af\u0301ng du\u0323ng ta\u0323i gia \u0111i\u0300nh ho\u0103\u0323c x\u01b0\u01a1\u0309ng c\u00f4ng nghi\u00ea\u0323p, ng\u00e0nh ch\u1ebf t\u1ea1o c\u01a1 kh\u00ed, \u00f4 t\u00f4, ng\u00e0nh qu\u1ea3ng c\u00e1o&#8230;&#8230;..\u00a0<\/span><\/p>\n<div style=\"font-family: UTMAvo, sans-serif;font-size: 14px;line-height: 24.75px;text-align: justify\">\u00a0<\/div>\n<div style=\"font-family: UTMAvo, sans-serif;font-size: 14px;line-height: 24.75px;text-align: justify\"><span style=\"font-family:times new roman,times,serif\"><span style=\"font-size:16px\"><span style=\"line-height:1.6em\">\u00a0 \u00a0 \u00a0 \u00a0 \u00a0 \u00a0 \u00a0 \u00a0 \u00a0 \u00a0 \u00a0 \u00a0 \u00a0 \u00a0 \u00a0 \u00a0 \u00a0 \u00a0 \u00a0 \u00a0\u00a0<img loading=\"lazy\" decoding=\"async\" height=\"565\" src=\"https:\/\/chocokhi.vn\/wp-content\/uploads\/2024\/03\/z1127021021900_379ca870398bb4350682bb2f15906f8d1.jpg\" width=\"565\" title=\"z1127021021900_379ca870398bb4350682bb2f15906f8d1\"><\/span><\/span><\/span><\/div>\n<div style=\"font-family: UTMAvo, sans-serif;font-size: 14px;line-height: 24.75px;text-align: justify\">\u00a0<\/div>\n<div style=\"font-family: UTMAvo, sans-serif;font-size: 14px;line-height: 24.75px\">\u00a0<\/div>\n<div style=\"font-family: UTMAvo, sans-serif;font-size: 14px;line-height: 24.75px\">\u00a0<\/div>\n<div style=\"font-family: UTMAvo, sans-serif;font-size: 14px;line-height: 24.75px\">\n<div style=\"font-family:\"><span style=\"font-family:times new roman,times,serif\"><span style=\"font-size:16px\"><span style=\"line-height:1.6em\"><span style=\"color:#000000\">\u00a0 \u00a0 \u00a0 \u00a0\u00a0<\/span><\/span><\/span><\/span><\/div>\n<div style=\"font-family:\"><span style=\"font-family:times new roman,times,serif\"><span style=\"font-size:16px\"><span style=\"line-height:1.6em\">\u00a0 \u00a0 \u00a0 \u00a0 \u00a0 \u00a0 \u00a0 \u00a0 \u00a0 \u00a0 \u00a0 \u00a0 \u00a0 \u00a0 \u00a0 \u00a0 \u00a0 \u00a0\u00a0<\/span><\/span><\/span><\/div>\n<\/div>\n<p>\u00a0<\/p>\n<p>\u00a0<\/p>\n<ul style=\"margin: 0px;padding: 0px;font-family:\">\n<li style=\"margin: 0px;padding: 0px;font-family: Arial, sans-serif;font-size: 13px;text-align: justify\">\u00a0<\/li>\n<\/ul>\n<p>\u00a0<\/p>\n<\/p><\/div>\n","protected":false},"excerpt":{"rendered":"<div class=\"ndung_mota clearfix\">\n<p style=\"margin: 0px;padding: 0px;font-family: roboto;font-size: 14px\"><span style=\"margin: 0px;padding: 0px\"><span style=\"margin: 0px;padding: 0px;font-family: arial, helvetica, sans-serif\"><span style=\"margin: 0px;padding: 0px;font-size: 16px\"><strong style=\"margin: 0px;padding: 0px\">L\u00dd DO B\u1ea0N N\u00caN CH\u1eccN CH\u00daNG T\u00d4I\u00a0<\/strong><\/span><\/span><\/span><\/p>\n<table border=\"0\" cellpadding=\"0\" cellspacing=\"0\" style=\"margin: 0px;padding: 0px;font-family: roboto;border-collapse: collapse;width: 515px\" width=\"515\">\n<colgroup style=\"margin: 0px;padding: 0px\">\n<col style=\"margin: 0px;padding: 0px;width: 515px\">\n\t<\/colgroup>\n<tbody style=\"margin: 0px;padding: 0px\">\n<tr style=\"margin: 0px;padding: 0px;height: 21px\">\n<td align=\"left\" height=\"21\" style=\"margin: 0px;padding: 0px;height: 21px;width: 515px\"><span style=\"margin: 0px;padding: 0px;font-family: arial, helvetica, sans-serif\"><span style=\"margin: 0px;padding: 0px;font-size: 14px\"><img loading=\"lazy\" decoding=\"async\" alt=\"CH\u1ee2 C\u01a0 KH\u00cd - CTY H\u1ed2 GIA PH\u00c1T\" height=\"16\" src=\"https:\/\/chocokhi.vn\/wp-content\/uploads\/2024\/03\/icon1-1.gif\" style=\"margin: 0px;padding: 0px;height: auto;max-width: 100%\" width=\"16\">M\u00e1y \u0111\u01b0\u1ee3c nh\u1eadp kh\u1ea9u t\u1eeb<strong> \u0110\u1ee9c<\/strong><\/span><\/span><\/td>\n<\/tr>\n<tr style=\"margin: 0px;padding: 0px;height: 21px\">\n<td align=\"left\" height=\"21\" style=\"margin: 0px;padding: 0px;height: 21px\"><span style=\"margin: 0px;padding: 0px;font-family: arial, helvetica, sans-serif\"><span style=\"margin: 0px;padding: 0px;font-size: 14px\"><img loading=\"lazy\" decoding=\"async\" alt=\"CH\u1ee2 C\u01a0 KH\u00cd - CTY H\u1ed2 GIA PH\u00c1T\" height=\"16\" src=\"https:\/\/chocokhi.vn\/wp-content\/uploads\/2024\/03\/icon1-1.gif\" style=\"margin: 0px;padding: 0px;height: auto;max-width: 100%\" width=\"16\"><\/span><\/span><span style=\"margin: 0px;padding: 0px;font-size: 10.5pt;line-height: 14.98px;font-family: Arial, sans-serif\">M\u00e1y thi\u1ebft k\u1ebf khoa h\u1ecdc, d\u1ec5 d\u00e0ng di chuy\u1ec3n<\/span><\/td>\n<\/tr>\n<tr style=\"margin: 0px;padding: 0px;height: 21px\">\n<td align=\"left\" height=\"21\" style=\"margin: 0px;padding: 0px;height: 21px\"><span style=\"margin: 0px;padding: 0px;font-family: arial, helvetica, sans-serif\"><span style=\"margin: 0px;padding: 0px;font-size: 14px\"><img loading=\"lazy\" decoding=\"async\" alt=\"CH\u1ee2 C\u01a0 KH\u00cd - CTY H\u1ed2 GIA PH\u00c1T\" height=\"16\" src=\"https:\/\/chocokhi.vn\/wp-content\/uploads\/2024\/03\/icon1-1.gif\" style=\"margin: 0px;padding: 0px;height: auto;max-width: 100%\" width=\"16\"><\/span><\/span><span style=\"margin: 0px;padding: 0px\"><span style=\"margin: 0px;padding: 0px;font-size: 14px\"><font face=\"Arial, sans-serif\" style=\"margin: 0px;padding: 0px\">Ch\u1ee9ng nh\u1eadn CO\/CQ \u0111\u1ea7y \u0111\u1ee7<\/font><\/span><\/span><\/td>\n<\/tr>\n<tr style=\"margin: 0px;padding: 0px;height: 21px\">\n<td align=\"left\" height=\"21\" style=\"margin: 0px;padding: 0px;height: 21px\"><span style=\"margin: 0px;padding: 0px;font-family: arial, helvetica, sans-serif\"><span style=\"margin: 0px;padding: 0px;font-size: 14px\"><img loading=\"lazy\" decoding=\"async\" alt=\"CH\u1ee2 C\u01a0 KH\u00cd - CTY H\u1ed2 GIA PH\u00c1T\" height=\"15\" src=\"https:\/\/chocokhi.vn\/wp-content\/uploads\/2024\/03\/icon1-1.gif\" style=\"margin: 0px;padding: 0px;height: auto;max-width: 100%\" width=\"15\"><\/span><\/span><span style=\"margin: 0px;padding: 0px;font-size: 10.5pt;line-height: 14.98px;font-family: Arial, sans-serif\">Kh\u1ea3o s\u00e1t, t\u01b0 v\u1ea5n cung c\u1ea5p gi\u1ea3i ph\u00e1p t\u1ed1i \u01b0u<\/span><\/td>\n<\/tr>\n<tr style=\"margin: 0px;padding: 0px;height: 21px\">\n<td align=\"left\" height=\"21\" style=\"margin: 0px;padding: 0px;height: 21px\"><span style=\"margin: 0px;padding: 0px;font-family: arial, helvetica, sans-serif\"><span style=\"margin: 0px;padding: 0px;font-size: 14px\"><img loading=\"lazy\" decoding=\"async\" alt=\"CH\u1ee2 C\u01a0 KH\u00cd - CTY H\u1ed2 GIA PH\u00c1T\" height=\"15\" src=\"https:\/\/chocokhi.vn\/wp-content\/uploads\/2024\/03\/icon1-1.gif\" style=\"margin: 0px;padding: 0px;height: auto;max-width: 100%\" width=\"15\">B\u1ea3o h\u00e0nh :\u00a0<strong style=\"margin: 0px;padding: 0px\">12 th\u00e1ng<\/strong><\/span><\/span><\/td>\n<\/tr>\n<tr style=\"margin: 0px;padding: 0px;height: 23px\">\n<td align=\"left\" height=\"23\" style=\"margin: 0px;padding: 0px;height: 23px;width: 515px\"><span style=\"margin: 0px;padding: 0px;font-family: arial, helvetica, sans-serif\"><span style=\"margin: 0px;padding: 0px;font-size: 14px\"><img loading=\"lazy\" decoding=\"async\" alt=\"CH\u1ee2 C\u01a0 KH\u00cd - CTY H\u1ed2 GIA PH\u00c1T\" height=\"15\" src=\"https:\/\/chocokhi.vn\/wp-content\/uploads\/2024\/03\/icon1-1.gif\" style=\"margin: 0px;padding: 0px;height: auto;max-width: 100%\" width=\"15\">D\u1ecbch v\u1ee5 h\u1eadu m\u00e3i nhanh ch\u00f3ng chuy\u00ean nghi\u1ec7p\u00a0<\/span><\/span><\/td>\n<\/tr>\n<tr style=\"margin: 0px;padding: 0px;height: 23px\">\n<td align=\"left\" height=\"23\" style=\"margin: 0px;padding: 0px;height: 23px;width: 515px\"><span style=\"margin: 0px;padding: 0px;font-family: arial, helvetica, sans-serif\"><span style=\"margin: 0px;padding: 0px;font-size: 14px\"><img loading=\"lazy\" decoding=\"async\" alt=\"CH\u1ee2 C\u01a0 KH\u00cd - CTY H\u1ed2 GIA PH\u00c1T\" height=\"15\" src=\"https:\/\/chocokhi.vn\/wp-content\/uploads\/2024\/03\/icon1-1.gif\" style=\"margin: 0px;padding: 0px;height: auto;max-width: 100%\" width=\"15\">T\u00ecnh tr\u1ea1ng:\u00a0<strong style=\"margin: 0px;padding: 0px\">S\u1ea3n xu\u1ea5t t\u1eeb 30-40 ng\u00e0y.<\/strong><\/span><\/span><\/td>\n<\/tr>\n<tr style=\"margin: 0px;padding: 0px;height: 23px\">\n<td align=\"left\" height=\"23\" style=\"margin: 0px;padding: 0px;height: 23px;width: 515px\"><span style=\"margin: 0px;padding: 0px;font-family: arial, helvetica, sans-serif\"><span style=\"margin: 0px;padding: 0px;font-size: 14px\"><img loading=\"lazy\" decoding=\"async\" alt=\"CH\u1ee2 C\u01a0 KH\u00cd - CTY H\u1ed2 GIA PH\u00c1T\" height=\"16\" src=\"https:\/\/chocokhi.vn\/wp-content\/uploads\/2024\/03\/icon1-1.gif\" style=\"margin: 0px;padding: 0px;height: auto;max-width: 100%\" width=\"16\">Linh ki\u1ec7n lu\u00f4n c\u00f3 s\u1eb5n \u0111\u1ec3 d\u1ec5 d\u00e0ng thay th\u1ebf\u00a0<\/span><\/span><\/td>\n<\/tr>\n<tr style=\"margin: 0px;padding: 0px;height: 23px\">\n<td align=\"left\" height=\"23\" style=\"margin: 0px;padding: 0px;height: 23px;width: 515px\"><span style=\"margin: 0px;padding: 0px;font-family: arial, helvetica, sans-serif\"><span style=\"margin: 0px;padding: 0px;font-size: 14px\"><img loading=\"lazy\" decoding=\"async\" alt=\"CH\u1ee2 C\u01a0 KH\u00cd - CTY H\u1ed2 GIA PH\u00c1T\" height=\"15\" src=\"https:\/\/chocokhi.vn\/wp-content\/uploads\/2024\/03\/icon1-1.gif\" style=\"margin: 0px;padding: 0px;height: auto;max-width: 100%\" width=\"15\">Gi\u00e1 th\u00e0nh c\u1ea1nh tranh nh\u1ea5t<\/span><\/span><\/td>\n<\/tr>\n<tr style=\"margin: 0px;padding: 0px;height: 23px\">\n<td align=\"left\" height=\"23\" style=\"margin: 0px;padding: 0px;height: 23px;width: 515px\"><span style=\"margin: 0px;padding: 0px;font-family: arial, helvetica, sans-serif\"><span style=\"margin: 0px;padding: 0px;font-size: 14px\"><img loading=\"lazy\" decoding=\"async\" alt=\"CH\u1ee2 C\u01a0 KH\u00cd - CTY H\u1ed2 GIA PH\u00c1T\" height=\"16\" src=\"https:\/\/chocokhi.vn\/wp-content\/uploads\/2024\/03\/icon1-1.gif\" style=\"margin: 0px;padding: 0px;height: auto;max-width: 100%\" width=\"16\">Giao h\u00e0ng mi\u1ec5n ph\u00ed<\/span><\/span><\/td>\n<\/tr>\n<\/tbody>\n<\/table>\n<\/div>\n","protected":false},"featured_media":3394,"comment_status":"closed","ping_status":"closed","template":"","meta":[],"product_brand":[],"product_cat":[59],"product_tag":[],"class_list":{"0":"post-3393","1":"product","2":"type-product","3":"status-publish","4":"has-post-thumbnail","6":"product_cat-may-cat-plasma-smart-focus","8":"first","9":"instock","10":"shipping-taxable","11":"product-type-simple"},"_links":{"self":[{"href":"https:\/\/chocokhi.vn\/index.php?rest_route=\/wp\/v2\/product\/3393","targetHints":{"allow":["GET"]}}],"collection":[{"href":"https:\/\/chocokhi.vn\/index.php?rest_route=\/wp\/v2\/product"}],"about":[{"href":"https:\/\/chocokhi.vn\/index.php?rest_route=\/wp\/v2\/types\/product"}],"replies":[{"embeddable":true,"href":"https:\/\/chocokhi.vn\/index.php?rest_route=%2Fwp%2Fv2%2Fcomments&post=3393"}],"wp:featuredmedia":[{"embeddable":true,"href":"https:\/\/chocokhi.vn\/index.php?rest_route=\/wp\/v2\/media\/3394"}],"wp:attachment":[{"href":"https:\/\/chocokhi.vn\/index.php?rest_route=%2Fwp%2Fv2%2Fmedia&parent=3393"}],"wp:term":[{"taxonomy":"product_brand","embeddable":true,"href":"https:\/\/chocokhi.vn\/index.php?rest_route=%2Fwp%2Fv2%2Fproduct_brand&post=3393"},{"taxonomy":"product_cat","embeddable":true,"href":"https:\/\/chocokhi.vn\/index.php?rest_route=%2Fwp%2Fv2%2Fproduct_cat&post=3393"},{"taxonomy":"product_tag","embeddable":true,"href":"https:\/\/chocokhi.vn\/index.php?rest_route=%2Fwp%2Fv2%2Fproduct_tag&post=3393"}],"curies":[{"name":"wp","href":"https:\/\/api.w.org\/{rel}","templated":true}]}}