{"id":3390,"date":"2024-03-02T01:14:57","date_gmt":"2024-03-02T01:14:57","guid":{"rendered":"https:\/\/chocokhi.vn\/san-pham\/may-cua-vong-s3350m-723\/"},"modified":"2024-03-02T01:14:57","modified_gmt":"2024-03-02T01:14:57","slug":"may-cua-vong-s3350m-723","status":"publish","type":"product","link":"https:\/\/chocokhi.vn\/san-pham\/may-cua-vong-s3350m-723.html","title":{"rendered":"M\u00e1y c\u01b0a v\u00f2ng  S3350M"},"content":{"rendered":"<\/p>\n<div class=\"tab\">\n<p><span style=\"line-height:1.5em\"><span style=\"font-family:arial,helvetica,sans-serif\"><span style=\"font-size:11.0pt\"><span style=\"font-size:18px\"><strong>M\u00e1y c\u01b0a v\u00f2ng S 3350M<\/strong> l\u00e0 d\u00f2ng m\u00e1y \u0111ang \u0111\u01b0\u1ee3c s\u1eed d\u1ee5ng ph\u1ed5 bi\u1ebfn. M\u00e1y c\u01b0a v\u00f2ng <strong>S 3350M<\/strong>\u00a0 \u0111\u01b0\u1ee3c trang b\u1ecb vise th\u1ee7 c\u00f4ng v\u00e0 c\u00f3 th\u1ec3 t\u1ef1 \u0111\u1ed9ng \u0111i\u1ec1u ch\u1ec9nh l\u00ean xu\u1ed1ng b\u1eb1ng th\u1ee7y l\u1ef1c. M\u00e1y c\u01b0a v\u00f2ng<strong> S 3350M<\/strong> m\u1ed9t c\u00f4ng c\u1ee5 l\u00fd t\u01b0\u1edfng cho c\u1eeda h\u00e0ng m\u00e1y v\u1eeba v\u00e0 nh\u1ecf, c\u1eeda h\u00e0ng b\u1ea3o tr\u00ec, c\u1eeda h\u00e0ng ch\u1ebf t\u1ea1o kim lo\u1ea1i, tr\u01b0\u1eddng h\u1ecdc, v\u00e0 c\u00f4ng vi\u1ec7c s\u1ea3n xu\u1ea5t h\u1ea1n ch\u1ebf. M\u00e1y c\u00f3 th\u1ec3 c\u1eaft \u0111\u01b0\u1ee3c c\u00e1c v\u1eadt li\u1ec7u c\u00f3 h\u00ecnh vu\u00f4ng, tr\u00f2n, h\u00ecnh ch\u1eef nh\u1eadt v\u00e0 v\u1eadt li\u1ec7u \u1ed1ng. C\u1ea5u tr\u00fac v\u1eefng ch\u1eafc, \u1ed5n \u0111\u1ecbnh, ch\u00ednh x\u00e1c, hi\u1ec7u qu\u1ea3 l\u00e0m vi\u1ec7c cao. Ch\u1eafc ch\u1eafn m\u00e1y c\u01b0a v\u00f2ng S 3350M s\u1ebd l\u00e0 s\u1ea3n ph\u1ea9m ti\u00ean phong \u0111\u01b0\u1ee3c Qu\u00fd kh\u00e1ch ch\u1ecdn \u0111\u1ec3 s\u1ea3n xu\u1ea5t. chocokhi.vn nh\u00e0 ph\u00e2n ph\u1ed1i m\u00e1y c\u01b0a v\u00f2ng th\u01b0\u01a1ng hi\u1ec7u Golden Saws v\u1edbi gi\u00e1 th\u00e0nh h\u1ee3p l\u00fd nh\u1ea5t<\/span>.<\/span><\/span><\/span><\/p>\n<p>\u00a0<\/p>\n<p><span style=\"line-height:1.5em\"><span style=\"font-family:arial,helvetica,sans-serif\"><span style=\"font-size:11.0pt\"><img loading=\"lazy\" decoding=\"async\" height=\"414\" src=\"https:\/\/chocokhi.vn\/wp-content\/uploads\/2024\/03\/s-3350m.jpg\" width=\"552\" title=\"s-3350m\"><\/span><\/span><\/span><\/p>\n<p>\u00a0<\/p>\n<p><span style=\"font-size:18px\"><span style=\"font-family:arial,helvetica,sans-serif\"><span style=\"color:#FF0000\"><strong>TH\u00d4NG S\u1ed0 K\u1ef8 THU\u1eacT\u00a0<\/strong><\/span><\/span><\/span><\/p>\n<p>\u00a0<\/p>\n<p>\u00a0<\/p>\n<table border=\"0\" class=\"cadch_table07\" style='border-spacing: 0px;border-collapse: collapse;font-family: Arial, \u5fae\u8edf\u6b63\u9ed1\u9ad4, \"Microsoft JhengHei\", \u65b0\u7d30\u660e\u9ad4, PMingLiU, sans-serif;font-size: 14px;width: 847.333px'>\n<tbody>\n<tr style=\"height: 60px\">\n<td style=\"padding: 5px;text-align: center\"><span style=\"color:#FF0000\"><span style=\"font-size:20px\"><strong>S 3350M<\/strong><\/span><\/span><\/td>\n<td style=\"padding: 5px;text-align: center\"><span style=\"color:#FF0000\"><span style=\"font-size:20px\"><strong>TH\u00d4NG S\u1ed0 K\u1ef8 THU\u1eacT<\/strong><\/span><\/span><\/td>\n<\/tr>\n<tr style=\"height: 50px\">\n<td style=\"padding: 5px\"><span style=\"font-size: medium\"><font style=\"vertical-align: inherit\"><font style=\"vertical-align: inherit\">V\u00f2ng n\u0103ng l\u1ef1c<\/font><\/font><\/span><\/td>\n<td style=\"padding: 5px\"><span style=\"font-size: medium\"><font style=\"vertical-align: inherit\"><font style=\"vertical-align: inherit\">90 \u00b0: 330 mm \/ \u00b1 60 \u00b0: 220 mm<\/font><\/font><\/span><\/td>\n<\/tr>\n<tr style=\"height: 50px\">\n<td style=\"padding: 5px\"><span style=\"font-size: medium\"><span><font style=\"vertical-align: inherit\"><font style=\"vertical-align: inherit\">Qu\u1ea3ng tr\u01b0\u1eddng c\u00f4ng su\u1ea5t<\/font><\/font><\/span><\/span><\/td>\n<td style=\"padding: 5px\"><span style=\"font-size: medium\"><font style=\"vertical-align: inherit\"><font style=\"vertical-align: inherit\">90 \u00b0: 270 mm \/ \u00b1 60 \u00b0: 220 mm<\/font><\/font><\/span><\/td>\n<\/tr>\n<tr style=\"height: 50px\">\n<td style=\"padding: 5px\"><span style=\"font-size: medium\"><font style=\"vertical-align: inherit\"><font style=\"vertical-align: inherit\">C\u00f4ng su\u1ea5t h\u00ecnh ch\u1eef nh\u1eadt (HxW)<\/font><\/font><\/span><\/td>\n<td style=\"padding: 5px\"><span style=\"font-size: medium\"><span><font style=\"vertical-align: inherit\"><font style=\"vertical-align: inherit\">90 \u00b0:\u00a0<\/font><\/font><\/span><font style=\"vertical-align: inherit\"><font style=\"vertical-align: inherit\">\u00a0270 x 460 mm \/\u00a0<\/font><\/font><span><font style=\"vertical-align: inherit\"><font style=\"vertical-align: inherit\">\u00b1 60 \u00b0:\u00a0<\/font><\/font><\/span><font style=\"vertical-align: inherit\"><font style=\"vertical-align: inherit\">\u00a0220 x 220 mm<\/font><\/font><\/span><\/td>\n<\/tr>\n<tr style=\"height: 50px\">\n<td style=\"padding: 5px\"><span style=\"font-size: medium\"><font style=\"vertical-align: inherit\"><font style=\"vertical-align: inherit\">T\u1ed1c \u0111\u1ed9 l\u01b0\u1ee1i<\/font><\/font><\/span><\/td>\n<td style=\"padding: 5px\"><span style=\"font-size: medium\"><font style=\"vertical-align: inherit\"><font style=\"vertical-align: inherit\">20, 34, 49, 76 m \/ ph\u00fat<\/font><\/font><\/span><\/td>\n<\/tr>\n<tr style=\"height: 50px\">\n<td style=\"padding: 5px\"><span style=\"font-size: medium\"><font style=\"vertical-align: inherit\"><font style=\"vertical-align: inherit\">K\u00edch th\u01b0\u1edbc l\u01b0\u1ee1i c\u1eaft (LxWxT)<\/font><\/font><\/span><\/td>\n<td style=\"padding: 5px\"><span style=\"font-size: medium\"><font style=\"vertical-align: inherit\"><font style=\"vertical-align: inherit\">4150 x 27 x 0,9 mm\u00a0<\/font><\/font><\/span><\/td>\n<\/tr>\n<tr style=\"height: 50px\">\n<td style=\"padding: 5px\"><span style=\"font-size: medium\"><font style=\"vertical-align: inherit\"><font style=\"vertical-align: inherit\">\u0110\u1ed9ng c\u01a1 phi\u1ebfn<\/font><\/font><\/span><\/td>\n<td style=\"padding: 5px\"><span style=\"font-size: medium\"><font style=\"vertical-align: inherit\"><font style=\"vertical-align: inherit\">2 HP<\/font><\/font><\/span><\/td>\n<\/tr>\n<tr style=\"height: 50px\">\n<td style=\"padding: 5px\"><span style=\"font-size: medium\"><font style=\"vertical-align: inherit\"><font style=\"vertical-align: inherit\">\u0110\u1ed9ng c\u01a1 th\u1ee7y l\u1ef1c<\/font><\/font><\/span><\/td>\n<td style=\"padding: 5px\"><span style=\"font-size: medium\"><font style=\"vertical-align: inherit\"><font style=\"vertical-align: inherit\">0,25 HP<\/font><\/font><\/span><\/td>\n<\/tr>\n<tr style=\"height: 50px\">\n<td style=\"padding: 5px\"><span style=\"font-size: medium\"><font style=\"vertical-align: inherit\"><font style=\"vertical-align: inherit\">\u0110\u1ed9ng c\u01a1 l\u00e0m m\u00e1t<\/font><\/font><\/span><\/td>\n<td style=\"padding: 5px\"><span style=\"font-size: medium\"><font style=\"vertical-align: inherit\"><font style=\"vertical-align: inherit\">1\/8 HP\u00a0<\/font><\/font><\/span><\/td>\n<\/tr>\n<tr style=\"height: 50px\">\n<td style=\"padding: 5px\"><span style=\"font-size: medium\"><font style=\"vertical-align: inherit\"><font style=\"vertical-align: inherit\">Chi\u1ec1u cao b\u00e0n l\u00e0m vi\u1ec7c<\/font><\/font><\/span><\/td>\n<td style=\"padding: 5px\"><span style=\"font-size: medium\"><font style=\"vertical-align: inherit\"><font style=\"vertical-align: inherit\">820 mm\u00a0<\/font><\/font><\/span><\/td>\n<\/tr>\n<tr style=\"height: 50px\">\n<td style=\"padding: 5px\"><span style=\"font-size: medium\"><font style=\"vertical-align: inherit\"><font style=\"vertical-align: inherit\">T\u1ed5ng tr\u1ecdng l\u01b0\u1ee3ng<\/font><\/font><\/span><\/td>\n<td style=\"padding: 5px\"><span style=\"font-size: medium\"><font style=\"vertical-align: inherit\"><font style=\"vertical-align: inherit\">850 kg<\/font><\/font><\/span><\/td>\n<\/tr>\n<tr style=\"height: 50px\">\n<td style=\"padding: 5px\"><span style=\"font-size: medium\"><font style=\"vertical-align: inherit\"><font style=\"vertical-align: inherit\">Kh\u00f4ng gian s\u00e0n (LxWxH)<\/font><\/font><\/span><\/td>\n<td style=\"padding: 5px\"><span style=\"font-size: medium\"><font style=\"vertical-align: inherit\"><font style=\"vertical-align: inherit\">1896 x 865 x 1410 mm<\/font><\/font><\/span><\/td>\n<\/tr>\n<\/tbody>\n<\/table><\/div>\n","protected":false},"excerpt":{"rendered":"<div class=\"ndung_mota clearfix\">\n<p><span style=\"color:#FF0000\"><strong><span style=\"font-family:arial,helvetica,sans-serif\">L\u00dd DO N\u00caN MUA\u00a0 M\u00c1Y C\u01afA V\u00d2NG GOLDEN SAWS<\/span><\/strong><\/span><\/p>\n<p><span style=\"font-family:arial,helvetica,sans-serif\">M\u00e1y \u0111\u01b0\u1ee3c nh\u1eadp nguy\u00ean chi\u1ebfc t\u1eeb \u0110\u00e0i Loan<\/span><\/p>\n<p><span style=\"font-family:arial,helvetica,sans-serif\">T\u00edch h\u1ee3p C\u00f4ng ngh\u1ec7\u00a0 Smart NC-100 ch\u1ea1y t\u1ef1 \u0111\u1ed9ng 100 ch\u01b0\u01a1ng tr\u00ecnh<\/span><\/p>\n<p><span style=\"font-family:arial,helvetica,sans-serif\">H\u1ec7 th\u1ed1ng m\u00e1y l\u00e0m m\u00e1t ho\u1ea1t \u0111\u1ed9ng li\u00ean t\u1ee5c.<\/span><\/p>\n<p><span style=\"font-family:arial,helvetica,sans-serif\">C\u00f3 th\u1ec3 \u0111i\u1ec1u ch\u1ec9nh t\u1ed1c \u0111\u1ed9<\/span><\/p>\n<p><span style=\"font-family:arial,helvetica,sans-serif\">C\u1eaft \u0111\u01b0\u1ee3c nhi\u1ec1u v\u1eadt li\u1ec7u c\u00f3 \u0111\u1ed9 c\u1ee9ng cao<\/span><\/p>\n<p><strong><span style=\"font-family:arial,helvetica,sans-serif\">B\u1ea3o h\u00e0nh : 12 th\u00e1ng<\/span><\/strong><\/p>\n<p><strong><span style=\"font-family:arial,helvetica,sans-serif\">T\u00ecnh tr\u1ea1ng: S\u1ea3n xu\u1ea5t t\u1eeb 30-40 ng\u00e0y.<\/span><\/strong><\/p>\n<p><span style=\"font-family:arial,helvetica,sans-serif\">Kh\u1ea3o s\u00e1t, t\u01b0 v\u1ea5n cung c\u1ea5p gi\u1ea3i ph\u00e1p t\u1ed1i \u01b0u<\/span><\/p>\n<p><span style=\"font-family:arial,helvetica,sans-serif\">D\u1ecbch v\u1ee5 h\u1eadu m\u00e3i nhanh ch\u00f3ng chuy\u00ean nghi\u1ec7p<\/span><\/p>\n<p><span style=\"font-family:arial,helvetica,sans-serif\">Gi\u00e1 th\u00e0nh c\u1ea1nh tranh nh\u1ea5t<\/span><\/p>\n<p><span style=\"font-family:arial,helvetica,sans-serif\">Linh ki\u1ec7n lu\u00f4n c\u00f3 s\u1eb5n \u0111\u1ec3 \u0111\u00e1p \u1ee9ng nhu c\u1ea7u thay th\u1ebf<\/span><\/p>\n<p><span style=\"font-family:arial,helvetica,sans-serif\">H\u1ed7 tr\u1ee3 t\u01b0 v\u1ea5n 24\/7, uy t\u00edn<\/span><\/p>\n<p><span style=\"font-family:arial,helvetica,sans-serif\">Gi\u00e1 th\u00e0nh c\u1ea1nh tranh nh\u1ea5t<\/span><\/p>\n<p><strong><span style=\"font-family:arial,helvetica,sans-serif\">Giao h\u00e0ng mi\u1ec5n ph\u00ed<\/span><\/strong><\/p>\n<\/div>\n","protected":false},"featured_media":3391,"comment_status":"closed","ping_status":"closed","template":"","meta":[],"product_brand":[],"product_cat":[60],"product_tag":[],"class_list":{"0":"post-3390","1":"product","2":"type-product","3":"status-publish","4":"has-post-thumbnail","6":"product_cat-may-cua-vong","8":"first","9":"instock","10":"shipping-taxable","11":"product-type-simple"},"_links":{"self":[{"href":"https:\/\/chocokhi.vn\/index.php?rest_route=\/wp\/v2\/product\/3390","targetHints":{"allow":["GET"]}}],"collection":[{"href":"https:\/\/chocokhi.vn\/index.php?rest_route=\/wp\/v2\/product"}],"about":[{"href":"https:\/\/chocokhi.vn\/index.php?rest_route=\/wp\/v2\/types\/product"}],"replies":[{"embeddable":true,"href":"https:\/\/chocokhi.vn\/index.php?rest_route=%2Fwp%2Fv2%2Fcomments&post=3390"}],"wp:featuredmedia":[{"embeddable":true,"href":"https:\/\/chocokhi.vn\/index.php?rest_route=\/wp\/v2\/media\/3391"}],"wp:attachment":[{"href":"https:\/\/chocokhi.vn\/index.php?rest_route=%2Fwp%2Fv2%2Fmedia&parent=3390"}],"wp:term":[{"taxonomy":"product_brand","embeddable":true,"href":"https:\/\/chocokhi.vn\/index.php?rest_route=%2Fwp%2Fv2%2Fproduct_brand&post=3390"},{"taxonomy":"product_cat","embeddable":true,"href":"https:\/\/chocokhi.vn\/index.php?rest_route=%2Fwp%2Fv2%2Fproduct_cat&post=3390"},{"taxonomy":"product_tag","embeddable":true,"href":"https:\/\/chocokhi.vn\/index.php?rest_route=%2Fwp%2Fv2%2Fproduct_tag&post=3390"}],"curies":[{"name":"wp","href":"https:\/\/api.w.org\/{rel}","templated":true}]}}