{"id":3155,"date":"2024-03-01T10:27:36","date_gmt":"2024-03-01T10:27:36","guid":{"rendered":"https:\/\/chocokhi.vn\/san-pham\/thuoc-day-komelon-kmc-34-75m-136\/"},"modified":"2024-03-01T10:27:36","modified_gmt":"2024-03-01T10:27:36","slug":"thuoc-day-komelon-kmc-34-75m-136","status":"publish","type":"product","link":"https:\/\/chocokhi.vn\/san-pham\/thuoc-day-komelon-kmc-34-75m-136.html","title":{"rendered":"Th\u01b0\u1edbc d\u00e2y Komelon KMC 34 &#8211; 7.5M"},"content":{"rendered":"<\/p>\n<div class=\"tab\">\n<p><span style=\"line-height:1.4em\"><span style=\"font-family:times new roman,times,serif\">Th\u01b0\u1edbc d\u00e2y d\u00f9ng \u0111\u1ec3 \u0111o k\u00edch th\u01b0\u1edbc, kho\u1ea3ng c\u00e1ch c\u1ee7a m\u1ed9t v\u1eadt hay m\u1ed9t kh\u00f4ng gian, \u0111\u00e2y l\u00e0 d\u1ee5ng c\u1ee5 c\u1ef1c k\u1ef3 h\u1eefu \u00edch cho m\u1ecdi ng\u01b0\u1eddi.Th\u01b0\u1edbc d\u00e2y Komelon KMC \u0111\u01b0\u1ee3c l\u00e0m t\u1eeb ch\u1ea5t li\u1ec7u th\u00e9p cao c\u1ea5p c\u00f9ng kh\u1ea3 n\u0103ng ch\u1ed1ng g\u1ec9 s\u00e9t hi\u1ec7u qu\u1ea3, c\u00f3 th\u1ec3 ch\u1ecbu \u0111\u01b0\u1ee3c c\u00e1c t\u00e1c \u0111\u1ed9ng t\u1eeb m\u00f4i tr\u01b0\u1eddng b\u00ean ngo\u00e0i.<\/span><\/span><\/p>\n<p><span style=\"line-height:1.4em\"><span style=\"font-family:times new roman,times,serif\">\u00a0 \u00a0\u00a0<\/span><\/span><\/p>\n<p><span style=\"line-height:1.4em\"><span style=\"font-family:times new roman,times,serif\">\u00a0 \u00a0 \u00a0 \u00a0 \u00a0 \u00a0 \u00a0 \u00a0 \u00a0 \u00a0 \u00a0 \u00a0 \u00a0 \u00a0 \u00a0 \u00a0 \u00a0 \u00a0 \u00a0 \u00a0 \u00a0 \u00a0 \u00a0 \u00a0 \u00a0 \u00a0 \u00a0 \u00a0 \u00a0 \u00a0 \u00a0 \u00a0<img loading=\"lazy\" decoding=\"async\" height=\"400\" src=\"https:\/\/chocokhi.vn\/wp-content\/uploads\/2024\/03\/thc6b0e1bb9bc20komelon207_5m-1.jpg\" width=\"337\" title=\"thc6b0e1bb9bc20komelon207_5m-1\"><\/span><\/span><\/p>\n<p><span style=\"line-height:1.4em\"><span style=\"font-family:times new roman,times,serif\">&#8211; Ph\u1ea7n d\u00e2y \u0111o \u0111\u01b0\u1ee3c in k\u00edch th\u01b0\u1edbc r\u00f5 r\u00e0ng, ch\u00ednh x\u00e1c gi\u00fap b\u1ea1n d\u1ec5 d\u00e0ng theo d\u00f5i. S\u1ea3n ph\u1ea9m c\u00f3 k\u00edch th\u01b0\u1edbc nh\u1ecf g\u1ecdn, b\u1ea1n c\u00f3 th\u1ec3 mang theo b\u00ean m\u00ecnh v\u00e0 s\u1eed d\u1ee5ng khi c\u1ea7n thi\u1ebft.<\/span><\/span><\/p>\n<p>\u00a0<\/p>\n<p><span style=\"line-height:1.4em\"><span style=\"font-family:times new roman,times,serif\">&#8211; Th\u01b0\u01a1\u0301c d\u00e2y c\u00f4ng tr\u01b0\u1eddng thi\u1ebft k\u1ebf nh\u1ecf g\u1ecdn, tro\u0323ng l\u01b0\u01a1\u0323ng nhe\u0323, kh\u00f4ng chi\u00ea\u0301m nhi\u00ea\u0300u di\u00ea\u0323n ti\u0301ch, d\u1ec5 d\u00e0ng cho vi\u1ec7c mang theo s\u1eed d\u1ee5ng ho\u1eb7c c\u1ea5t go\u0323n trong h\u00f4\u0323p \u0111\u00f4\u0300 ngh\u00ea\u0300.<\/span><\/span><\/p>\n<p>\u00a0<\/p>\n<p><span style=\"line-height:1.4em\"><span style=\"font-family:times new roman,times,serif\">&#8211; Th\u01b0\u1edbc l\u00e0m t\u1eeb th\u00e9p kh\u00f4ng g\u1ec9 c\u00f3 chi\u1ec1u d\u00e0i la\u0300 7.5m, nh\u1edd \u0111\u00f3 b\u1ea1n c\u00f3 th\u1ec3 d\u1ec5 d\u00e0ng s\u1eed d\u1ee5ng \u0111o \u0111\u1ea1c trong nhi\u1ec1u m\u1ee5c \u0111\u00edch kh\u00e1c nhau. C\u00f3 ph\u1ee7 m\u1ed9t l\u1edbp nylon tr\u00ean b\u1ec1 m\u1eb7t ch\u1ed1ng g\u1ec9 s\u00e9t theo th\u1eddi gian<\/span><\/span><\/p>\n<p>\u00a0<\/p>\n<p><span style=\"line-height:1.4em\"><span style=\"font-family:times new roman,times,serif\">\u00a0&#8211; V\u1ecf \u0111\u00fac cao su ABS ch\u1ed1ng va \u0111\u1eadp, t\u00edch h\u1ee3p ph\u1ea7n tay c\u1ea7m, t\u0103ng s\u1ef1 ti\u1ec7n \u00edch khi \u0111o \u0111\u1ea1c.<\/span><\/span><\/p>\n<p>\u00a0<\/p>\n<p><span style=\"line-height:1.4em\"><span style=\"font-family:times new roman,times,serif\">\u00a0 \u00a0 \u00a0 \u00a0 \u00a0 \u00a0 \u00a0 \u00a0 \u00a0 \u00a0 \u00a0 \u00a0 \u00a0 \u00a0 \u00a0 \u00a0 \u00a0 \u00a0 \u00a0 \u00a0 \u00a0 \u00a0 \u00a0 \u00a0 \u00a0 \u00a0<img loading=\"lazy\" decoding=\"async\" height=\"416\" src=\"https:\/\/chocokhi.vn\/wp-content\/uploads\/2024\/03\/img1218-2477-3.jpg\" width=\"416\" title=\"img1218-2477-3\"><\/span><\/span><\/p>\n<p>\u00a0<\/p>\n<p><span style=\"line-height:1.4em\"><span style=\"font-family:times new roman,times,serif\">&#8211; Th\u01b0\u01a1\u0301c d\u00e2y Komelon l\u00e0 s\u1ea3n ph\u1ea9m \u0111\u01b0\u01a1\u0323c nhi\u00ea\u0300u ng\u01b0\u01a1\u0300i s\u01b0\u0309 du\u0323ng tin du\u0300ng b\u01a1\u0309i ti\u0301nh h\u01b0\u0303u i\u0301ch va\u0300 ti\u00ea\u0323n l\u01a1\u0323i. Sa\u0309n ph\u00e2\u0309m chi\u0301nh ha\u0303ng cu\u0309a Komelon s\u1ea3n xu\u1ea5t theo c\u00f4ng ngh\u1ec7 hi\u00ea\u0323n \u0111a\u0323i cu\u0309a My\u0303 \u0111a\u0309m ba\u0309o ba\u0323n se\u0303 y\u00ean t\u00e2m h\u01a1n v\u00ea\u0300 ch\u00e2\u0301t l\u01b0\u01a1\u0323ng.<\/span><\/span><\/p>\n<p>\u00a0<\/p>\n<p><span style=\"line-height:1.4em\"><span style=\"font-family:times new roman,times,serif\">&#8211; Th\u01b0\u01a1\u0301c d\u00e2y \u0111a\u0303 qua ki\u00ea\u0309m \u0111i\u0323nh nghi\u00eam ng\u0103\u0323t \u0111a\u0301p \u01b0\u0301ng \u0111\u01b0\u01a1\u0323c nh\u01b0\u0303ng y\u00eau c\u00e2\u0300u v\u00ea\u0300 m\u00e2\u0303u ma\u0303, ch\u00e2\u0301t l\u01b0\u01a1\u0323ng cu\u0303ng nh\u01b0 \u0111a\u0309m ba\u0309o s\u01b0\u0323 y\u00ean t\u00e2m cho ng\u01b0\u01a1\u0300i s\u01b0\u0309 du\u0323ng.<\/span><\/span><\/p>\n<p>\u00a0<\/p>\n<p><span style=\"line-height:1.4em\"><span style=\"font-family:times new roman,times,serif\">&#8211; H\u00e0ng c\u00f3 s\u1eb5n, giao h\u00e0ng to\u00e0n qu\u1ed1c<\/span><\/span><\/p>\n<p>\u00a0<\/p>\n<\/p><\/div>\n","protected":false},"excerpt":{"rendered":"<div class=\"ndung_mota clearfix\">\n<p><span style=\"font-family:times new roman,times,serif\">Th\u01b0\u1edbc d\u00e2y Komelon KMC 34 &#8211; 7.5M<\/span><\/p>\n<p><span style=\"font-family:times new roman,times,serif\">+ V\u1eadt li\u1ec7u :Th\u00e9p kh\u00f4ng r\u1ec9, \u0111\u1ed9 m\u1ec1m d\u1ebbo cao.<\/span><\/p>\n<p><span style=\"font-family:times new roman,times,serif\">+ C\u00f3 kh\u1ea3 n\u0103ng k\u00e9o ra v\u00e0 d\u00e3n v\u00f4 nh\u1edd c\u00f3 l\u00f2 xo b\u00ean trong<\/span><\/p>\n<p><span style=\"font-family:times new roman,times,serif\">+ V\u1ecf \u0111\u00fac cao su ABS ch\u1ed1ng va \u0111\u1eadp<\/span><\/p>\n<p><span style=\"font-family:times new roman,times,serif\">+ C\u00f3 2 nam ch\u00e2m h\u00fat tr\u00ean \u0111\u1ea7u gi\u00fap vi\u1ec7c \u0111o \u0111\u1ea1c d\u1ec5 d\u00e0ng h\u01a1n<\/span><\/p>\n<p><span style=\"font-family:times new roman,times,serif\">+ Tr\u1ecdng l\u01b0\u1ee3ng 300g<\/span><\/p>\n<p><span style=\"font-family:times new roman,times,serif\">H\u00e0ng c\u00f3 s\u1eb5n, giao h\u00e0ng trong ng\u00e0y<\/span><\/p>\n<\/div>\n","protected":false},"featured_media":4821,"comment_status":"closed","ping_status":"closed","template":"","meta":[],"product_brand":[],"product_cat":[49],"product_tag":[],"class_list":{"0":"post-3155","1":"product","2":"type-product","3":"status-publish","4":"has-post-thumbnail","6":"product_cat-thuoc-do-komelon","8":"first","9":"instock","10":"shipping-taxable","11":"purchasable","12":"product-type-simple"},"_links":{"self":[{"href":"https:\/\/chocokhi.vn\/index.php?rest_route=\/wp\/v2\/product\/3155","targetHints":{"allow":["GET"]}}],"collection":[{"href":"https:\/\/chocokhi.vn\/index.php?rest_route=\/wp\/v2\/product"}],"about":[{"href":"https:\/\/chocokhi.vn\/index.php?rest_route=\/wp\/v2\/types\/product"}],"replies":[{"embeddable":true,"href":"https:\/\/chocokhi.vn\/index.php?rest_route=%2Fwp%2Fv2%2Fcomments&post=3155"}],"wp:featuredmedia":[{"embeddable":true,"href":"https:\/\/chocokhi.vn\/index.php?rest_route=\/wp\/v2\/media\/4821"}],"wp:attachment":[{"href":"https:\/\/chocokhi.vn\/index.php?rest_route=%2Fwp%2Fv2%2Fmedia&parent=3155"}],"wp:term":[{"taxonomy":"product_brand","embeddable":true,"href":"https:\/\/chocokhi.vn\/index.php?rest_route=%2Fwp%2Fv2%2Fproduct_brand&post=3155"},{"taxonomy":"product_cat","embeddable":true,"href":"https:\/\/chocokhi.vn\/index.php?rest_route=%2Fwp%2Fv2%2Fproduct_cat&post=3155"},{"taxonomy":"product_tag","embeddable":true,"href":"https:\/\/chocokhi.vn\/index.php?rest_route=%2Fwp%2Fv2%2Fproduct_tag&post=3155"}],"curies":[{"name":"wp","href":"https:\/\/api.w.org\/{rel}","templated":true}]}}