{"id":3080,"date":"2024-03-01T10:02:05","date_gmt":"2024-03-01T10:02:05","guid":{"rendered":"https:\/\/chocokhi.vn\/san-pham\/may-cat-ton-hgd-870\/"},"modified":"2024-03-01T10:02:05","modified_gmt":"2024-03-01T10:02:05","slug":"may-cat-ton-hgd-870","status":"publish","type":"product","link":"https:\/\/chocokhi.vn\/san-pham\/may-cat-ton-hgd-870.html","title":{"rendered":"M\u00e1y c\u1eaft t\u00f4n HGD"},"content":{"rendered":"<\/p>\n<div class=\"tab\">\n<table border=\"1\" cellpadding=\"1\" cellspacing=\"1\" style=\"font-family: sans-serif, Arial, Verdana,\">\n<tbody>\n<tr>\n<td style=\"text-align: center\"><span><strong><span style=\"font-size: 20px\">TH\u00d4NG S\u1ed0 K\u1ef8 THU\u1eacT<\/span><\/strong><\/span><\/td>\n<\/tr>\n<\/tbody>\n<\/table>\n<p style=\"font-family: sans-serif, Arial, Verdana,\">\u00a0<\/p>\n<p style=\"font-family: sans-serif, Arial, Verdana,\"><img loading=\"lazy\" decoding=\"async\" alt=\"\" height=\"1219\" src=\"http:\/\/hogiaphat.com\/upload\/images\/CNC-HGD%20-%20H%C3%8CNH.jpg\" width=\"1709\"><\/p>\n<p style=\"font-family: sans-serif, Arial, Verdana,\">\n\u00a0<\/p>\n<\/p><\/div>\n","protected":false},"excerpt":{"rendered":"<div class=\"ndung_mota clearfix\">\n<p style=\"margin: 6pt 0cm;line-height: 24px\"><span style=\"font-size: 14px\"><span style=\"font-family: arial, helvetica, sans-serif\"><strong><span>L\u00dd DO B\u1ea0N N\u00caN CH\u1eccN CH\u00daNG T\u00d4I<\/span><\/strong><\/span><\/span><\/p>\n<p style=\"margin: 6pt 0cm;line-height: 24px\"><span style=\"font-size: 14px\"><span style=\"font-family: arial, helvetica, sans-serif\"><img loading=\"lazy\" decoding=\"async\" alt=\"\" height=\"18\" src=\"https:\/\/chocokhi.vn\/wp-content\/uploads\/2024\/03\/icon1-1.gif\" width=\"18\">M\u00e1y \u0111\u01b0\u1ee3c nh\u1eadp kh\u1ea9u nguy\u00ean chi\u1ebfc t\u1eeb<strong>\u00a0Th\u1ed5 Nh\u0129 K\u1ef3<\/strong><\/span><\/span><\/p>\n<p style=\"margin: 6pt 0cm;line-height: 24px\"><span style=\"font-size: 14px\"><span style=\"font-family: arial, helvetica, sans-serif\"><img loading=\"lazy\" decoding=\"async\" alt=\"\" height=\"18\" src=\"https:\/\/chocokhi.vn\/wp-content\/uploads\/2024\/03\/icon1-1.gif\" width=\"18\">M\u00e1y \u0111\u01b0\u1ee3c s\u1ea3n xu\u1ea5t v\u00e0 ki\u1ec3m tra nghi\u00eam\u00a0<span style=\"line-height: 14.98px\">ng\u1eb7t<\/span>\u00a0theo ch\u1ea5t l\u01b0\u1ee3ng c\u1ee7a Ch\u00e2u \u00c2u<\/span><\/span><\/p>\n<p style=\"margin: 6pt 0cm;line-height: 24px\"><span style=\"font-size: 14px\"><span style=\"font-family: arial, helvetica, sans-serif\"><img loading=\"lazy\" decoding=\"async\" alt=\"\" height=\"18\" src=\"https:\/\/chocokhi.vn\/wp-content\/uploads\/2024\/03\/icon1-1.gif\" width=\"18\">C\u00f4ng su\u1ea5t l\u1edbn, gi\u00fap ti\u1ebft ki\u1ec7m chi ph\u00ed nh\u00e2n c\u00f4ng l\u1eabn th\u1eddi gian s\u1ea3n xu\u1ea5t.<\/span><\/span><\/p>\n<p style=\"margin: 6pt 0cm;line-height: 24px\"><span style=\"font-size: 14px\"><span style=\"font-family: arial, helvetica, sans-serif\"><img loading=\"lazy\" decoding=\"async\" alt=\"\" height=\"18\" src=\"https:\/\/chocokhi.vn\/wp-content\/uploads\/2024\/03\/icon1-1.gif\" width=\"18\">Ch\u1ee9ng nh\u1eadn CO\/CQ \u0111\u1ea7y \u0111\u1ee7<\/span><\/span><\/p>\n<p style=\"margin: 6pt 0cm;line-height: 24px\"><span style=\"font-size: 14px\"><span style=\"font-family: arial, helvetica, sans-serif\"><img loading=\"lazy\" decoding=\"async\" alt=\"\" height=\"18\" src=\"https:\/\/chocokhi.vn\/wp-content\/uploads\/2024\/03\/icon1-1.gif\" width=\"18\">B\u1ea3o h\u00e0nh: 24<strong>\u00a0th\u00e1ng<\/strong><\/span><\/span><\/p>\n<p style=\"margin: 6pt 0cm;line-height: 24px\"><span style=\"font-size: 14px\"><span style=\"font-family: arial, helvetica, sans-serif\"><img loading=\"lazy\" decoding=\"async\" alt=\"\" height=\"18\" src=\"https:\/\/chocokhi.vn\/wp-content\/uploads\/2024\/03\/icon1-1.gif\" width=\"18\">T\u00ecnh tr\u1ea1ng:\u00a0<strong>S\u1ea3n xu\u1ea5t t\u1eeb 30 \u2013 45 ng\u00e0y<\/strong><\/span><\/span><\/p>\n<p style=\"margin: 6pt 0cm;line-height: 24px\"><span style=\"font-size: 14px\"><span style=\"font-family: arial, helvetica, sans-serif\"><img loading=\"lazy\" decoding=\"async\" alt=\"\" height=\"18\" src=\"https:\/\/chocokhi.vn\/wp-content\/uploads\/2024\/03\/icon1-1.gif\" width=\"18\">D\u1ecbch v\u1ee5 h\u1eadu m\u00e3i nhanh ch\u00f3ng, chuy\u00ean nghi\u1ec7p<\/span><\/span><\/p>\n<p style=\"margin: 6pt 0cm;line-height: 24px\"><span style=\"font-size: 14px\"><span style=\"font-family: arial, helvetica, sans-serif\"><img loading=\"lazy\" decoding=\"async\" alt=\"\" height=\"18\" src=\"https:\/\/chocokhi.vn\/wp-content\/uploads\/2024\/03\/icon1-1.gif\" width=\"18\">H\u1ed7 tr\u1ee3 t\u01b0 v\u1ea5n 24\/7<\/span><\/span><\/p>\n<p style=\"margin: 6pt 0cm;line-height: 24px\"><span style=\"font-size: 14px\"><span style=\"font-family: arial, helvetica, sans-serif\"><img loading=\"lazy\" decoding=\"async\" alt=\"\" height=\"18\" src=\"https:\/\/chocokhi.vn\/wp-content\/uploads\/2024\/03\/icon1-1.gif\" width=\"18\">Gi\u00e1 th\u00e0nh c\u1ea1nh tranh<\/span><\/span><\/p>\n<p style=\"margin: 6pt 0cm;line-height: 24px\"><span style=\"font-size: 14px\"><span style=\"font-family: arial, helvetica, sans-serif\"><img loading=\"lazy\" decoding=\"async\" alt=\"\" height=\"18\" src=\"https:\/\/chocokhi.vn\/wp-content\/uploads\/2024\/03\/icon1-1.gif\" width=\"18\"><strong>Giao h\u00e0ng t\u1eadn n\u01a1i<\/strong><\/span><\/span><\/p>\n<\/div>\n","protected":false},"featured_media":4954,"comment_status":"closed","ping_status":"closed","template":"","meta":[],"product_brand":[],"product_cat":[35],"product_tag":[],"class_list":{"0":"post-3080","1":"product","2":"type-product","3":"status-publish","4":"has-post-thumbnail","6":"product_cat-may-cat-ton-hgd","8":"first","9":"instock","10":"shipping-taxable","11":"product-type-simple"},"_links":{"self":[{"href":"https:\/\/chocokhi.vn\/index.php?rest_route=\/wp\/v2\/product\/3080","targetHints":{"allow":["GET"]}}],"collection":[{"href":"https:\/\/chocokhi.vn\/index.php?rest_route=\/wp\/v2\/product"}],"about":[{"href":"https:\/\/chocokhi.vn\/index.php?rest_route=\/wp\/v2\/types\/product"}],"replies":[{"embeddable":true,"href":"https:\/\/chocokhi.vn\/index.php?rest_route=%2Fwp%2Fv2%2Fcomments&post=3080"}],"wp:featuredmedia":[{"embeddable":true,"href":"https:\/\/chocokhi.vn\/index.php?rest_route=\/wp\/v2\/media\/4954"}],"wp:attachment":[{"href":"https:\/\/chocokhi.vn\/index.php?rest_route=%2Fwp%2Fv2%2Fmedia&parent=3080"}],"wp:term":[{"taxonomy":"product_brand","embeddable":true,"href":"https:\/\/chocokhi.vn\/index.php?rest_route=%2Fwp%2Fv2%2Fproduct_brand&post=3080"},{"taxonomy":"product_cat","embeddable":true,"href":"https:\/\/chocokhi.vn\/index.php?rest_route=%2Fwp%2Fv2%2Fproduct_cat&post=3080"},{"taxonomy":"product_tag","embeddable":true,"href":"https:\/\/chocokhi.vn\/index.php?rest_route=%2Fwp%2Fv2%2Fproduct_tag&post=3080"}],"curies":[{"name":"wp","href":"https:\/\/api.w.org\/{rel}","templated":true}]}}