{"id":2942,"date":"2024-03-01T08:50:48","date_gmt":"2024-03-01T08:50:48","guid":{"rendered":"https:\/\/chocokhi.vn\/san-pham\/may-han-arc-inverter-500-sd-693\/"},"modified":"2024-03-01T08:50:48","modified_gmt":"2024-03-01T08:50:48","slug":"may-han-arc-inverter-500-sd-693","status":"publish","type":"product","link":"https:\/\/chocokhi.vn\/san-pham\/may-han-arc-inverter-500-sd-693.html","title":{"rendered":"M\u00e1y H\u00e0n ARC Inverter 500 SD"},"content":{"rendered":"<\/p>\n<div class=\"tab\">\n<p>\u00a0<\/p>\n<p>\u00a0<span style=\"font-family:times new roman,times,serif\"><span style=\"font-size:18px\">\u00a0 \u00a0 \u00a0 \u00a0 \u00a0 \u00a0 \u00a0 \u00a0 \u00a0 \u00a0 \u00a0 \u00a0 \u00a0 \u00a0 \u00a0<span style=\"color:#FF0000\"><strong>\u00a0 TH\u00d4NG S\u1ed0 K\u1ef8 THU\u1eacT<\/strong><\/span><\/span><\/span><\/p>\n<p>\u00a0<\/p>\n<table border=\"0\" cellpadding=\"0\" cellspacing=\"0\" style=\"border-collapse:collapse;width:549px\" width=\"549\">\n<colgroup>\n<col style=\"width:279px\">\n<col style=\"width:271px\">\n\t<\/colgroup>\n<tbody>\n<tr style=\"height:39px\">\n<td height=\"39\" style=\"height: 39px;width: 279px\"><span style=\"font-family:times new roman,times,serif\"><span style=\"color:#FFFFFF\"><strong>Model<\/strong><\/span><\/span><\/td>\n<td style=\"width: 271px\"><span style=\"font-family:times new roman,times,serif\"><span style=\"color:#FFFFFF\"><strong>500SD<\/strong><\/span><\/span><\/td>\n<\/tr>\n<tr style=\"height:39px\">\n<td height=\"39\" style=\"height: 39px;width: 279px\"><span style=\"font-family:times new roman,times,serif\">\u0110i\u1ec7n \u00e1p v\u00e0o<\/span><\/td>\n<td style=\"width: 271px\"><span style=\"font-family:times new roman,times,serif\">\u00a0 \u00a0220\/380\/440V, 50\/60Hz, 3 pha<\/span><\/td>\n<\/tr>\n<tr style=\"height:39px\">\n<td height=\"39\" style=\"height: 39px;width: 279px\"><span style=\"font-family:times new roman,times,serif\">C\u00f4ng su\u1ea5t \u0111\u1ecbnh m\u1ee9c<\/span><\/td>\n<td style=\"width: 271px\"><span style=\"font-family:times new roman,times,serif\">\u00a0 1.7KVA<\/span><\/td>\n<\/tr>\n<tr style=\"height:39px\">\n<td height=\"39\" style=\"height: 39px;width: 279px\"><span style=\"font-family:times new roman,times,serif\">\u0110i\u1ec7n \u00e1p kh\u00f4ng t\u1ea3i<\/span><\/td>\n<td style=\"width: 271px\"><span style=\"font-family:times new roman,times,serif\">\u00a0 85V<\/span><\/td>\n<\/tr>\n<tr style=\"height:39px\">\n<td height=\"39\" style=\"height: 39px;width: 279px\"><span style=\"font-family:times new roman,times,serif\">Kho\u1ea3ng d\u00f2ng h\u00e0n<\/span><\/td>\n<td style=\"width: 271px\"><span style=\"font-family:times new roman,times,serif\">50 &#8211; 500A<\/span><\/td>\n<\/tr>\n<tr style=\"height:39px\">\n<td height=\"39\" style=\"height: 39px;width: 279px\"><span style=\"font-family:times new roman,times,serif\">\u0110i\u1ec7n \u00e1p t\u1ea3i ra<\/span><\/td>\n<td style=\"width: 271px\"><span style=\"font-family:times new roman,times,serif\">\u00a0 \u00a034V<\/span><\/td>\n<\/tr>\n<tr style=\"height:39px\">\n<td height=\"39\" style=\"height: 39px;width: 279px\"><span style=\"font-family:times new roman,times,serif\">Chu k\u00ec t\u1ea3i<\/span><\/td>\n<td style=\"width: 271px\"><span style=\"font-family:times new roman,times,serif\">\u00a0 60%<\/span><\/td>\n<\/tr>\n<tr style=\"height:39px\">\n<td height=\"39\" style=\"height: 39px;width: 279px\"><span style=\"font-family:times new roman,times,serif\">K\u00edch th\u01b0\u1edbc<\/span><\/td>\n<td style=\"width: 271px\"><span style=\"font-family:times new roman,times,serif\">\u00a0 370\u00a0 x 670 x 570mm<\/span><\/td>\n<\/tr>\n<tr style=\"height:39px\">\n<td height=\"39\" style=\"height: 39px;width: 279px\"><span style=\"font-family:times new roman,times,serif\">Tr\u1ecdng l\u01b0\u1ee3ng<\/span><\/td>\n<td style=\"width: 271px\"><span style=\"font-family:times new roman,times,serif\">\u00a048Kg<\/span><\/td>\n<\/tr>\n<\/tbody>\n<\/table><\/div>\n","protected":false},"excerpt":{"rendered":"<div class=\"ndung_mota clearfix\">\n<p style=\"margin: 0px;padding: 0px;font-family: roboto;font-size: 14px\"><span style=\"margin: 0px;padding: 0px\"><span style=\"margin: 0px;padding: 0px;font-family: arial, helvetica, sans-serif\"><span style=\"margin: 0px;padding: 0px;font-size: 16px\"><strong style=\"margin: 0px;padding: 0px\">L\u00dd DO B\u1ea0N N\u00caN CH\u1eccN CH\u00daNG T\u00d4I\u00a0<\/strong><\/span><\/span><\/span><\/p>\n<table border=\"0\" cellpadding=\"0\" cellspacing=\"0\" style=\"margin: 0px;padding: 0px;font-family: roboto;border-collapse: collapse;width: 515px\" width=\"515\">\n<colgroup style=\"margin: 0px;padding: 0px\">\n<col style=\"margin: 0px;padding: 0px;width: 515px\">\n\t<\/colgroup>\n<tbody style=\"margin: 0px;padding: 0px\">\n<tr style=\"margin: 0px;padding: 0px;height: 21px\">\n<td align=\"left\" height=\"21\" style=\"margin: 0px;padding: 0px;height: 21px;width: 515px\"><span style=\"margin: 0px;padding: 0px;font-family: arial, helvetica, sans-serif\"><span style=\"margin: 0px;padding: 0px;font-size: 14px\"><img loading=\"lazy\" decoding=\"async\" alt=\"CH\u1ee2 C\u01a0 KH\u00cd - CTY H\u1ed2 GIA PH\u00c1T\" height=\"16\" src=\"https:\/\/chocokhi.vn\/wp-content\/uploads\/2024\/03\/icon1-1.gif\" style=\"margin: 0px;padding: 0px;height: auto;max-width: 100%\" width=\"16\">\u00a0M\u00e1y \u0111\u01b0\u1ee3c nh\u1eadp kh\u1ea9u nguy\u00ean chi\u1ebfc t\u1eeb<strong style=\"margin: 0px;padding: 0px\">\u00a0H\u00e0n Qu\u1ed1c<\/strong><\/span><\/span><\/td>\n<\/tr>\n<tr style=\"margin: 0px;padding: 0px;height: 21px\">\n<td align=\"left\" height=\"21\" style=\"margin: 0px;padding: 0px;height: 21px\"><span style=\"margin: 0px;padding: 0px;font-family: arial, helvetica, sans-serif\"><span style=\"margin: 0px;padding: 0px;font-size: 14px\"><img loading=\"lazy\" decoding=\"async\" alt=\"CH\u1ee2 C\u01a0 KH\u00cd - CTY H\u1ed2 GIA PH\u00c1T\" height=\"16\" src=\"https:\/\/chocokhi.vn\/wp-content\/uploads\/2024\/03\/icon1-1.gif\" style=\"margin: 0px;padding: 0px;height: auto;max-width: 100%\" width=\"16\">M\u00e1y \u0111\u01b0\u1ee3c s\u1ea3n xu\u1ea5t v\u00e0 ki\u1ec3m tra nghi\u00eam ngo\u1eb7c<\/span><\/span><\/td>\n<\/tr>\n<tr style=\"margin: 0px;padding: 0px;height: 21px\">\n<td align=\"left\" height=\"21\" style=\"margin: 0px;padding: 0px;height: 21px\"><span style=\"margin: 0px;padding: 0px;font-family: arial, helvetica, sans-serif\"><span style=\"margin: 0px;padding: 0px;font-size: 14px\"><img loading=\"lazy\" decoding=\"async\" alt=\"CH\u1ee2 C\u01a0 KH\u00cd - CTY H\u1ed2 GIA PH\u00c1T\" height=\"16\" src=\"https:\/\/chocokhi.vn\/wp-content\/uploads\/2024\/03\/icon1-1.gif\" style=\"margin: 0px;padding: 0px;height: auto;max-width: 100%\" width=\"16\">Ch\u1ee9ng nh\u1eadn CO\/CQ \u0111\u1ea7y \u0111\u1ee7, h\u00e0ng ch\u00ednh h\u00e3ng<\/span><\/span><\/td>\n<\/tr>\n<tr style=\"margin: 0px;padding: 0px;height: 21px\">\n<td align=\"left\" height=\"21\" style=\"margin: 0px;padding: 0px;height: 21px\"><span style=\"margin: 0px;padding: 0px;font-family: arial, helvetica, sans-serif\"><span style=\"margin: 0px;padding: 0px;font-size: 14px\"><img loading=\"lazy\" decoding=\"async\" alt=\"CH\u1ee2 C\u01a0 KH\u00cd - CTY H\u1ed2 GIA PH\u00c1T\" height=\"15\" src=\"https:\/\/chocokhi.vn\/wp-content\/uploads\/2024\/03\/icon1-1.gif\" style=\"margin: 0px;padding: 0px;height: auto;max-width: 100%\" width=\"15\">\u00a0Kh\u1ea3o s\u00e1t v\u00e0 t\u01b0 v\u1ea5n c\u00e1c gi\u1ea3i ph\u00e1p t\u1ed1i \u01b0u nh\u1ea5t\u00a0<\/span><\/span><\/td>\n<\/tr>\n<tr style=\"margin: 0px;padding: 0px;height: 21px\">\n<td align=\"left\" height=\"21\" style=\"margin: 0px;padding: 0px;height: 21px\"><span style=\"margin: 0px;padding: 0px;font-family: arial, helvetica, sans-serif\"><span style=\"margin: 0px;padding: 0px;font-size: 14px\"><img loading=\"lazy\" decoding=\"async\" alt=\"CH\u1ee2 C\u01a0 KH\u00cd - CTY H\u1ed2 GIA PH\u00c1T\" height=\"15\" src=\"https:\/\/chocokhi.vn\/wp-content\/uploads\/2024\/03\/icon1-1.gif\" style=\"margin: 0px;padding: 0px;height: auto;max-width: 100%\" width=\"15\">\u00a0B\u1ea3o h\u00e0nh :\u00a0<strong style=\"margin: 0px;padding: 0px\">12 th\u00e1ng<\/strong><\/span><\/span><\/td>\n<\/tr>\n<tr style=\"margin: 0px;padding: 0px;height: 23px\">\n<td align=\"left\" height=\"23\" style=\"margin: 0px;padding: 0px;height: 23px;width: 515px\"><span style=\"margin: 0px;padding: 0px;font-family: arial, helvetica, sans-serif\"><span style=\"margin: 0px;padding: 0px;font-size: 14px\"><img loading=\"lazy\" decoding=\"async\" alt=\"CH\u1ee2 C\u01a0 KH\u00cd - CTY H\u1ed2 GIA PH\u00c1T\" height=\"15\" src=\"https:\/\/chocokhi.vn\/wp-content\/uploads\/2024\/03\/icon1-1.gif\" style=\"margin: 0px;padding: 0px;height: auto;max-width: 100%\" width=\"15\">\u00a0T\u00ecnh tr\u1ea1ng:\u00a0<strong style=\"margin: 0px;padding: 0px\">S\u1ea3n xu\u1ea5t t\u1eeb 30 &#8211; 45 ng\u00e0y<\/strong><\/span><\/span><\/td>\n<\/tr>\n<tr style=\"margin: 0px;padding: 0px;height: 23px\">\n<td align=\"left\" height=\"23\" style=\"margin: 0px;padding: 0px;height: 23px;width: 515px\"><span style=\"margin: 0px;padding: 0px;font-family: arial, helvetica, sans-serif\"><span style=\"margin: 0px;padding: 0px;font-size: 14px\"><img loading=\"lazy\" decoding=\"async\" alt=\"CH\u1ee2 C\u01a0 KH\u00cd - CTY H\u1ed2 GIA PH\u00c1T\" height=\"15\" src=\"https:\/\/chocokhi.vn\/wp-content\/uploads\/2024\/03\/icon1-1.gif\" style=\"margin: 0px;padding: 0px;height: auto;max-width: 100%\" width=\"15\">\u00a0D\u1ecbch v\u1ee5 h\u1eadu m\u00e3i nhanh ch\u00f3ng chuy\u00ean nghi\u1ec7p<\/span><\/span><\/td>\n<\/tr>\n<tr style=\"margin: 0px;padding: 0px;height: 23px\">\n<td align=\"left\" height=\"23\" style=\"margin: 0px;padding: 0px;height: 23px;width: 515px\"><span style=\"margin: 0px;padding: 0px;font-family: arial, helvetica, sans-serif\"><span style=\"margin: 0px;padding: 0px;font-size: 14px\"><img loading=\"lazy\" decoding=\"async\" alt=\"CH\u1ee2 C\u01a0 KH\u00cd - CTY H\u1ed2 GIA PH\u00c1T\" height=\"16\" src=\"https:\/\/chocokhi.vn\/wp-content\/uploads\/2024\/03\/icon1-1.gif\" style=\"margin: 0px;padding: 0px;height: auto;max-width: 100%\" width=\"16\">\u00a0Linh ki\u1ec7n lu\u00f4n c\u00f3 s\u1eb5n \u0111\u1ec3 \u0111\u00e1p \u1ee9ng nhu c\u1ea7u thay th\u1ebf<\/span><\/span><\/td>\n<\/tr>\n<tr style=\"margin: 0px;padding: 0px;height: 23px\">\n<td align=\"left\" height=\"23\" style=\"margin: 0px;padding: 0px;height: 23px;width: 515px\"><span style=\"margin: 0px;padding: 0px;font-family: arial, helvetica, sans-serif\"><span style=\"margin: 0px;padding: 0px;font-size: 14px\"><img loading=\"lazy\" decoding=\"async\" alt=\"CH\u1ee2 C\u01a0 KH\u00cd - CTY H\u1ed2 GIA PH\u00c1T\" height=\"15\" src=\"https:\/\/chocokhi.vn\/wp-content\/uploads\/2024\/03\/icon1-1.gif\" style=\"margin: 0px;padding: 0px;height: auto;max-width: 100%\" width=\"15\">\u00a0H\u1ed7 tr\u1ee3 t\u01b0 v\u1ea5n 24\/7, uy t\u00edn, trung th\u1ef1c<\/span><\/span><\/td>\n<\/tr>\n<tr style=\"margin: 0px;padding: 0px;height: 23px\">\n<td align=\"left\" height=\"23\" style=\"margin: 0px;padding: 0px;height: 23px;width: 515px\"><span style=\"margin: 0px;padding: 0px;font-family: arial, helvetica, sans-serif\"><span style=\"margin: 0px;padding: 0px;font-size: 14px\"><img loading=\"lazy\" decoding=\"async\" alt=\"CH\u1ee2 C\u01a0 KH\u00cd - CTY H\u1ed2 GIA PH\u00c1T\" height=\"16\" src=\"https:\/\/chocokhi.vn\/wp-content\/uploads\/2024\/03\/icon1-1.gif\" style=\"margin: 0px;padding: 0px;height: auto;max-width: 100%\" width=\"16\"><\/span><\/span><span style=\"margin: 0px;padding: 0px;font-family: arial, helvetica, sans-serif;font-size: 14px\">\u00a0Gi\u00e1 th\u00e0nh c\u1ea1nh tranh nh\u1ea5t<\/span><\/td>\n<\/tr>\n<tr style=\"margin: 0px;padding: 0px;height: 23px\">\n<td align=\"left\" height=\"23\" style=\"margin: 0px;padding: 0px;height: 23px;width: 515px\"><span style=\"margin: 0px;padding: 0px;font-family: arial, helvetica, sans-serif\"><span style=\"margin: 0px;padding: 0px;font-size: 14px\"><img loading=\"lazy\" decoding=\"async\" alt=\"CH\u1ee2 C\u01a0 KH\u00cd - CTY H\u1ed2 GIA PH\u00c1T\" height=\"16\" src=\"https:\/\/chocokhi.vn\/wp-content\/uploads\/2024\/03\/icon1-1.gif\" style=\"margin: 0px;padding: 0px;height: auto;max-width: 100%\" width=\"16\"><\/span><\/span><strong style=\"margin: 0px;padding: 0px\"><span style=\"margin: 0px;padding: 0px;font-family: arial, helvetica, sans-serif;font-size: 14px\">Giao h\u00e0ng mi\u1ec5n ph\u00ed<\/span><\/strong><\/td>\n<\/tr>\n<\/tbody>\n<\/table>\n<\/div>\n","protected":false},"featured_media":4856,"comment_status":"closed","ping_status":"closed","template":"","meta":[],"product_brand":[],"product_cat":[64],"product_tag":[],"class_list":{"0":"post-2942","1":"product","2":"type-product","3":"status-publish","4":"has-post-thumbnail","6":"product_cat-may-han-ho-quang-arc-inverter","8":"first","9":"instock","10":"shipping-taxable","11":"product-type-simple"},"_links":{"self":[{"href":"https:\/\/chocokhi.vn\/index.php?rest_route=\/wp\/v2\/product\/2942","targetHints":{"allow":["GET"]}}],"collection":[{"href":"https:\/\/chocokhi.vn\/index.php?rest_route=\/wp\/v2\/product"}],"about":[{"href":"https:\/\/chocokhi.vn\/index.php?rest_route=\/wp\/v2\/types\/product"}],"replies":[{"embeddable":true,"href":"https:\/\/chocokhi.vn\/index.php?rest_route=%2Fwp%2Fv2%2Fcomments&post=2942"}],"wp:featuredmedia":[{"embeddable":true,"href":"https:\/\/chocokhi.vn\/index.php?rest_route=\/wp\/v2\/media\/4856"}],"wp:attachment":[{"href":"https:\/\/chocokhi.vn\/index.php?rest_route=%2Fwp%2Fv2%2Fmedia&parent=2942"}],"wp:term":[{"taxonomy":"product_brand","embeddable":true,"href":"https:\/\/chocokhi.vn\/index.php?rest_route=%2Fwp%2Fv2%2Fproduct_brand&post=2942"},{"taxonomy":"product_cat","embeddable":true,"href":"https:\/\/chocokhi.vn\/index.php?rest_route=%2Fwp%2Fv2%2Fproduct_cat&post=2942"},{"taxonomy":"product_tag","embeddable":true,"href":"https:\/\/chocokhi.vn\/index.php?rest_route=%2Fwp%2Fv2%2Fproduct_tag&post=2942"}],"curies":[{"name":"wp","href":"https:\/\/api.w.org\/{rel}","templated":true}]}}